{"id":8826,"date":"2021-10-29T11:35:17","date_gmt":"2021-10-29T11:35:17","guid":{"rendered":"http:\/\/hzcork.com\/?post_type=product&#038;p=8826"},"modified":"2021-11-25T18:37:36","modified_gmt":"2021-11-25T10:37:36","slug":"natural-portuguese-classic-cork-backpack","status":"publish","type":"product","link":"https:\/\/hzcork.com\/tr\/natural-portuguese-classic-cork-backpack\/","title":{"rendered":"K\u0131zlar \u0130\u00e7in Do\u011fal Portekiz Klasik Mantar S\u0131rt \u00c7antas\u0131"},"content":{"rendered":"<p>Vurgula:<\/p>\n<ul>\n<li>Hassas i\u015f\u00e7ilikle el yap\u0131m\u0131<\/li>\n<li>Mantar + Vegan deri, 100% hayvan i\u00e7ermez.<\/li>\n<li>Biyolojik olarak par\u00e7alanabilir+s\u00fcrd\u00fcr\u00fclebilir malzeme<\/li>\n<li>hem benzersiz tasar\u0131m\u0131 hem de \u00e7evreye g\u00f6sterdi\u011finiz \u00f6zen bilincini birle\u015ftirir<\/li>\n<\/ul>","protected":false},"excerpt":{"rendered":"<p>Bu, bayanlar\u0131n g\u00fcn\u00fcm\u00fcz\u00fcn g\u00fcnl\u00fck ya\u015fam\u0131nda seyahat, i\u015f, okul veya benzeri tarzlarda kullanmalar\u0131 i\u00e7in iyi tasarlanm\u0131\u015f ve g\u00fczel bir s\u0131rt \u00e7antas\u0131d\u0131r.<br \/>\n\u00dcretilmi\u015ftir: Mantar dokulu y\u00fcksek kaliteli PU deri, iyi g\u00f6vde \u015fekli<br \/>\n\u0130\u00e7 k\u0131s\u0131m: 100% pamuk astar.<\/p>\n<p>Boyut (yakla\u015f\u0131k): L = 27cm, H = 28cm, D = 14cm<\/p>\n<p>\u0130lave: Ayarlanabilir omuz ask\u0131lar\u0131<\/p>","protected":false},"featured_media":8827,"template":"","meta":[],"product_brand":[],"product_cat":[163],"product_tag":[254,250,255],"class_list":{"0":"post-8826","1":"product","2":"type-product","3":"status-publish","4":"has-post-thumbnail","6":"product_cat-cork-backpack","7":"product_tag-classic-cork-backpack","8":"product_tag-cork-backpack","9":"product_tag-portugal-cork-backpack","11":"first","12":"instock","13":"shipping-taxable","14":"product-type-simple"},"_links":{"self":[{"href":"https:\/\/hzcork.com\/tr\/wp-json\/wp\/v2\/product\/8826","targetHints":{"allow":["GET"]}}],"collection":[{"href":"https:\/\/hzcork.com\/tr\/wp-json\/wp\/v2\/product"}],"about":[{"href":"https:\/\/hzcork.com\/tr\/wp-json\/wp\/v2\/types\/product"}],"version-history":[{"count":0,"href":"https:\/\/hzcork.com\/tr\/wp-json\/wp\/v2\/product\/8826\/revisions"}],"wp:featuredmedia":[{"embeddable":true,"href":"https:\/\/hzcork.com\/tr\/wp-json\/wp\/v2\/media\/8827"}],"wp:attachment":[{"href":"https:\/\/hzcork.com\/tr\/wp-json\/wp\/v2\/media?parent=8826"}],"wp:term":[{"taxonomy":"product_brand","embeddable":true,"href":"https:\/\/hzcork.com\/tr\/wp-json\/wp\/v2\/product_brand?post=8826"},{"taxonomy":"product_cat","embeddable":true,"href":"https:\/\/hzcork.com\/tr\/wp-json\/wp\/v2\/product_cat?post=8826"},{"taxonomy":"product_tag","embeddable":true,"href":"https:\/\/hzcork.com\/tr\/wp-json\/wp\/v2\/product_tag?post=8826"}],"curies":[{"name":"wp","href":"https:\/\/api.w.org\/{rel}","templated":true}]}}