{"id":8302,"date":"2021-09-20T05:47:04","date_gmt":"2021-09-20T05:47:04","guid":{"rendered":"http:\/\/hzcork.com\/?post_type=product&#038;p=8302"},"modified":"2021-09-28T09:02:28","modified_gmt":"2021-09-28T09:02:28","slug":"fashion-cork-women-bag-fresh-green","status":"publish","type":"product","link":"https:\/\/hzcork.com\/tr\/fashion-cork-women-bag-fresh-green\/","title":{"rendered":"moda mantar kadin \u00e7antasi taze ye\u015fi\u0307l"},"content":{"rendered":"<p>S1, Mantar el \u00e7antalar\u0131 dayan\u0131kl\u0131 m\u0131d\u0131r?<\/p>\n<p>Mantar\u0131n bal pete\u011fi h\u00fccre yap\u0131s\u0131 onu m\u00fckemmel bir yal\u0131tkan yapar: termal ve akustik olarak. Mantar\u0131n y\u00fcksek s\u00fcrt\u00fcnme katsay\u0131s\u0131 ayn\u0131 zamanda \u015fu anlama gelir <b>d\u00fczenli s\u00fcrt\u00fcnme ve a\u015f\u0131nman\u0131n oldu\u011fu durumlarda dayan\u0131kl\u0131d\u0131r<\/b>. Bu y\u00fczden mantar NASA i\u00e7in bile tercih edilen bir malzemedir.<\/p>\n<p>S2, Mantar el \u00e7antalar\u0131 ne kadar dayan\u0131r?<\/p>\n<p>Bildi\u011finiz gibi mantar \u00e7antalar\u0131n en \u00f6nemli par\u00e7as\u0131 mantar kuma\u015f, astar ve donan\u0131md\u0131r. Mantar kuma\u015f dayan\u0131kl\u0131d\u0131r, kulland\u0131\u011f\u0131m\u0131z donan\u0131m \u00e7ok sa\u011flamd\u0131r, bu nedenle size dayan\u0131rlar <b>bir \u00f6m\u00fcr boyu<\/b>g\u00fcnl\u00fck olarak ta\u015f\u0131san\u0131z bile. Ayr\u0131ca m\u00fckemmel \u015fekli korumak i\u00e7in i\u00e7inde yumu\u015fak dolgu kullan\u0131yoruz.<\/p>\n<p>S3, Mantar el \u00e7antalar\u0131n\u0131n bak\u0131m\u0131 nas\u0131l yap\u0131l\u0131r?<\/p>\n<p>Mantar torbalar\u0131 temiz tutmak kolay olabilir, sadece <b>k\u00fc\u00e7\u00fck bir el havlusunu \u0131l\u0131k suya bat\u0131r\u0131n<\/b> (biraz yumu\u015fak sabunla kar\u0131\u015ft\u0131r\u0131n) ve mantar y\u00fczeyindeki lekeleri veya siyah izleri ovalay\u0131n.<\/p>\n<p>S4, mantar el \u00e7antalar\u0131n\u0131 y\u0131kayabilir miyim, su ge\u00e7irmez mi?<\/p>\n<p>Evet, mantar su ge\u00e7irmezdir, korkmadan \u0131slatabilirsiniz. \u015earap t\u0131pas\u0131n\u0131 d\u00fc\u015f\u00fcn\u00fcn. Ancak mantar po\u015fetleri uzun s\u00fcre suya veya \u00e7ama\u015f\u0131r makinesine dald\u0131rman\u0131z\u0131 \u00f6nermiyoruz.<\/p>\n<p>Mantar kuma\u015f\u0131 bir tekstil altl\u0131\u011f\u0131na yap\u0131\u015ft\u0131\u011f\u0131 i\u00e7in tutkal su bazl\u0131yd\u0131.<\/p>","protected":false},"excerpt":{"rendered":"<p>100% hayvans\u0131z vegan deri, do\u011fal ve FSC sertifikal\u0131 mantar kuma\u015ftan el yap\u0131m\u0131 kalp \u015feklinde mantar \u00e7anta.<\/p>\n<p>hem benzersiz moda tasar\u0131m\u0131n\u0131 hem de \u00e7evre bilincini bir araya getiriyor.<\/p>\n<ul>\n<li>tek kat\u0131 omuz ask\u0131lar\u0131 (uzunlu\u011fu ayarlanabilir)<\/li>\n<li>bir adet manyetik d\u00fc\u011fmeli \u00f6zel zarf kapa\u011f\u0131.<\/li>\n<li>\u0130\u00e7 k\u0131s\u0131m: 1 fermuarl\u0131 cep, 1 s\u00fcrg\u00fcl\u00fc cep, i\u00e7 k\u0131s\u0131mda b\u00fcy\u00fck hacim, c\u00fczdanlar, cep telefonu, anahtarlar, d\u0131\u015far\u0131 \u00e7\u0131kmak i\u00e7in gerekli her \u015feyi i\u00e7erebilir.<\/li>\n<li>kozmetik \u00e7antas\u0131 olarak kullan\u0131labilir.<\/li>\n<li>d\u0131\u015f: yumu\u015fak dolgulu s\u00fcrd\u00fcr\u00fclebilir do\u011fal mantar kuma\u015f, 1 yan cep.<\/li>\n<li>Astar: 100% pamuklu kuma\u015f<\/li>\n<li>donan\u0131m: fermuar, D halkas\u0131, toka dahil olmak \u00fczere y\u00fcksek kaliteli ve sa\u011flam donan\u0131m.<\/li>\n<\/ul>\n<p>- Portekiz mantar\u0131 ile \u00c7in'de \u00fcretilen \u00fcr\u00fcn<\/p>\n<p>- \u00c7evre Dostu, dayan\u0131kl\u0131, geri d\u00f6n\u00fc\u015ft\u00fcr\u00fclebilir ve yumu\u015fak dokunu\u015flu<\/p>\n<p><strong>B\u00fcy\u00fck se\u00e7im i\u00e7in farkl\u0131 desenler ve renkler. \u00d6zel tasar\u0131ml\u0131 OEM memnuniyetle kar\u015f\u0131lanmaktad\u0131r.<\/strong><\/p>\n<p><strong>K\u00fc\u00e7\u00fck MOQ, h\u0131zl\u0131 teslimat, karma\u015f\u0131k yap\u0131 mevcuttur. Renk solmas\u0131 sorunu olmadan.<\/strong><\/p>\n<p>Boyut: 20X18X10CM (kal\u0131n).<\/p>","protected":false},"featured_media":8480,"template":"","meta":[],"product_brand":[],"product_cat":[149,148,162],"product_tag":[171,205,203,198,169,172,170,228],"class_list":{"0":"post-8302","1":"product","2":"type-product","3":"status-publish","4":"has-post-thumbnail","6":"product_cat-cork-handbags","7":"product_cat-cork-bags","8":"product_cat-cork-crossbody-bags","9":"product_tag-cork-bags","10":"product_tag-cork-carrying-bag","11":"product_tag-cork-cosmetic-bag","12":"product_tag-cork-crossbody-bag","13":"product_tag-cork-handbag","14":"product_tag-cork-shoulder-bag","15":"product_tag-cork-tote-bag","16":"product_tag-cork-women-bag","18":"first","19":"instock","20":"shipping-taxable","21":"product-type-simple"},"_links":{"self":[{"href":"https:\/\/hzcork.com\/tr\/wp-json\/wp\/v2\/product\/8302","targetHints":{"allow":["GET"]}}],"collection":[{"href":"https:\/\/hzcork.com\/tr\/wp-json\/wp\/v2\/product"}],"about":[{"href":"https:\/\/hzcork.com\/tr\/wp-json\/wp\/v2\/types\/product"}],"version-history":[{"count":0,"href":"https:\/\/hzcork.com\/tr\/wp-json\/wp\/v2\/product\/8302\/revisions"}],"wp:featuredmedia":[{"embeddable":true,"href":"https:\/\/hzcork.com\/tr\/wp-json\/wp\/v2\/media\/8480"}],"wp:attachment":[{"href":"https:\/\/hzcork.com\/tr\/wp-json\/wp\/v2\/media?parent=8302"}],"wp:term":[{"taxonomy":"product_brand","embeddable":true,"href":"https:\/\/hzcork.com\/tr\/wp-json\/wp\/v2\/product_brand?post=8302"},{"taxonomy":"product_cat","embeddable":true,"href":"https:\/\/hzcork.com\/tr\/wp-json\/wp\/v2\/product_cat?post=8302"},{"taxonomy":"product_tag","embeddable":true,"href":"https:\/\/hzcork.com\/tr\/wp-json\/wp\/v2\/product_tag?post=8302"}],"curies":[{"name":"wp","href":"https:\/\/api.w.org\/{rel}","templated":true}]}}