{"id":7457,"date":"2021-09-16T05:47:11","date_gmt":"2021-09-16T05:47:11","guid":{"rendered":"http:\/\/hzcork.com\/?post_type=product&#038;p=7457"},"modified":"2021-10-19T09:01:48","modified_gmt":"2021-10-19T09:01:48","slug":"black-rainbow-cork-card-holder","status":"publish","type":"product","link":"https:\/\/hzcork.com\/tr\/black-rainbow-cork-card-holder\/","title":{"rendered":"Siyah G\u00f6kku\u015fa\u011f\u0131 Mantar Kartl\u0131k"},"content":{"rendered":"<p>S1, Mantar dayan\u0131kl\u0131 m\u0131d\u0131r?<\/p>\n<p>Mantar\u0131n bal pete\u011fi h\u00fccre yap\u0131s\u0131 onu m\u00fckemmel bir yal\u0131tkan yapar: termal ve akustik olarak. \u00c7atlamaz veya par\u00e7alanmaz, asl\u0131nda mantar kuma\u015f \u00fcr\u00fcnlerinin kalitesi ve esnekli\u011fi deri \u00fcr\u00fcnlerinkiyle kar\u015f\u0131la\u015ft\u0131r\u0131labilir.<\/p>\n<p>S2, Mantar el \u00e7antalar\u0131 ne kadar dayan\u0131r?<\/p>\n<p>Bildi\u011finiz gibi mantar \u00e7antalar\u0131n en \u00f6nemli par\u00e7as\u0131 mantar kuma\u015f, astar ve donan\u0131md\u0131r. Mantar kuma\u015f dayan\u0131kl\u0131d\u0131r, kulland\u0131\u011f\u0131m\u0131z donan\u0131m \u00e7ok sa\u011flamd\u0131r, bu nedenle size dayan\u0131rlar <b>bir \u00f6m\u00fcr boyu<\/b>g\u00fcnl\u00fck olarak ta\u015f\u0131san\u0131z bile. Ayr\u0131ca m\u00fckemmel \u015fekli korumak i\u00e7in i\u00e7inde yumu\u015fak dolgu kullan\u0131yoruz.<\/p>\n<p>S3, Mantar \u00e7anta ve c\u00fczdanlar\u0131n bak\u0131m\u0131 nas\u0131l yap\u0131l\u0131r?<\/p>\n<p>Mantar torbalar\u0131 temiz tutmak kolay olabilir, sadece <b>k\u00fc\u00e7\u00fck bir el havlusunu \u0131l\u0131k suya bat\u0131r\u0131n<\/b> (biraz yumu\u015fak sabunla kar\u0131\u015ft\u0131r\u0131n) ve mantar y\u00fczeyindeki lekeleri veya siyah izleri ovalay\u0131n.<\/p>\n<p>S4, mantar el \u00e7antalar\u0131n\u0131 y\u0131kayabilir miyim, su ge\u00e7irmez mi?<\/p>\n<p>Evet, mantar su ge\u00e7irmezdir, korkmadan \u0131slatabilirsiniz. \u015earap t\u0131pas\u0131n\u0131 d\u00fc\u015f\u00fcn\u00fcn. Ancak mantar po\u015fetleri uzun s\u00fcre suya veya \u00e7ama\u015f\u0131r makinesine dald\u0131rman\u0131z\u0131 \u00f6nermiyoruz.<\/p>\n<p>Mantar kuma\u015f\u0131 bir tekstil altl\u0131\u011f\u0131na yap\u0131\u015ft\u0131\u011f\u0131 i\u00e7in tutkal su bazl\u0131yd\u0131.<\/p>","protected":false},"excerpt":{"rendered":"<p>Mantar kartl\u0131k yumu\u015fak dokunu\u015flu, g\u00f6kku\u015fa\u011f\u0131 parlakl\u0131\u011f\u0131nda beneklere sahip, zul\u00fcm i\u00e7ermeyen mantar kuma\u015ftan vegan deri ile el i\u015f\u00e7ili\u011fi ile \u00fcretilmi\u015ftir. Mantar kartl\u0131k, kredi kartlar\u0131n\u0131z, kartvizitleriniz ve nakit paran\u0131z i\u00e7in ak\u0131ll\u0131ca bir tutucudur. Kolay ta\u015f\u0131n\u0131r. Se\u00e7iminiz i\u00e7in b\u00fcy\u00fck renk setlerimiz var, bu vegan kart k\u0131l\u0131f\u0131 c\u00fczdan\u0131 d\u0131\u015far\u0131 \u00e7\u0131karken g\u00fcvenebilece\u011finiz bir zorunluluktur.<\/p>\n<p><strong>\u00d6zellikler: <\/strong><\/p>\n<ul>\n<li>5 Kredi Kart\u0131 Yuvas\u0131 (2 \u00f6n + 3 arka)<\/li>\n<li>Katlanm\u0131\u015f nakit ve banknotlar i\u00e7in orta cep<\/li>\n<li>RFID g\u00fcvenli<\/li>\n<li>Orta cebin i\u00e7inde katlan\u0131r naylon kay\u0131\u015f, nakit para \u00e7\u0131karmak kolay<\/li>\n<li>Boyut: 100 x 80 x 5 (mm)<\/li>\n<\/ul>\n<p>&nbsp;<\/p>","protected":false},"featured_media":8099,"template":"","meta":[],"product_brand":[],"product_cat":[148,161,150],"product_tag":[196,190,189,186,184,195,183,185,191,192,193,197,187,194,188],"class_list":{"0":"post-7457","1":"product","2":"type-product","3":"status-publish","4":"has-post-thumbnail","6":"product_cat-cork-bags","7":"product_cat-cork-purse","8":"product_cat-cork-wallets","9":"product_tag-buiness-card-holder","10":"product_tag-business-card-case","11":"product_tag-cork-business-card-case","12":"product_tag-cork-card-case","13":"product_tag-cork-card-holder","14":"product_tag-cork-card-wallet","15":"product_tag-cork-cardholder","16":"product_tag-cork-coin-purse","17":"product_tag-cork-name-card-case","18":"product_tag-cork-name-card-holder","19":"product_tag-cork-pocket","20":"product_tag-credit-card-holder","21":"product_tag-credit-card-wallet","22":"product_tag-vegan-card-case","23":"product_tag-vegan-leather-wallet","25":"first","26":"instock","27":"shipping-taxable","28":"product-type-simple"},"_links":{"self":[{"href":"https:\/\/hzcork.com\/tr\/wp-json\/wp\/v2\/product\/7457","targetHints":{"allow":["GET"]}}],"collection":[{"href":"https:\/\/hzcork.com\/tr\/wp-json\/wp\/v2\/product"}],"about":[{"href":"https:\/\/hzcork.com\/tr\/wp-json\/wp\/v2\/types\/product"}],"version-history":[{"count":0,"href":"https:\/\/hzcork.com\/tr\/wp-json\/wp\/v2\/product\/7457\/revisions"}],"wp:featuredmedia":[{"embeddable":true,"href":"https:\/\/hzcork.com\/tr\/wp-json\/wp\/v2\/media\/8099"}],"wp:attachment":[{"href":"https:\/\/hzcork.com\/tr\/wp-json\/wp\/v2\/media?parent=7457"}],"wp:term":[{"taxonomy":"product_brand","embeddable":true,"href":"https:\/\/hzcork.com\/tr\/wp-json\/wp\/v2\/product_brand?post=7457"},{"taxonomy":"product_cat","embeddable":true,"href":"https:\/\/hzcork.com\/tr\/wp-json\/wp\/v2\/product_cat?post=7457"},{"taxonomy":"product_tag","embeddable":true,"href":"https:\/\/hzcork.com\/tr\/wp-json\/wp\/v2\/product_tag?post=7457"}],"curies":[{"name":"wp","href":"https:\/\/api.w.org\/{rel}","templated":true}]}}