{"id":15495,"date":"2022-08-16T17:03:08","date_gmt":"2022-08-16T09:03:08","guid":{"rendered":"http:\/\/hzcork.com\/?post_type=product&#038;p=15495"},"modified":"2022-08-16T17:03:09","modified_gmt":"2022-08-16T09:03:09","slug":"cork-printed-geometric-crossbody-bag","status":"publish","type":"product","link":"https:\/\/hzcork.com\/tr\/cork-printed-geometric-crossbody-bag\/","title":{"rendered":"Mantar Bask\u0131l\u0131 Geometrik \u00c7apraz \u00c7anta"},"content":{"rendered":"<p>S1, Mantar el \u00e7antalar\u0131 dayan\u0131kl\u0131 m\u0131d\u0131r?<\/p>\n<p>Mantar\u0131n bal pete\u011fi h\u00fccre yap\u0131s\u0131 onu m\u00fckemmel bir yal\u0131tkan yapar: termal ve akustik olarak. Mantar\u0131n y\u00fcksek s\u00fcrt\u00fcnme katsay\u0131s\u0131 ayn\u0131 zamanda \u015fu anlama gelir <b>d\u00fczenli s\u00fcrt\u00fcnme ve a\u015f\u0131nman\u0131n oldu\u011fu durumlarda dayan\u0131kl\u0131d\u0131r<\/b>. Bu y\u00fczden mantar NASA i\u00e7in bile tercih edilen bir malzemedir.<\/p>\n<p>S2, Mantar el \u00e7antalar\u0131 ne kadar dayan\u0131r?<\/p>\n<p>Bildi\u011finiz gibi mantar \u00e7antalar\u0131n en \u00f6nemli par\u00e7as\u0131 mantar kuma\u015f, astar ve donan\u0131md\u0131r. Mantar kuma\u015f dayan\u0131kl\u0131d\u0131r, kulland\u0131\u011f\u0131m\u0131z donan\u0131m \u00e7ok sa\u011flamd\u0131r, bu y\u00fczden size dayan\u0131rlar <b>bir \u00f6m\u00fcr boyu<\/b>g\u00fcnl\u00fck olarak ta\u015f\u0131san\u0131z bile. Ayr\u0131ca m\u00fckemmel \u015fekli korumak i\u00e7in i\u00e7inde yumu\u015fak dolgu kullan\u0131yoruz.<\/p>\n<p>S3, Mantar el \u00e7antalar\u0131n\u0131n bak\u0131m\u0131 nas\u0131l yap\u0131l\u0131r?<\/p>\n<p>Mantar torbalar\u0131 temiz tutmak kolay olabilir, sadece <b>k\u00fc\u00e7\u00fck bir el havlusunu \u0131l\u0131k suya bat\u0131r\u0131n<\/b> (biraz yumu\u015fak sabunla kar\u0131\u015ft\u0131r\u0131n) ve mantar y\u00fczeyindeki lekeleri veya siyah izleri ovalay\u0131n.<\/p>\n<p>S4, mantar el \u00e7antalar\u0131n\u0131 y\u0131kayabilir miyim, su ge\u00e7irmez mi?<\/p>\n<p>Evet, mantar su ge\u00e7irmezdir, korkmadan \u0131slatabilirsiniz. \u015earap t\u0131pas\u0131n\u0131 d\u00fc\u015f\u00fcn\u00fcn. Ancak mantar po\u015fetleri uzun s\u00fcre suya veya \u00e7ama\u015f\u0131r makinesine dald\u0131rman\u0131z\u0131 \u00f6nermiyoruz.<\/p>\n<p>Mantar kuma\u015f\u0131 bir tekstil altl\u0131\u011f\u0131na yap\u0131\u015ft\u0131\u011f\u0131 i\u00e7in tutkal su bazl\u0131yd\u0131.<\/p>","protected":false},"excerpt":{"rendered":"<p>Bu \u00e7anta do\u011fal olarak hipoalerjenik, antibakteriyel, su ge\u00e7irmez, hafif, dayan\u0131kl\u0131 ve biyolojik olarak par\u00e7alanabilir mantardan Portekiz'de el yap\u0131m\u0131d\u0131r ve zul\u00fcm ve vegan i\u00e7ermez. Fermuarl\u0131 cep b\u00f6lmeli b\u00fcy\u00fck bir b\u00f6lmesi, fermuarl\u0131 i\u00e7 cebi, i\u00e7 a\u00e7\u0131k cebi ve ayarlanabilir omuz ask\u0131s\u0131 vard\u0131r.<\/p>\n<p>- 100% hayvan i\u00e7ermez, PETA onayl\u0131 vegan<\/p>\n<p>- Do\u011fal, FSC sertifikal\u0131 mantar<\/p>\n<p>- Portekiz mantar\u0131 ile \u00c7in'de \u00fcretilen \u00fcr\u00fcn<\/p>\n<p>- \u00c7evre Dostu, dayan\u0131kl\u0131, geri d\u00f6n\u00fc\u015ft\u00fcr\u00fclebilir ve yumu\u015fak dokunu\u015flu<\/p>\n<p><strong>B\u00fcy\u00fck se\u00e7im i\u00e7in farkl\u0131 desenler ve renkler. \u00d6zel tasar\u0131ml\u0131 OEM memnuniyetle kar\u015f\u0131lanmaktad\u0131r.<\/strong><\/p>\n<p><strong>K\u00fc\u00e7\u00fck MOQ, h\u0131zl\u0131 teslimat ve karma\u015f\u0131k yap\u0131 mevcuttur. Renk solmas\u0131 sorunu olmadan.<\/strong><\/p>\n<p>\u00d6zellikler:<\/p>\n<p>Malzeme 100% do\u011fal mantar<br \/>\nRenk: do\u011fal, geometrik desenli patchwork<br \/>\n\u0130\u00e7inde ayarlanabilir uzun omuz ask\u0131s\u0131 ile fermuarl\u0131 bir kapak vard\u0131r<br \/>\n\u00c7anta tekstil astarl\u0131d\u0131r<br \/>\nBak\u0131m: sadece \u0131l\u0131k su ve yumu\u015fak sabun ile topikal temizlik<\/p>","protected":false},"featured_media":15496,"template":"","meta":[],"product_brand":[],"product_cat":[162],"product_tag":[198],"class_list":{"0":"post-15495","1":"product","2":"type-product","3":"status-publish","4":"has-post-thumbnail","6":"product_cat-cork-crossbody-bags","7":"product_tag-cork-crossbody-bag","9":"first","10":"instock","11":"shipping-taxable","12":"product-type-simple"},"_links":{"self":[{"href":"https:\/\/hzcork.com\/tr\/wp-json\/wp\/v2\/product\/15495","targetHints":{"allow":["GET"]}}],"collection":[{"href":"https:\/\/hzcork.com\/tr\/wp-json\/wp\/v2\/product"}],"about":[{"href":"https:\/\/hzcork.com\/tr\/wp-json\/wp\/v2\/types\/product"}],"version-history":[{"count":0,"href":"https:\/\/hzcork.com\/tr\/wp-json\/wp\/v2\/product\/15495\/revisions"}],"wp:featuredmedia":[{"embeddable":true,"href":"https:\/\/hzcork.com\/tr\/wp-json\/wp\/v2\/media\/15496"}],"wp:attachment":[{"href":"https:\/\/hzcork.com\/tr\/wp-json\/wp\/v2\/media?parent=15495"}],"wp:term":[{"taxonomy":"product_brand","embeddable":true,"href":"https:\/\/hzcork.com\/tr\/wp-json\/wp\/v2\/product_brand?post=15495"},{"taxonomy":"product_cat","embeddable":true,"href":"https:\/\/hzcork.com\/tr\/wp-json\/wp\/v2\/product_cat?post=15495"},{"taxonomy":"product_tag","embeddable":true,"href":"https:\/\/hzcork.com\/tr\/wp-json\/wp\/v2\/product_tag?post=15495"}],"curies":[{"name":"wp","href":"https:\/\/api.w.org\/{rel}","templated":true}]}}