{"id":12002,"date":"2022-01-14T14:10:42","date_gmt":"2022-01-14T06:10:42","guid":{"rendered":"http:\/\/hzcork.com\/?post_type=product&#038;p=12002"},"modified":"2022-01-14T14:56:22","modified_gmt":"2022-01-14T06:56:22","slug":"bohemian-cork-drawstring-backpack","status":"publish","type":"product","link":"https:\/\/hzcork.com\/tr\/bohemian-cork-drawstring-backpack\/","title":{"rendered":"Bohem mantar ipli s\u0131rt \u00e7antas\u0131"},"content":{"rendered":"<p>Mantar kuma\u015f, ger\u00e7ek mantar kabu\u011fundan yap\u0131lan dayan\u0131kl\u0131 ve \u00e7ekici bir malzemedir. Mantar kuma\u015f zaman i\u00e7inde \u00e7ok iyi dayan\u0131r<br \/>\nHer ya\u015f i\u00e7in hafif s\u0131rt \u00e7antalar\u0131<br \/>\nSu ge\u00e7irmez: Mantar\u0131n do\u011fal \u00f6zellikleri nemi iter<br \/>\nMantar nemli iklimlerde k\u00fcflenmez veya k\u00fcflenmez<br \/>\nAyr\u0131ca, mantar y\u00fczeyine cilt ya\u011f\u0131 uygulayarak zaman i\u00e7inde yumu\u015fak ve esnek kalmas\u0131n\u0131 sa\u011flayabilirsiniz.<\/p>","protected":false},"excerpt":{"rendered":"<div>Marka HZCORK<\/div>\n<div>Renk: Do\u011fal<\/div>\n<div>Malzeme: 100% Vegan Mantar Deri<\/div>\n<div>\u00dcr\u00fcn \u00f6zellikleri:<\/div>\n<div>Cork \u0130pli S\u0131rt \u00c7antas\u0131 hafif, zarif ve pratik m\u00fckemmel bir \u00e7evre dostu \u00e7antad\u0131r. \u00c7antan\u0131n \u00fcst k\u0131sm\u0131nda bir b\u00fczme ipi vard\u0131r.<br \/>\nBu torbalar ambalajlama i\u00e7in, hediye torbas\u0131 olarak kullan\u0131labilir ve tekrar kullan\u0131labilir.<br \/>\nBu \u00e7antalar uygun fiyatl\u0131 ve y\u00fcksek kalitelidir.<br \/>\nBu b\u00fczg\u00fcl\u00fc s\u0131rt \u00e7antalar\u0131, ekstra saklama alan\u0131 arayanlar i\u00e7in \u00e7ok kullan\u0131\u015fl\u0131d\u0131r.<br \/>\n\u00c7antalar\u0131n sadece elde y\u0131kanmas\u0131n\u0131 ve \u00fct\u00fclenmemesini tavsiye ederiz.<\/div>\n<p>Boyut (yakla\u015f\u0131k): L = 40cm, H = 44cm<\/p>\n<p>\u0130lave: Ayarlanabilir omuz ask\u0131lar\u0131<\/p>","protected":false},"featured_media":12003,"template":"","meta":[],"product_brand":[],"product_cat":[163],"product_tag":[],"class_list":{"0":"post-12002","1":"product","2":"type-product","3":"status-publish","4":"has-post-thumbnail","6":"product_cat-cork-backpack","8":"first","9":"instock","10":"shipping-taxable","11":"product-type-simple"},"_links":{"self":[{"href":"https:\/\/hzcork.com\/tr\/wp-json\/wp\/v2\/product\/12002","targetHints":{"allow":["GET"]}}],"collection":[{"href":"https:\/\/hzcork.com\/tr\/wp-json\/wp\/v2\/product"}],"about":[{"href":"https:\/\/hzcork.com\/tr\/wp-json\/wp\/v2\/types\/product"}],"version-history":[{"count":0,"href":"https:\/\/hzcork.com\/tr\/wp-json\/wp\/v2\/product\/12002\/revisions"}],"wp:featuredmedia":[{"embeddable":true,"href":"https:\/\/hzcork.com\/tr\/wp-json\/wp\/v2\/media\/12003"}],"wp:attachment":[{"href":"https:\/\/hzcork.com\/tr\/wp-json\/wp\/v2\/media?parent=12002"}],"wp:term":[{"taxonomy":"product_brand","embeddable":true,"href":"https:\/\/hzcork.com\/tr\/wp-json\/wp\/v2\/product_brand?post=12002"},{"taxonomy":"product_cat","embeddable":true,"href":"https:\/\/hzcork.com\/tr\/wp-json\/wp\/v2\/product_cat?post=12002"},{"taxonomy":"product_tag","embeddable":true,"href":"https:\/\/hzcork.com\/tr\/wp-json\/wp\/v2\/product_tag?post=12002"}],"curies":[{"name":"wp","href":"https:\/\/api.w.org\/{rel}","templated":true}]}}