{"id":11993,"date":"2021-11-26T19:26:15","date_gmt":"2021-11-26T11:26:15","guid":{"rendered":"http:\/\/hzcork.com\/?post_type=product&#038;p=11993"},"modified":"2021-11-30T16:59:37","modified_gmt":"2021-11-30T08:59:37","slug":"peacock-green-fashion-women-cork-handbags","status":"publish","type":"product","link":"https:\/\/hzcork.com\/tr\/peacock-green-fashion-women-cork-handbags\/","title":{"rendered":"Tavusku\u015fu Ye\u015fili Moda Kad\u0131n Mantar \u00c7anta"},"content":{"rendered":"<p><span style=\"color: #7a90b2;\"> MALZEME: Do\u011fal dokulara sahip 100% vegan deri (Mantar Deri). Hi\u00e7bir hayvana zarar verilmemi\u015ftir.<br \/>\n* TASARIM: \"O\" \u015fekli Y\u00fcz\u00fck dekorasyonu (i\u015flevsel de\u011fil) + Moda D \u015fekli Sap + Manyetik E\u011fri Kapak + Tek tonlu basit renk (Tavus ku\u015fu ye\u015fili). \u00e7ivili d\u00fcz taban. Yap\u0131land\u0131r\u0131lm\u0131\u015f tasar\u0131m, kendi ba\u015f\u0131na kolayca aya\u011fa kalkmas\u0131n\u0131 sa\u011flar. Kad\u0131n el \u00e7antas\u0131, el \u00e7antas\u0131, \u00fcst sapl\u0131 \u00e7anta, i\u015f \u00e7antas\u0131, moda tote vb. olarak kullan\u0131labilir.<\/span><\/p>\n<div><span style=\"color: #7a90b2;\"><br \/>\n* BOYUT: \u00c7anta - 21 * 20 * 10CM (kare \u015fekli) A\u011f\u0131rl\u0131k: 2,5 LB. Kollar D\u00fc\u015fme: 5 \u2033 Omuz ask\u0131s\u0131 tak\u0131l\u0131d\u0131r (\u00e7\u0131kar\u0131labilir). Ipad, c\u00fczdan, k\u00fc\u00e7\u00fck tablet, makyaj \u00e7antas\u0131 vb. s\u0131\u011fabilir. Kad\u0131nlar, bayanlar i\u00e7in harika \u00e7anta seti ve hediye se\u00e7imi.<\/span><\/div>\n<div><span style=\"color: #7a90b2;\"><br \/>\n* CEPLER: 1 Ana B\u00f6lme \/ 1 \u0130\u00e7 Arka Duvar Fermuarl\u0131 Cep \/ 2 \u0130\u00e7 \u00dcst\u00fc A\u00e7\u0131k E\u015fya Cebi. G\u00fcnl\u00fck ihtiya\u00e7lar\u0131n\u0131z\u0131 saklamak ve e\u015fyalar\u0131n\u0131z\u0131 d\u00fczenli hale getirmek i\u00e7in yeterince geni\u015f.<\/span><\/div>\n<div><span style=\"color: #7a90b2;\"><br \/>\n* SATI\u015e SONRASI HIZMET: M\u00fckemmel m\u00fc\u015fteri hizmetleri sunuyoruz. Herhangi bir sorununuz varsa, l\u00fctfen bizimle e-posta yoluyla ileti\u015fime ge\u00e7mekten \u00e7ekinmeyin. En k\u0131sa s\u00fcrede yedek bir \u00e7anta \/ e\u015fle\u015fen par\u00e7a g\u00f6nderece\u011fiz. Sorunlar sonuna kadar \u00e7\u00f6z\u00fclecektir.<\/span><\/div>\n<div><\/div>\n<div><b><span style=\"color: #ffc36d;\">Umar\u0131m s\u0131cak \u015firketimiz sizi dost\u00e7a kar\u015f\u0131layabilir ve size farkl\u0131 bir deneyim getirebilir.<\/span><\/b><\/div>","protected":false},"excerpt":{"rendered":"<p><span data-spm-anchor-id=\"a2700.pc-decorate.0.i6.10bd3333ETWlFj\">\u0130sim: Cork Lady el \u00e7antas\u0131<\/span><\/p>\n<div>Marka HZCORK<\/div>\n<div>Renk: Tavus ku\u015fu ye\u015fili<\/div>\n<div>Malzeme: 100% Vegan Mantar Deri,<\/div>\n<div>\u00dcr\u00fcn \u00f6zellikleri: vegan Deri (100% zul\u00fcms\u00fcz), su ge\u00e7irmez ve dayan\u0131kl\u0131 avantajlara sahip me\u015fe kabu\u011fundan yap\u0131lm\u0131\u015f mantar \u00e7anta. Hafif yumu\u015fak doku, yanmaz, a\u015f\u0131nmaya dayan\u0131kl\u0131 ve temizlenmesi kolay, ince do\u011fal taneli, zarif renk \u00f6zelliklerine sahiptir.<\/div>","protected":false},"featured_media":11994,"template":"","meta":[],"product_brand":[],"product_cat":[149],"product_tag":[199,284],"class_list":{"0":"post-11993","1":"product","2":"type-product","3":"status-publish","4":"has-post-thumbnail","6":"product_cat-cork-handbags","7":"product_tag-cork-handbags","8":"product_tag-cork-women-handbags","10":"first","11":"instock","12":"shipping-taxable","13":"product-type-simple"},"_links":{"self":[{"href":"https:\/\/hzcork.com\/tr\/wp-json\/wp\/v2\/product\/11993","targetHints":{"allow":["GET"]}}],"collection":[{"href":"https:\/\/hzcork.com\/tr\/wp-json\/wp\/v2\/product"}],"about":[{"href":"https:\/\/hzcork.com\/tr\/wp-json\/wp\/v2\/types\/product"}],"version-history":[{"count":0,"href":"https:\/\/hzcork.com\/tr\/wp-json\/wp\/v2\/product\/11993\/revisions"}],"wp:featuredmedia":[{"embeddable":true,"href":"https:\/\/hzcork.com\/tr\/wp-json\/wp\/v2\/media\/11994"}],"wp:attachment":[{"href":"https:\/\/hzcork.com\/tr\/wp-json\/wp\/v2\/media?parent=11993"}],"wp:term":[{"taxonomy":"product_brand","embeddable":true,"href":"https:\/\/hzcork.com\/tr\/wp-json\/wp\/v2\/product_brand?post=11993"},{"taxonomy":"product_cat","embeddable":true,"href":"https:\/\/hzcork.com\/tr\/wp-json\/wp\/v2\/product_cat?post=11993"},{"taxonomy":"product_tag","embeddable":true,"href":"https:\/\/hzcork.com\/tr\/wp-json\/wp\/v2\/product_tag?post=11993"}],"curies":[{"name":"wp","href":"https:\/\/api.w.org\/{rel}","templated":true}]}}