{"id":11983,"date":"2021-11-26T19:30:21","date_gmt":"2021-11-26T11:30:21","guid":{"rendered":"http:\/\/hzcork.com\/?post_type=product&#038;p=11983"},"modified":"2021-12-11T14:09:53","modified_gmt":"2021-12-11T06:09:53","slug":"white-cork-leather-women-handbag","status":"publish","type":"product","link":"https:\/\/hzcork.com\/tr\/white-cork-leather-women-handbag\/","title":{"rendered":"Beyaz Mantar Deri Kad\u0131n El \u00c7antas\u0131"},"content":{"rendered":"<p><span style=\"color: #7a90b2;\">* MALZEME: 100% do\u011fal dokulu vegan deri (Mantar Deri). Hi\u00e7bir hayvana zarar verilmemi\u015ftir.<br \/>\n* TASARIM: \u00c7i\u00e7ek \u015eekli Kapatma dekorasyonu + Zarf Kapa\u011f\u0131 + Tek ton sade renk (beyaz Mantar Dokusu). <\/span><\/p>\n<div><span style=\"color: #7a90b2;\"><span style=\"color: #7a90b2;\">\u00c7\u0131t\u00e7\u0131tl\u0131 d\u00fcz taban. Yap\u0131land\u0131r\u0131lm\u0131\u015f tasar\u0131m\u0131 kendi ba\u015f\u0131na kolayca ayakta durmas\u0131n\u0131 sa\u011flar. Kad\u0131n el \u00e7antas\u0131 olarak kullan\u0131labilir,<br \/>\nel \u00e7antas\u0131, \u00fcst sapl\u0131 \u00e7anta, i\u015f \u00e7antas\u0131, moda tote vb.<br \/>\n* BOYUT: \u00c7anta - 26*18*10CM (dikd\u00f6rtgen \u015feklinde) A\u011f\u0131rl\u0131k: 2,5 LB. Kollar B\u0131rak: 5 \u2033 Omuz ask\u0131s\u0131 tak\u0131l\u0131 (\u00e7\u0131kar\u0131labilir) + Zincir Kay\u0131\u015f\u0131 (\u00e7\u0131kar\u0131lamaz). Ipad, c\u00fczdan, k\u00fc\u00e7\u00fck tablet, makyaj \u00e7antas\u0131 vb. s\u0131\u011fabilir. Kad\u0131nlar, bayanlar i\u00e7in harika bir \u00e7anta seti ve hediye se\u00e7imi.<\/span><\/span>* CEPLER: 1 Ana B\u00f6lme \/ 1 \u0130\u00e7 Arka Duvar Fermuarl\u0131 Cep \/ 2 \u0130\u00e7 \u00dcst\u00fc A\u00e7\u0131k E\u015fya Cebi. G\u00fcnl\u00fck ihtiya\u00e7lar\u0131n\u0131z\u0131 saklamak ve e\u015fyalar\u0131n\u0131z\u0131 d\u00fczenli hale getirmek i\u00e7in yeterince geni\u015f * SATI\u015e SONRASI H\u0130ZMET: M\u00fckemmel m\u00fc\u015fteri hizmetleri sunuyoruz. Herhangi bir sorun ya\u015farsan\u0131z, l\u00fctfen bizimle e-posta yoluyla ileti\u015fime ge\u00e7mekten \u00e7ekinmeyin. En k\u0131sa s\u00fcrede yedek bir \u00e7anta \/ e\u015fle\u015fen par\u00e7a g\u00f6nderece\u011fiz. Sorunlar sonuna kadar \u00e7\u00f6z\u00fclecektir.<\/div>\n<div><span style=\"color: #ea9924;\"><b>Umar\u0131m s\u0131cak \u015firketimiz sizi dost\u00e7a kar\u015f\u0131layabilir ve size farkl\u0131 bir deneyim getirebilir.<\/b><\/span><\/div>","protected":false},"excerpt":{"rendered":"<p><span data-spm-anchor-id=\"a2700.pc-decorate.0.i1.65743333BPP4Zg\">Ad\u0131: Beyaz Mantar Zincirli \u00c7anta<\/span><\/p>\n<div>Marka HZCORK<\/div>\n<div>Renk: Beyaz<\/div>\n<div>Malzeme: Mantar<\/div>\n<div>\u00dcr\u00fcn \u00f6zellikleri: vegan deri (100% hayvans\u0131z), su ge\u00e7irmez ve leke tutmaz avantajlar\u0131na sahip me\u015fe kabu\u011fundan yap\u0131lm\u0131\u015f mantar \u00e7anta.<\/div>\n<div>\u0130nce do\u011fal taneli, zarif renk \u00f6zelliklerine sahip, yanmaz, a\u015f\u0131nmaya dayan\u0131kl\u0131 ve temizlenmesi kolay, p\u00fcr\u00fczs\u00fcz dokuya dokunun.<\/div>","protected":false},"featured_media":11984,"template":"","meta":[],"product_brand":[],"product_cat":[162,149],"product_tag":[169,199,285],"class_list":{"0":"post-11983","1":"product","2":"type-product","3":"status-publish","4":"has-post-thumbnail","6":"product_cat-cork-crossbody-bags","7":"product_cat-cork-handbags","8":"product_tag-cork-handbag","9":"product_tag-cork-handbags","10":"product_tag-white-cork-bag","12":"first","13":"instock","14":"shipping-taxable","15":"product-type-simple"},"_links":{"self":[{"href":"https:\/\/hzcork.com\/tr\/wp-json\/wp\/v2\/product\/11983","targetHints":{"allow":["GET"]}}],"collection":[{"href":"https:\/\/hzcork.com\/tr\/wp-json\/wp\/v2\/product"}],"about":[{"href":"https:\/\/hzcork.com\/tr\/wp-json\/wp\/v2\/types\/product"}],"version-history":[{"count":0,"href":"https:\/\/hzcork.com\/tr\/wp-json\/wp\/v2\/product\/11983\/revisions"}],"wp:featuredmedia":[{"embeddable":true,"href":"https:\/\/hzcork.com\/tr\/wp-json\/wp\/v2\/media\/11984"}],"wp:attachment":[{"href":"https:\/\/hzcork.com\/tr\/wp-json\/wp\/v2\/media?parent=11983"}],"wp:term":[{"taxonomy":"product_brand","embeddable":true,"href":"https:\/\/hzcork.com\/tr\/wp-json\/wp\/v2\/product_brand?post=11983"},{"taxonomy":"product_cat","embeddable":true,"href":"https:\/\/hzcork.com\/tr\/wp-json\/wp\/v2\/product_cat?post=11983"},{"taxonomy":"product_tag","embeddable":true,"href":"https:\/\/hzcork.com\/tr\/wp-json\/wp\/v2\/product_tag?post=11983"}],"curies":[{"name":"wp","href":"https:\/\/api.w.org\/{rel}","templated":true}]}}