{"id":11349,"date":"2021-11-16T17:04:40","date_gmt":"2021-11-16T09:04:40","guid":{"rendered":"http:\/\/hzcork.com\/?post_type=product&#038;p=11349"},"modified":"2021-11-16T17:23:20","modified_gmt":"2021-11-16T09:23:20","slug":"cork-baby-backpack","status":"publish","type":"product","link":"https:\/\/hzcork.com\/tr\/cork-baby-backpack\/","title":{"rendered":"Cork Bebek S\u0131rt \u00c7antas\u0131-Portatif Katlanabilir Anne \u00c7antas\u0131"},"content":{"rendered":"<h2 class=\"blockHeader___JO_re\">A\u00e7\u0131klama<\/h2>\n<ul>\n<li>Bebek \u00e7antas\u0131 boyutu: 40*30*20CM, a\u00e7\u0131lma geni\u015fli\u011fi 70cm, kapasite 20-35L.<\/li>\n<li>Do\u011fal mantar kuma\u015f, nefes alabilir, su ge\u00e7irmez, dayan\u0131kl\u0131 ve a\u015f\u0131nmaya diren\u00e7li.<\/li>\n<li>\u0130\u00e7 yap\u0131: fermuarl\u0131 cep, cep telefonu cebi, ta\u015f\u0131nabilir mobil \u015farj cihaz\u0131 cebi.<\/li>\n<li>2 yan cep, mendil almak kolay.<\/li>\n<li>2 biberon beslemek i\u00e7in i\u00e7 izotermal cep, emzirme biberonunu s\u0131cak tutabilir.<\/li>\n<li>Kolay a\u00e7\u0131l\u0131r ve katlan\u0131r bebek yata\u011f\u0131.<\/li>\n<\/ul>\n<p>&nbsp;<\/p>\n<p>&nbsp;<\/p>","protected":false},"excerpt":{"rendered":"<p>\u00c7ocuklarla veya bebeklerle seyahat etmek konusunda endi\u015feli misiniz?<\/p>\n<p>Evet, her annenin bebekle seyahat etmenin korkun\u00e7 bir \u015fey oldu\u011funu d\u00fc\u015f\u00fcnd\u00fc\u011f\u00fcne inan\u0131yorum. Ama bu bebek s\u0131rt \u00e7antas\u0131na sahipseniz art\u0131k de\u011fil.<\/p>\n<p>Bebek s\u0131rt \u00e7antam\u0131z ta\u015f\u0131nabilir ve katlanabilir, a\u00e7mak ve katlamak \u00e7ok kolayd\u0131r, bebe\u011fi istedi\u011finiz zaman istedi\u011finiz yerde uyutabilirsiniz.<\/p>\n<p>Biberonu s\u0131cak tutabilir ve bebek a\u011flamak istedi\u011finde onu her zaman besleyebilirsiniz.<\/p>\n<p>\u0130htiyac\u0131n\u0131z oldu\u011funda mendili almak \u00e7ok kolay, sadece yan cepten \u00e7ekin.<\/p>\n<p>En \u00f6nemlisi, d\u0131\u015f kuma\u015f olarak mantar kuma\u015f kullan\u0131yoruz, do\u011fal ve s\u00fcrd\u00fcr\u00fclebilir, dayan\u0131kl\u0131 ve su ge\u00e7irmez.<\/p>\n<p>\u00c7evreye olan sevginizi, s\u00fcrd\u00fcr\u00fclebilir ya\u015fam\u0131 sadece kendimiz i\u00e7in de\u011fil, bebeklerimiz-gelecek nesil i\u00e7in de ya\u015fad\u0131\u011f\u0131n\u0131z\u0131 g\u00f6sterir.<\/p>\n<p>Yeni Ebeveynler i\u00e7in M\u00fckemmel Hediye Fikirleri\u3011 Bebek bezi \u00e7antas\u0131, anne s\u0131rt \u00e7antas\u0131, hem\u015fire \u00e7antas\u0131, yenido\u011fan yata\u011f\u0131, d\u0131\u015f mekan be\u015fi\u011fi olarak kullan\u0131m i\u00e7in idealdir. Unisex renk, baba ve annenin kullanmas\u0131na izin verecektir.<\/p>","protected":false},"featured_media":11356,"template":"","meta":[],"product_brand":[],"product_cat":[163],"product_tag":[272,273,254,250,276,275,274,279,278,277],"class_list":{"0":"post-11349","1":"product","2":"type-product","3":"status-publish","4":"has-post-thumbnail","6":"product_cat-cork-backpack","7":"product_tag-baby-bag","8":"product_tag-baby-diaper-bag","9":"product_tag-classic-cork-backpack","10":"product_tag-cork-backpack","11":"product_tag-foldable-baby-backpack","12":"product_tag-foldable-cork-backpack","13":"product_tag-mommy-bag","14":"product_tag-mothers-backpack","15":"product_tag-nurse-bag","16":"product_tag-portable-cork-backpack","18":"first","19":"instock","20":"shipping-taxable","21":"product-type-simple"},"_links":{"self":[{"href":"https:\/\/hzcork.com\/tr\/wp-json\/wp\/v2\/product\/11349","targetHints":{"allow":["GET"]}}],"collection":[{"href":"https:\/\/hzcork.com\/tr\/wp-json\/wp\/v2\/product"}],"about":[{"href":"https:\/\/hzcork.com\/tr\/wp-json\/wp\/v2\/types\/product"}],"version-history":[{"count":0,"href":"https:\/\/hzcork.com\/tr\/wp-json\/wp\/v2\/product\/11349\/revisions"}],"wp:featuredmedia":[{"embeddable":true,"href":"https:\/\/hzcork.com\/tr\/wp-json\/wp\/v2\/media\/11356"}],"wp:attachment":[{"href":"https:\/\/hzcork.com\/tr\/wp-json\/wp\/v2\/media?parent=11349"}],"wp:term":[{"taxonomy":"product_brand","embeddable":true,"href":"https:\/\/hzcork.com\/tr\/wp-json\/wp\/v2\/product_brand?post=11349"},{"taxonomy":"product_cat","embeddable":true,"href":"https:\/\/hzcork.com\/tr\/wp-json\/wp\/v2\/product_cat?post=11349"},{"taxonomy":"product_tag","embeddable":true,"href":"https:\/\/hzcork.com\/tr\/wp-json\/wp\/v2\/product_tag?post=11349"}],"curies":[{"name":"wp","href":"https:\/\/api.w.org\/{rel}","templated":true}]}}