{"id":10455,"date":"2022-01-14T14:55:00","date_gmt":"2022-01-14T06:55:00","guid":{"rendered":"http:\/\/hzcork.com\/?post_type=product&#038;p=10455"},"modified":"2022-01-14T14:55:01","modified_gmt":"2022-01-14T06:55:01","slug":"cork-printed-crossbody-bag-gingko-pattern","status":"publish","type":"product","link":"https:\/\/hzcork.com\/tr\/cork-printed-crossbody-bag-gingko-pattern\/","title":{"rendered":"Mantar Bask\u0131l\u0131 Crossbody \u00c7anta Gingko Desen"},"content":{"rendered":"<p>Mantar \u00e7apraz ask\u0131l\u0131 \u00e7antalar, v\u00fccudunuza tak\u0131labildikleri ve ellerinizi serbest b\u0131rakt\u0131klar\u0131 i\u00e7in rahatl\u0131kla ihtiya\u00e7 duyulan \u015f\u0131k \u00fcr\u00fcnlerdir.<\/p>\n<p>Mantar kuma\u015f dayan\u0131kl\u0131, su ge\u00e7irmez ve leke tutmaz. \u00c7antalar nemli yumu\u015fak bir bez ve yumu\u015fak sabunla temizlenebilir.<\/p>\n<p>Sabunu temizlemek i\u00e7in su kullan\u0131n ve yeni gibi kalmas\u0131n\u0131 sa\u011flay\u0131n.<\/p>\n<p>Desen dijital bask\u0131dan yap\u0131lm\u0131\u015ft\u0131r.<\/p>","protected":false},"excerpt":{"rendered":"<div>Marka HZCORK<\/div>\n<div>Renk: Do\u011fal<\/div>\n<div>Malzeme: 100% Vegan Mantar Deri,<\/div>\n<div>\u00dcr\u00fcn \u00f6zellikleri:<\/div>\n<p>S\u00fcrd\u00fcr\u00fclebilir, y\u00fcksek kaliteli mantardan yap\u0131lm\u0131\u015f \u015f\u0131k ve etik bask\u0131l\u0131 \u00e7apraz ask\u0131l\u0131 \u00e7anta.<\/p>\n<p>\u00c7anta, kolayca b\u00fck\u00fclebilen yumu\u015fak malzemesi sayesinde olduk\u00e7a geni\u015f bir kapasiteye sahiptir.<\/p>\n<p>G\u00fc\u00e7lendirilmi\u015f diki\u015fler ve pratik \u00fcst d\u0131\u015f anahtar ile y\u00fcksek kaliteli mantar kuma\u015ftan ve yumu\u015fak astardan yap\u0131lm\u0131\u015ft\u0131r.<\/p>\n<p>\u00c7antan\u0131n g\u00f6r\u00fcn\u00fcm\u00fcn\u00fc vurgulamak i\u00e7in Ginkgo a\u011fac\u0131 yapraklar\u0131 deseni. \u00c7e\u015fitli durumlarda foto\u011fraflanabilir.<\/p>","protected":false},"featured_media":10459,"template":"","meta":[],"product_brand":[],"product_cat":[162],"product_tag":[],"class_list":{"0":"post-10455","1":"product","2":"type-product","3":"status-publish","4":"has-post-thumbnail","6":"product_cat-cork-crossbody-bags","8":"first","9":"instock","10":"shipping-taxable","11":"product-type-simple"},"_links":{"self":[{"href":"https:\/\/hzcork.com\/tr\/wp-json\/wp\/v2\/product\/10455","targetHints":{"allow":["GET"]}}],"collection":[{"href":"https:\/\/hzcork.com\/tr\/wp-json\/wp\/v2\/product"}],"about":[{"href":"https:\/\/hzcork.com\/tr\/wp-json\/wp\/v2\/types\/product"}],"version-history":[{"count":0,"href":"https:\/\/hzcork.com\/tr\/wp-json\/wp\/v2\/product\/10455\/revisions"}],"wp:featuredmedia":[{"embeddable":true,"href":"https:\/\/hzcork.com\/tr\/wp-json\/wp\/v2\/media\/10459"}],"wp:attachment":[{"href":"https:\/\/hzcork.com\/tr\/wp-json\/wp\/v2\/media?parent=10455"}],"wp:term":[{"taxonomy":"product_brand","embeddable":true,"href":"https:\/\/hzcork.com\/tr\/wp-json\/wp\/v2\/product_brand?post=10455"},{"taxonomy":"product_cat","embeddable":true,"href":"https:\/\/hzcork.com\/tr\/wp-json\/wp\/v2\/product_cat?post=10455"},{"taxonomy":"product_tag","embeddable":true,"href":"https:\/\/hzcork.com\/tr\/wp-json\/wp\/v2\/product_tag?post=10455"}],"curies":[{"name":"wp","href":"https:\/\/api.w.org\/{rel}","templated":true}]}}