{"id":10446,"date":"2021-11-03T18:21:56","date_gmt":"2021-11-03T10:21:56","guid":{"rendered":"http:\/\/hzcork.com\/?post_type=product&#038;p=10446"},"modified":"2021-11-25T18:33:09","modified_gmt":"2021-11-25T10:33:09","slug":"metal-zip-closure-cork-coin-purse","status":"publish","type":"product","link":"https:\/\/hzcork.com\/tr\/metal-zip-closure-cork-coin-purse\/","title":{"rendered":"Metal Fermuarl\u0131 Mantar Bozuk Para C\u00fczdan\u0131"},"content":{"rendered":"<p>\u00d6zellik:<\/p>\n<ul>\n<li>el debriyaj\u0131 mantar bozuk para c\u00fczdan\u0131.<\/li>\n<li>metal fermuarl\u0131, p\u00fcr\u00fczs\u00fcz a\u00e7\u0131l\u0131r ve kapan\u0131r, paslanma yapmaz.<\/li>\n<li>pamuklu kuma\u015f astar.<\/li>\n<li>farkl\u0131 bask\u0131 desenleri mevcuttur. \u00d6zel bask\u0131 memnuniyetle kar\u015f\u0131lan\u0131r.<\/li>\n<\/ul>\n<p class=\"wt-text-body-01 wt-break-word\" data-product-details-description-text-content=\"\">Beden + Fit<br \/>\n- Y\u00fckseklik: 4 \"<br \/>\n- Uzunluk: 4 \"<br \/>\n- Geni\u015flik: 1 \"<\/p>","protected":false},"excerpt":{"rendered":"<div class=\"wt-m-xs-2\">\n<div id=\"machine-translation-notice\" class=\"machine-translation-notice translated\">\n<div class=\"translated-block\">\n<div class=\"translate-button\">Metal fermuarl\u0131 mantar bozuk para c\u00fczdan\u0131, elle tutmas\u0131 kolay, bozuk paralar\u0131n\u0131z\u0131 ve bozuk paralar\u0131n\u0131z\u0131 d\u00fczenli tutmak i\u00e7in uygun.<\/div>\n<div class=\"translate-button\">Vurgula:<\/div>\n<ul>\n<li class=\"translate-button\">100% do\u011fal Mantar, dayan\u0131kl\u0131 ve hafif.<\/li>\n<li>\u00c7izilmeye dayan\u0131kl\u0131 mantar, uzun \u00f6m\u00fcrl\u00fcd\u00fcr.<\/li>\n<li>OEM bask\u0131 deseni mevcuttur, sa\u011flam metal fermuar kapatma.<\/li>\n<li>Hem pratik i\u015flevi hem de \u00e7evreye duyarl\u0131l\u0131\u011f\u0131 bir araya getiriyor.<\/li>\n<\/ul>\n<\/div>\n<\/div>\n<\/div>\n<div data-id=\"description-text\">\n<div id=\"wt-content-toggle-product-details-read-more\" class=\"wt-content-toggle__body wt-content-toggle__body--truncated-03 wt-content-toggle__body--truncated\" aria-hidden=\"false\">\n<p class=\"wt-text-body-01 wt-break-word\" data-product-details-description-text-content=\"\">Vegan Deri mantar, 100% hayvan i\u00e7ermez.<br \/>\nSa\u011flam donan\u0131m ile \u00c7in'de el yap\u0131m\u0131.<\/p>\n<p>\u0130\u00e7erik<br \/>\n- Kabuk: Pamuklu kuma\u015f<br \/>\n- Astar: Mantar<\/p>\n<\/div>\n<\/div>","protected":false},"featured_media":10450,"template":"","meta":[],"product_brand":[],"product_cat":[150,161],"product_tag":[266,267,185,264,265],"class_list":{"0":"post-10446","1":"product","2":"type-product","3":"status-publish","4":"has-post-thumbnail","6":"product_cat-cork-wallets","7":"product_cat-cork-purse","8":"product_tag-cork-cluth-bag","9":"product_tag-cork-cluth-purse","10":"product_tag-cork-coin-purse","11":"product_tag-cork-purse","12":"product_tag-metal-cork-purse","14":"first","15":"instock","16":"shipping-taxable","17":"product-type-simple"},"_links":{"self":[{"href":"https:\/\/hzcork.com\/tr\/wp-json\/wp\/v2\/product\/10446","targetHints":{"allow":["GET"]}}],"collection":[{"href":"https:\/\/hzcork.com\/tr\/wp-json\/wp\/v2\/product"}],"about":[{"href":"https:\/\/hzcork.com\/tr\/wp-json\/wp\/v2\/types\/product"}],"version-history":[{"count":0,"href":"https:\/\/hzcork.com\/tr\/wp-json\/wp\/v2\/product\/10446\/revisions"}],"wp:featuredmedia":[{"embeddable":true,"href":"https:\/\/hzcork.com\/tr\/wp-json\/wp\/v2\/media\/10450"}],"wp:attachment":[{"href":"https:\/\/hzcork.com\/tr\/wp-json\/wp\/v2\/media?parent=10446"}],"wp:term":[{"taxonomy":"product_brand","embeddable":true,"href":"https:\/\/hzcork.com\/tr\/wp-json\/wp\/v2\/product_brand?post=10446"},{"taxonomy":"product_cat","embeddable":true,"href":"https:\/\/hzcork.com\/tr\/wp-json\/wp\/v2\/product_cat?post=10446"},{"taxonomy":"product_tag","embeddable":true,"href":"https:\/\/hzcork.com\/tr\/wp-json\/wp\/v2\/product_tag?post=10446"}],"curies":[{"name":"wp","href":"https:\/\/api.w.org\/{rel}","templated":true}]}}