{"id":10406,"date":"2021-11-03T17:36:51","date_gmt":"2021-11-03T09:36:51","guid":{"rendered":"http:\/\/hzcork.com\/?post_type=product&#038;p=10406"},"modified":"2021-11-25T17:32:57","modified_gmt":"2021-11-25T09:32:57","slug":"cork-wallets-blue-mandala-pattern","status":"publish","type":"product","link":"https:\/\/hzcork.com\/tr\/cork-wallets-blue-mandala-pattern\/","title":{"rendered":"Mantar C\u00fczdanlar Mavi Mandala Desen"},"content":{"rendered":"<p>\u00d6zellik:<\/p>\n<ul>\n<li>bir i\u00e7 fermuarl\u0131 cep, sekiz kredi kart\u0131 cebi, iki kaymaya dayan\u0131kl\u0131 i\u00e7 cep ve pratik bir tutamak.<\/li>\n<li>d\u0131\u015ftan fermuarl\u0131, p\u00fcr\u00fczs\u00fcz kayar, pas yok.<\/li>\n<li>PU deri veya mantar kompozit kuma\u015f astar.<\/li>\n<li>farkl\u0131 bask\u0131 desenleri mevcuttur. \u00d6zel bask\u0131 memnuniyetle kar\u015f\u0131lan\u0131r.<\/li>\n<\/ul>\n<p class=\"wt-text-body-01 wt-break-word\" data-product-details-description-text-content=\"\">Beden + Fit<br \/>\n- Y\u00fckseklik: 4 \"<br \/>\n- Uzunluk: 7,8 \"<br \/>\n- Geni\u015flik: 1 \"<\/p>","protected":false},"excerpt":{"rendered":"<div class=\"wt-m-xs-2\">\n<div id=\"machine-translation-notice\" class=\"machine-translation-notice translated\">\n<div class=\"translated-block\">\n<div class=\"translate-button\">Mavi mandala desenli do\u011fal mantar c\u00fczdanlar, temel e\u015fyalar\u0131n\u0131z\u0131 d\u00fczenli tutmak i\u00e7in geni\u015f bir i\u00e7 k\u0131s\u0131m.<\/div>\n<div class=\"translate-button\">Vurgula:<\/div>\n<ul>\n<li class=\"translate-button\">100% do\u011fal Mantar, dayan\u0131kl\u0131 ve hafif.<\/li>\n<li>\u00c7izilmeye dayan\u0131kl\u0131 mantar, uzun \u00f6m\u00fcrl\u00fcd\u00fcr.<\/li>\n<li>oduna benziyor, ama a\u011fa\u00e7 kesmeye gerek yok.<\/li>\n<li>hem pratik i\u015flevi hem de \u00e7evreye duyarl\u0131l\u0131\u011f\u0131 bir araya getirir.<\/li>\n<\/ul>\n<\/div>\n<\/div>\n<\/div>\n<div data-id=\"description-text\">\n<div id=\"wt-content-toggle-product-details-read-more\" class=\"wt-content-toggle__body wt-content-toggle__body--truncated-03 wt-content-toggle__body--truncated\" aria-hidden=\"false\">\n<p class=\"wt-text-body-01 wt-break-word\" data-product-details-description-text-content=\"\">Vegan Deri mantar, 100% hayvan i\u00e7ermez.<br \/>\nSa\u011flam donan\u0131m ile \u00c7in'de el yap\u0131m\u0131.<\/p>\n<p>\u0130\u00e7erik<br \/>\n- Kabuk: Mantar<br \/>\n- Astar: Mantar<\/p>\n<\/div>\n<\/div>","protected":false},"featured_media":10412,"template":"","meta":[],"product_brand":[],"product_cat":[150,161],"product_tag":[],"class_list":{"0":"post-10406","1":"product","2":"type-product","3":"status-publish","4":"has-post-thumbnail","6":"product_cat-cork-wallets","7":"product_cat-cork-purse","9":"first","10":"instock","11":"shipping-taxable","12":"product-type-simple"},"_links":{"self":[{"href":"https:\/\/hzcork.com\/tr\/wp-json\/wp\/v2\/product\/10406","targetHints":{"allow":["GET"]}}],"collection":[{"href":"https:\/\/hzcork.com\/tr\/wp-json\/wp\/v2\/product"}],"about":[{"href":"https:\/\/hzcork.com\/tr\/wp-json\/wp\/v2\/types\/product"}],"version-history":[{"count":0,"href":"https:\/\/hzcork.com\/tr\/wp-json\/wp\/v2\/product\/10406\/revisions"}],"wp:featuredmedia":[{"embeddable":true,"href":"https:\/\/hzcork.com\/tr\/wp-json\/wp\/v2\/media\/10412"}],"wp:attachment":[{"href":"https:\/\/hzcork.com\/tr\/wp-json\/wp\/v2\/media?parent=10406"}],"wp:term":[{"taxonomy":"product_brand","embeddable":true,"href":"https:\/\/hzcork.com\/tr\/wp-json\/wp\/v2\/product_brand?post=10406"},{"taxonomy":"product_cat","embeddable":true,"href":"https:\/\/hzcork.com\/tr\/wp-json\/wp\/v2\/product_cat?post=10406"},{"taxonomy":"product_tag","embeddable":true,"href":"https:\/\/hzcork.com\/tr\/wp-json\/wp\/v2\/product_tag?post=10406"}],"curies":[{"name":"wp","href":"https:\/\/api.w.org\/{rel}","templated":true}]}}