{"id":3358,"date":"2021-08-26T02:04:01","date_gmt":"2021-08-26T02:04:01","guid":{"rendered":"http:\/\/hzcork.com\/?page_id=3358"},"modified":"2025-05-27T19:17:40","modified_gmt":"2025-05-27T11:17:40","slug":"faq","status":"publish","type":"page","link":"https:\/\/hzcork.com\/tr\/faq\/","title":{"rendered":"SSS"},"content":{"rendered":"<div data-elementor-type=\"wp-page\" data-elementor-id=\"3358\" class=\"elementor elementor-3358\" data-elementor-settings=\"{&quot;ha_cmc_init_switcher&quot;:&quot;no&quot;}\" data-elementor-post-type=\"page\">\n\t\t\t\t<div class=\"elementor-element elementor-element-8dece54 e-flex e-con-boxed e-con e-parent\" data-id=\"8dece54\" data-element_type=\"container\" data-e-type=\"container\" data-settings=\"{&quot;_ha_eqh_enable&quot;:false}\">\n\t\t\t\t\t<div class=\"e-con-inner\">\n\t\t<div class=\"elementor-element elementor-element-1d969f2 e-con-full e-flex e-con e-child\" data-id=\"1d969f2\" data-element_type=\"container\" data-e-type=\"container\" data-settings=\"{&quot;background_background&quot;:&quot;classic&quot;,&quot;_ha_eqh_enable&quot;:false}\">\n\t\t\t\t<div class=\"elementor-element elementor-element-bd20325 elementor-widget__width-auto elementor-absolute elementor-view-default elementor-widget elementor-widget-icon\" data-id=\"bd20325\" data-element_type=\"widget\" data-e-type=\"widget\" data-settings=\"{&quot;_position&quot;:&quot;absolute&quot;}\" data-widget_type=\"icon.default\">\n\t\t\t\t<div class=\"elementor-widget-container\">\n\t\t\t\t\t\t\t<div class=\"elementor-icon-wrapper\">\n\t\t\t<div class=\"elementor-icon\">\n\t\t\t\t\t\t<\/div>\n\t\t<\/div>\n\t\t\t\t\t\t<\/div>\n\t\t\t\t<\/div>\n\t\t<div class=\"elementor-element elementor-element-9411fa6 e-con-full e-flex e-con e-child\" data-id=\"9411fa6\" data-element_type=\"container\" data-e-type=\"container\" data-settings=\"{&quot;background_background&quot;:&quot;classic&quot;,&quot;_ha_eqh_enable&quot;:false}\">\n\t\t<div class=\"elementor-element elementor-element-beb9c72 e-con-full e-flex e-con e-child\" data-id=\"beb9c72\" data-element_type=\"container\" data-e-type=\"container\" data-settings=\"{&quot;_ha_eqh_enable&quot;:false}\">\n\t\t\t\t<div class=\"elementor-element elementor-element-9c17836 elementor-widget elementor-widget-heading\" data-id=\"9c17836\" data-element_type=\"widget\" data-e-type=\"widget\" data-widget_type=\"heading.default\">\n\t\t\t\t<div class=\"elementor-widget-container\">\n\t\t\t\t\t<h1 class=\"elementor-heading-title elementor-size-default\">Mantar Kuma\u015f Hakk\u0131nda SSS<\/h1>\t\t\t\t<\/div>\n\t\t\t\t<\/div>\n\t\t\t\t<div class=\"elementor-element elementor-element-bd97193 elementor-widget elementor-widget-heading\" data-id=\"bd97193\" data-element_type=\"widget\" data-e-type=\"widget\" data-widget_type=\"heading.default\">\n\t\t\t\t<div class=\"elementor-widget-container\">\n\t\t\t\t\t<h2 class=\"elementor-heading-title elementor-size-default\">Her T\u00fcrl\u00fc Sorunuzda Size Yard\u0131mc\u0131 Olmak \u0130\u00e7in Buraday\u0131z<\/h2>\t\t\t\t<\/div>\n\t\t\t\t<\/div>\n\t\t\t\t<\/div>\n\t\t\t\t<\/div>\n\t\t<div class=\"elementor-element elementor-element-c78f21c e-con-full e-flex e-con e-child\" data-id=\"c78f21c\" data-element_type=\"container\" data-e-type=\"container\" data-settings=\"{&quot;_ha_eqh_enable&quot;:false}\">\n\t\t<div class=\"elementor-element elementor-element-ce83f56 e-con-full e-flex e-con e-child\" data-id=\"ce83f56\" data-element_type=\"container\" data-e-type=\"container\" data-settings=\"{&quot;_ha_eqh_enable&quot;:false}\">\n\t\t\t\t<div class=\"elementor-element elementor-element-a0a3715 ha-infobox-media-dir-top elementor-widget elementor-widget-ha-infobox happy-addon ha-infobox\" data-id=\"a0a3715\" data-element_type=\"widget\" data-e-type=\"widget\" data-widget_type=\"ha-infobox.default\">\n\t\t\t\t<div class=\"elementor-widget-container\">\n\t\t\t\t\t\n\t\t\n\t\t<div class=\"ha-infobox-body\">\n\t\t\t<h3 class=\"ha-infobox-title\">Mantar nedir ve neden s\u00fcrd\u00fcr\u00fclebilir bir malzemedir?<\/h3>\n\t\t\t\t\t\t\t<div class=\"ha-infobox-text\">\n\t\t\t\t\t<p>Mantar, mantar me\u015fesi a\u011fac\u0131n\u0131n kabuklar\u0131ndan elde edilir. Bu a\u011fa\u00e7lar Akdeniz b\u00f6lgesinde, \u00f6zellikle de 200 y\u0131la kadar ya\u015fayabilen G\u00fcney Portekiz'in k\u0131rsal b\u00f6lgelerinde ya\u015famaktad\u0131r. Hasat mevsiminde a\u011fa\u00e7lar\u0131n kesilmesi gerekmedi\u011finden, kabuklar yakla\u015f\u0131k 8-9 y\u0131l i\u00e7inde yeniden olu\u015facakt\u0131r.\n\n<\/p>\n\t\t\t\t<\/div>\n\t\t\t\n\t\t\t\t\t<\/div>\n\t\t\t\t\t\t<\/div>\n\t\t\t\t<\/div>\n\t\t\t\t<div class=\"elementor-element elementor-element-4ba44c4 ha-infobox-media-dir-top elementor-widget elementor-widget-ha-infobox happy-addon ha-infobox\" data-id=\"4ba44c4\" data-element_type=\"widget\" data-e-type=\"widget\" data-widget_type=\"ha-infobox.default\">\n\t\t\t\t<div class=\"elementor-widget-container\">\n\t\t\t\t\t\n\t\t\n\t\t<div class=\"ha-infobox-body\">\n\t\t\t<h3 class=\"ha-infobox-title\">Mantar kuma\u015f nas\u0131l yap\u0131ld\u0131? Hangi yap\u0131\u015ft\u0131r\u0131c\u0131y\u0131 kulland\u0131n\u0131z?<\/h3>\n\t\t\t\t\t\t\t<div class=\"ha-infobox-text\">\n\t\t\t\t\t<p>\u00c7ok ince mantar kuma\u015f tabakalar\u0131, mantar me\u015fesi a\u011fac\u0131n\u0131n kabu\u011fundan makine ile soyulur ve bir tekstil destek \/ deste\u011fe yap\u0131\u015ft\u0131r\u0131l\u0131r. Su bazl\u0131 tutkal (lateksten yap\u0131lm\u0131\u015f) kullan\u0131yoruz, koku yok ve sa\u011fl\u0131\u011f\u0131m\u0131z i\u00e7in \u00e7evre dostu.\n\n<\/p>\n\t\t\t\t<\/div>\n\t\t\t\n\t\t\t\t\t<\/div>\n\t\t\t\t\t\t<\/div>\n\t\t\t\t<\/div>\n\t\t\t\t<div class=\"elementor-element elementor-element-4d10fd4 ha-infobox-media-dir-top elementor-widget elementor-widget-ha-infobox happy-addon ha-infobox\" data-id=\"4d10fd4\" data-element_type=\"widget\" data-e-type=\"widget\" data-widget_type=\"ha-infobox.default\">\n\t\t\t\t<div class=\"elementor-widget-container\">\n\t\t\t\t\t\n\t\t\n\t\t<div class=\"ha-infobox-body\">\n\t\t\t<h3 class=\"ha-infobox-title\">Ne t\u00fcr bir mantar kuma\u015f destek kulland\u0131n\u0131z?<\/h3>\n\t\t\t\t\t\t\t<div class=\"ha-infobox-text\">\n\t\t\t\t\t<p>\u00dcretim s\u00fcrecimiz farkl\u0131 desteklerle \u00e7al\u0131\u015fmam\u0131za olanak tan\u0131yor.<br>\n- TC destek (kal\u0131nl\u0131k 0.25mm, 0.55 ve 0.8mm'dir) veya geri d\u00f6n\u00fc\u015ft\u00fcr\u00fclm\u00fc\u015f TC kuma\u015f.<br>\n- PU deri destek (0,65 mm).<br>\n- mikrofiber destek (0,65 mm, 1,0 mm).<br>\n -pamuk veya keten destek (0,3 mm).<br>\n- kanvas destek (0,9 mm).<br>\n- soya lifi + tencel veya m\u0131s\u0131r lifi destek.<br>\n- kraft ka\u011f\u0131t destek (0,2 mm).<br><\/p>\n\t\t\t\t<\/div>\n\t\t\t\n\t\t\t\t\t<\/div>\n\t\t\t\t\t\t<\/div>\n\t\t\t\t<\/div>\n\t\t\t\t<div class=\"elementor-element elementor-element-740874e ha-infobox-media-dir-top elementor-widget elementor-widget-ha-infobox happy-addon ha-infobox\" data-id=\"740874e\" data-element_type=\"widget\" data-e-type=\"widget\" data-widget_type=\"ha-infobox.default\">\n\t\t\t\t<div class=\"elementor-widget-container\">\n\t\t\t\t\t\n\t\t\n\t\t<div class=\"ha-infobox-body\">\n\t\t\t<h3 class=\"ha-infobox-title\">Mantar kuma\u015f\u0131 ne yapmak i\u00e7in kullan\u0131labilir?<\/h3>\n\t\t\t\t\t\t\t<div class=\"ha-infobox-text\">\n\t\t\t\t\t<p>El yap\u0131m\u0131 \u00e7antalar, c\u00fczdanlar ve \u00e7antalar, DIY el sanatlar\u0131 projeleri, ayakkab\u0131 taban\u0131 ve \u00fcst\u00fc, Yoga matlar\u0131 ve bloklar\u0131 veya d\u00f6\u015feme duvar ka\u011f\u0131d\u0131 yapmak i\u00e7in kullanabilirsiniz. Mantar kuma\u015f\u0131, deri veya vinile inan\u0131lmaz bir alternatif olan \u00e7evre dostu bir malzemedir.\u00a0<\/p>\n\t\t\t\t<\/div>\n\t\t\t\n\t\t\t\t\t<\/div>\n\t\t\t\t\t\t<\/div>\n\t\t\t\t<\/div>\n\t\t\t\t<\/div>\n\t\t<div class=\"elementor-element elementor-element-5fb7a6c e-con-full e-flex e-con e-child\" data-id=\"5fb7a6c\" data-element_type=\"container\" data-e-type=\"container\" data-settings=\"{&quot;_ha_eqh_enable&quot;:false}\">\n\t\t\t\t<div class=\"elementor-element elementor-element-1d41be6 ha-infobox-media-dir-top elementor-widget elementor-widget-ha-infobox happy-addon ha-infobox\" data-id=\"1d41be6\" data-element_type=\"widget\" data-e-type=\"widget\" data-widget_type=\"ha-infobox.default\">\n\t\t\t\t<div class=\"elementor-widget-container\">\n\t\t\t\t\t\n\t\t\n\t\t<div class=\"ha-infobox-body\">\n\t\t\t<h3 class=\"ha-infobox-title\">Mantar kuma\u015f \u00fczerine kendi desenimi \u00f6zelle\u015ftirebilir miyim? MOQ nedir?<\/h3>\n\t\t\t\t\t\t\t<div class=\"ha-infobox-text\">\n\t\t\t\t\t<p>Evet, OEM kendi deseninizi kabul ediyoruz. \u0130pek bask\u0131 tasar\u0131m\u0131 ise, MOQ 300 yarda; Dijital bask\u0131 ise, MOQ 100 yarda. Do\u011fal renkte sadece kar\u0131\u015f\u0131k desen ise, 21 * 32CM, 150 adet yaprakta k\u00fc\u00e7\u00fck boyutlu kuma\u015f yapabiliriz.\n<\/p>\n\t\t\t\t<\/div>\n\t\t\t\n\t\t\t\t\t<\/div>\n\t\t\t\t\t\t<\/div>\n\t\t\t\t<\/div>\n\t\t\t\t<div class=\"elementor-element elementor-element-ebd6f35 ha-infobox-media-dir-top elementor-widget elementor-widget-ha-infobox happy-addon ha-infobox\" data-id=\"ebd6f35\" data-element_type=\"widget\" data-e-type=\"widget\" data-widget_type=\"ha-infobox.default\">\n\t\t\t\t<div class=\"elementor-widget-container\">\n\t\t\t\t\t\n\t\t\n\t\t<div class=\"ha-infobox-body\">\n\t\t\t<h3 class=\"ha-infobox-title\">Mantar kuma\u015f\u0131n\u0131z\u0131n \u00f6l\u00e7\u00fcs\u00fc nedir? Kendi bedenimi alabilir miyim?<\/h3>\n\t\t\t\t\t\t\t<div class=\"ha-infobox-text\">\n\t\t\t\t\t<p>\u0130ki boyutumuz var, \u00e7o\u011fu 1.35m geni\u015fli\u011finde, rulolarla paketleniyor. Di\u011feri 64 * 95CM levhad\u0131r.<br>\n\nEvet, 8 \"X12\" gibi istedi\u011finiz boyuta g\u00f6re kesim yapabiliriz.\n<\/p>\n\t\t\t\t<\/div>\n\t\t\t\n\t\t\t\t\t<\/div>\n\t\t\t\t\t\t<\/div>\n\t\t\t\t<\/div>\n\t\t\t\t<div class=\"elementor-element elementor-element-bf18089 ha-infobox-media-dir-top elementor-widget elementor-widget-ha-infobox happy-addon ha-infobox\" data-id=\"bf18089\" data-element_type=\"widget\" data-e-type=\"widget\" data-widget_type=\"ha-infobox.default\">\n\t\t\t\t<div class=\"elementor-widget-container\">\n\t\t\t\t\t\n\t\t\n\t\t<div class=\"ha-infobox-body\">\n\t\t\t<h3 class=\"ha-infobox-title\">Mantar kuma\u015f i\u00e7in kal\u0131nl\u0131k nedir? Sipari\u015f i\u00e7in MOQ'unuz nedir?<\/h3>\n\t\t\t\t\t\t\t<div class=\"ha-infobox-text\">\n\t\t\t\t\t<p>Genel olarak, en kaliteli mantar kuma\u015f 0,15 ila 0,2MM civar\u0131ndayd\u0131. Ne kadar ince olursa o kadar iyidir. \u00c7\u00fcnk\u00fc daha ince, daha yumu\u015fak ve iyi cilalanm\u0131\u015f demektir. B\u00fck\u00fcld\u00fc\u011f\u00fcnde \u00e7atlamas\u0131 veya k\u0131r\u0131lmas\u0131 kolay de\u011fildir.\n\n<br>  Genellikle normal \u00fcr\u00fcnler i\u00e7in envanterimiz vard\u0131r. Bu y\u00fczden test sipari\u015fi olarak bir veya iki metre gibi k\u00fc\u00e7\u00fck miktarlar\u0131 kabul ediyoruz.<\/p>\n\t\t\t\t<\/div>\n\t\t\t\n\t\t\t\t\t<\/div>\n\t\t\t\t\t\t<\/div>\n\t\t\t\t<\/div>\n\t\t\t\t<div class=\"elementor-element elementor-element-0e9346b ha-infobox-media-dir-top elementor-widget elementor-widget-ha-infobox happy-addon ha-infobox\" data-id=\"0e9346b\" data-element_type=\"widget\" data-e-type=\"widget\" data-widget_type=\"ha-infobox.default\">\n\t\t\t\t<div class=\"elementor-widget-container\">\n\t\t\t\t\t\n\t\t\n\t\t<div class=\"ha-infobox-body\">\n\t\t\t<h3 class=\"ha-infobox-title\">Portekiz yerine \u00c7in'den mantar kuma\u015f toptan sat\u0131\u015f\u0131n\u0131n herhangi bir faydas\u0131 var m\u0131?<\/h3>\n\t\t\t\t\t\t\t<div class=\"ha-infobox-text\">\n\t\t\t\t\t<p>K\u0131sacas\u0131, \u00c7in \u00e7ok daha iyi bir end\u00fcstri zincirine sahip. H\u0131zl\u0131 teslimat ile karma\u015f\u0131k \u00fcr\u00fcnler yapabiliyoruz. Portekiz'de daha fazla toptanc\u0131 olabilir, ancak HZ cork fiyatlar\u0131m\u0131z\u0131n daha rekabet\u00e7i olabilece\u011fini ve hizmetimizin beklentilerinizi \u00e7ok a\u015ft\u0131\u011f\u0131n\u0131 garanti edebilir.<\/p>\n\t\t\t\t<\/div>\n\t\t\t\n\t\t\t\t\t<\/div>\n\t\t\t\t\t\t<\/div>\n\t\t\t\t<\/div>\n\t\t\t\t<\/div>\n\t\t<div class=\"elementor-element elementor-element-6b186fb e-con-full e-flex e-con e-child\" data-id=\"6b186fb\" data-element_type=\"container\" data-e-type=\"container\" data-settings=\"{&quot;_ha_eqh_enable&quot;:false}\">\n\t\t\t\t<div class=\"elementor-element elementor-element-9f844ff ha-infobox-media-dir-top elementor-widget elementor-widget-ha-infobox happy-addon ha-infobox\" data-id=\"9f844ff\" data-element_type=\"widget\" data-e-type=\"widget\" data-widget_type=\"ha-infobox.default\">\n\t\t\t\t<div class=\"elementor-widget-container\">\n\t\t\t\t\t\n\t\t\n\t\t<div class=\"ha-infobox-body\">\n\t\t\t<h3 class=\"ha-infobox-title\">Mantar kuma\u015f \u00fcretimine mi yoksa mantar \u00e7anta \u00fcretimine mi odaklan\u0131yorsunuz?<\/h3>\n\t\t\t\t\t\t\t<div class=\"ha-infobox-text\">\n\t\t\t\t\t<p>Evet, hem mantar kuma\u015f hem de mantar \u00e7anta \u00fcretimine odaklan\u0131yoruz. Kuma\u015f envanterimiz oldu\u011fundan, h\u0131zl\u0131 teslimat ile k\u00fc\u00e7\u00fck miktarlarda mantar \u00e7anta yapmay\u0131 kabul edebiliriz.<\/p>\n\t\t\t\t<\/div>\n\t\t\t\n\t\t\t\t\t<\/div>\n\t\t\t\t\t\t<\/div>\n\t\t\t\t<\/div>\n\t\t\t\t<div class=\"elementor-element elementor-element-be1e749 ha-infobox-media-dir-top elementor-widget elementor-widget-ha-infobox happy-addon ha-infobox\" data-id=\"be1e749\" data-element_type=\"widget\" data-e-type=\"widget\" data-widget_type=\"ha-infobox.default\">\n\t\t\t\t<div class=\"elementor-widget-container\">\n\t\t\t\t\t\n\t\t\n\t\t<div class=\"ha-infobox-body\">\n\t\t\t<h3 class=\"ha-infobox-title\">\u00d6deme se\u00e7enekleri nelerdir? Sat\u0131\u015flar iyi olmazsa para iadesi alabilir miyim?<\/h3>\n\t\t\t\t\t\t\t<div class=\"ha-infobox-text\">\n\t\t\t\t\t<p>Daha d\u00fc\u015f\u00fck bir \u00fccreti olan Western Union'\u0131 veya biraz daha y\u00fcksek bir \u00fccreti kabul edebiliyorsan\u0131z Alibaba Ticaret G\u00fcvencesi \u00f6demesini kullanabilirsiniz, ancak l\u00fctfen yeni m\u00fc\u015fteriler i\u00e7in \u00f6demenin yaln\u0131zca 30% \/ T'sini depozito olarak kabul etti\u011fimizi, mallar bittikten ve incelendikten sonra \u00f6denen bakiyeyi kabul etti\u011fimizi unutmay\u0131n.<\/p>\n\t\t\t\t<\/div>\n\t\t\t\n\t\t\t\t\t<\/div>\n\t\t\t\t\t\t<\/div>\n\t\t\t\t<\/div>\n\t\t\t\t<div class=\"elementor-element elementor-element-93877f6 ha-infobox-media-dir-top elementor-widget elementor-widget-ha-infobox happy-addon ha-infobox\" data-id=\"93877f6\" data-element_type=\"widget\" data-e-type=\"widget\" data-widget_type=\"ha-infobox.default\">\n\t\t\t\t<div class=\"elementor-widget-container\">\n\t\t\t\t\t\n\t\t\n\t\t<div class=\"ha-infobox-body\">\n\t\t\t<h3 class=\"ha-infobox-title\">\u00dcr\u00fcnleri teslim almam genellikle ne kadar s\u00fcrer?<\/h3>\n\t\t\t\t\t\t\t<div class=\"ha-infobox-text\">\n\t\t\t\t\t<p>Desen ve boyut \u00fczerinde \u00f6zelle\u015ftirme yapmak isteyip istemedi\u011finize ve ayr\u0131ca g\u00fcmr\u00fckleme ve lojistik h\u0131z\u0131na ba\u011fl\u0131d\u0131r, ancak normal stok \u00fcr\u00fcn\u00fcn\u00fc 2 i\u015f g\u00fcn\u00fcnden daha k\u0131sa s\u00fcrede g\u00f6ndermeyi garanti edebiliriz ve ABD ve Avrupa'da mallar\u0131 2 haftadan daha k\u0131sa s\u00fcrede alan m\u00fc\u015fterilerimiz var.<\/p>\n\t\t\t\t<\/div>\n\t\t\t\n\t\t\t\t\t<\/div>\n\t\t\t\t\t\t<\/div>\n\t\t\t\t<\/div>\n\t\t\t\t<div class=\"elementor-element elementor-element-50678ef ha-infobox-media-dir-top elementor-widget elementor-widget-ha-infobox happy-addon ha-infobox\" data-id=\"50678ef\" data-element_type=\"widget\" data-e-type=\"widget\" data-widget_type=\"ha-infobox.default\">\n\t\t\t\t<div class=\"elementor-widget-container\">\n\t\t\t\t\t\n\t\t\n\t\t<div class=\"ha-infobox-body\">\n\t\t\t<h3 class=\"ha-infobox-title\">Mallar\u0131 nas\u0131l paketliyor ve g\u00f6nderiyorsunuz?<\/h3>\n\t\t\t\t\t\t\t<div class=\"ha-infobox-text\">\n\t\t\t\t\t<p>Mantar kuma\u015f\u0131 rulolarla, rulo ba\u015f\u0131na 50 yarda, br\u00fct a\u011f\u0131rl\u0131k 25-35kgs, 150 * 25 * 25cm olarak paketliyoruz. Hava veya deniz yoluyla g\u00f6nderilebilir.<\/p>\n\t\t\t\t<\/div>\n\t\t\t\n\t\t\t\t\t<\/div>\n\t\t\t\t\t\t<\/div>\n\t\t\t\t<\/div>\n\t\t\t\t<\/div>\n\t\t\t\t<\/div>\n\t\t\t\t<\/div>\n\t\t\t\t\t<\/div>\n\t\t\t\t<\/div>\n\t\t\t\t<\/div>","protected":false},"excerpt":{"rendered":"<p>Mantar Kuma\u015f Hakk\u0131nda SSS Akl\u0131n\u0131za Tak\u0131lan T\u00fcm Sorularda Size Yard\u0131mc\u0131 Olmak \u0130\u00e7in Buraday\u0131z Mantar nedir ve neden s\u00fcrd\u00fcr\u00fclebilir bir malzemedir? Mantar, mantar me\u015fesi a\u011fac\u0131n\u0131n kabuklar\u0131ndan elde edilir. A\u011fa\u00e7lar Akdeniz b\u00f6lgesinde, \u00f6zellikle de G\u00fcney Portekiz'in k\u0131rsal kesimlerinde ya\u015far - a\u011fa\u00e7lar\u0131n [...]<\/p>","protected":false},"author":1,"featured_media":0,"parent":0,"menu_order":5,"comment_status":"closed","ping_status":"closed","template":"elementor_header_footer","meta":{"footnotes":""},"class_list":["post-3358","page","type-page","status-publish","hentry"],"_links":{"self":[{"href":"https:\/\/hzcork.com\/tr\/wp-json\/wp\/v2\/pages\/3358","targetHints":{"allow":["GET"]}}],"collection":[{"href":"https:\/\/hzcork.com\/tr\/wp-json\/wp\/v2\/pages"}],"about":[{"href":"https:\/\/hzcork.com\/tr\/wp-json\/wp\/v2\/types\/page"}],"author":[{"embeddable":true,"href":"https:\/\/hzcork.com\/tr\/wp-json\/wp\/v2\/users\/1"}],"replies":[{"embeddable":true,"href":"https:\/\/hzcork.com\/tr\/wp-json\/wp\/v2\/comments?post=3358"}],"version-history":[{"count":0,"href":"https:\/\/hzcork.com\/tr\/wp-json\/wp\/v2\/pages\/3358\/revisions"}],"wp:attachment":[{"href":"https:\/\/hzcork.com\/tr\/wp-json\/wp\/v2\/media?parent=3358"}],"curies":[{"name":"wp","href":"https:\/\/api.w.org\/{rel}","templated":true}]}}