{"id":3,"date":"2021-05-07T09:38:43","date_gmt":"2021-05-07T09:38:43","guid":{"rendered":"https:\/\/demo.creativethemes.com\/blocksy\/yogi\/?page_id=3"},"modified":"2025-05-27T14:36:15","modified_gmt":"2025-05-27T06:36:15","slug":"privacy-notice","status":"publish","type":"page","link":"https:\/\/hzcork.com\/tr\/privacy-notice\/","title":{"rendered":"Gizlilik Bildirimi"},"content":{"rendered":"<div data-elementor-type=\"wp-page\" data-elementor-id=\"3\" class=\"elementor elementor-3\" data-elementor-settings=\"{&quot;ha_cmc_init_switcher&quot;:&quot;no&quot;}\" data-elementor-post-type=\"page\">\n\t\t\t\t\t\t<section class=\"elementor-section elementor-top-section elementor-element elementor-element-400fdfb5 elementor-section-boxed elementor-section-height-default elementor-section-height-default\" data-id=\"400fdfb5\" data-element_type=\"section\" data-e-type=\"section\" data-settings=\"{&quot;_ha_eqh_enable&quot;:false}\">\n\t\t\t\t\t\t<div class=\"elementor-container elementor-column-gap-default\">\n\t\t\t\t\t<div class=\"elementor-column elementor-col-100 elementor-top-column elementor-element elementor-element-5add7e5c\" data-id=\"5add7e5c\" data-element_type=\"column\" data-e-type=\"column\">\n\t\t\t<div class=\"elementor-widget-wrap elementor-element-populated\">\n\t\t\t\t\t\t<div class=\"elementor-element elementor-element-dea1970 elementor-widget elementor-widget-heading\" data-id=\"dea1970\" data-element_type=\"widget\" data-e-type=\"widget\" data-widget_type=\"heading.default\">\n\t\t\t\t<div class=\"elementor-widget-container\">\n\t\t\t\t\t<h1 class=\"elementor-heading-title elementor-size-default\">HZ CORK Gizlilik Bildirimi<\/h1>\t\t\t\t<\/div>\n\t\t\t\t<\/div>\n\t\t\t\t<div class=\"elementor-element elementor-element-5a92ceb elementor-widget elementor-widget-text-editor\" data-id=\"5a92ceb\" data-element_type=\"widget\" data-e-type=\"widget\" data-widget_type=\"text-editor.default\">\n\t\t\t\t<div class=\"elementor-widget-container\">\n\t\t\t\t\t\t\t\t\t<p>Gizlili\u011finiz bizim i\u00e7in \u00f6nemlidir. Web sitemizde sizden toplayabilece\u011fimiz her t\u00fcrl\u00fc bilgi ile ilgili olarak gizlili\u011finize sayg\u0131 g\u00f6stermek HZCORK'un politikas\u0131d\u0131r,\u00a0<a href=\"https:\/\/hzcork.com\/tr\/\">https:\/\/hzcork.com<\/a>ve sahip oldu\u011fumuz ve i\u015fletti\u011fimiz di\u011fer siteler.<\/p><p>Ki\u015fisel bilgileri yaln\u0131zca size bir hizmet sunmak i\u00e7in ger\u00e7ekten ihtiyac\u0131m\u0131z oldu\u011funda isteriz. Bu bilgileri adil ve yasal yollarla, sizin bilginiz ve r\u0131zan\u0131z dahilinde topluyoruz. Ayr\u0131ca bu bilgileri neden toplad\u0131\u011f\u0131m\u0131z\u0131 ve nas\u0131l kullan\u0131laca\u011f\u0131n\u0131 da size bildiriyoruz.<\/p><p>Toplanan bilgileri yaln\u0131zca talep etti\u011finiz hizmeti size sa\u011flamak i\u00e7in gerekli oldu\u011fu s\u00fcrece saklar\u0131z. Saklad\u0131\u011f\u0131m\u0131z verileri, kay\u0131p ve h\u0131rs\u0131zl\u0131\u011f\u0131n yan\u0131 s\u0131ra yetkisiz eri\u015fim, if\u015fa, kopyalama, kullan\u0131m veya de\u011fi\u015fiklikleri \u00f6nlemek i\u00e7in ticari olarak kabul edilebilir yollarla koruyaca\u011f\u0131z.<\/p><p>Yasalar\u0131n gerektirdi\u011fi durumlar d\u0131\u015f\u0131nda, ki\u015fisel olarak tan\u0131mlay\u0131c\u0131 hi\u00e7bir bilgiyi kamuya a\u00e7\u0131k olarak veya \u00fc\u00e7\u00fcnc\u00fc taraflarla payla\u015fmay\u0131z.<\/p><p>Web sitemiz bizim taraf\u0131m\u0131zdan i\u015fletilmeyen harici sitelere ba\u011flant\u0131 verebilir. Bu sitelerin i\u00e7eri\u011fi ve uygulamalar\u0131 \u00fczerinde hi\u00e7bir kontrol\u00fcm\u00fcz olmad\u0131\u011f\u0131n\u0131 ve ilgili gizlilik politikalar\u0131 i\u00e7in sorumluluk veya y\u00fck\u00fcml\u00fcl\u00fck kabul edemeyece\u011fimizi l\u00fctfen unutmay\u0131n.<\/p><p>\u0130stedi\u011finiz hizmetlerden baz\u0131lar\u0131n\u0131 size sa\u011flayamayabilece\u011fimiz anlay\u0131\u015f\u0131yla, ki\u015fisel bilgilerinize y\u00f6nelik talebimizi reddetmekte \u00f6zg\u00fcrs\u00fcn\u00fcz.<\/p><p>Web sitemizi kullanmaya devam etmeniz, gizlilik ve ki\u015fisel bilgilerle ilgili uygulamalar\u0131m\u0131z\u0131 kabul etti\u011finiz anlam\u0131na gelecektir. Kullan\u0131c\u0131 verilerini ve ki\u015fisel bilgileri nas\u0131l i\u015fledi\u011fimiz hakk\u0131nda herhangi bir sorunuz varsa, bizimle ileti\u015fime ge\u00e7mekten \u00e7ekinmeyin.<\/p><p>Bu politika 4 Eyl\u00fcl 2021 tarihinden itibaren ge\u00e7erlidir.<\/p>\t\t\t\t\t\t\t\t<\/div>\n\t\t\t\t<\/div>\n\t\t\t\t\t<\/div>\n\t\t<\/div>\n\t\t\t\t\t<\/div>\n\t\t<\/section>\n\t\t\t\t<\/div>","protected":false},"excerpt":{"rendered":"<p>HZ CORK Gizlilik Bildirimi Gizlili\u011finiz bizim i\u00e7in \u00f6nemlidir. Web sitemiz, https:\/\/hzcork.com ve sahip oldu\u011fumuz ve i\u015fletti\u011fimiz di\u011fer sitelerde sizden toplayabilece\u011fimiz her t\u00fcrl\u00fc bilgi ile ilgili olarak gizlili\u011finize sayg\u0131 duymak HZCORK'un politikas\u0131d\u0131r. Ki\u015fisel bilgileri yaln\u0131zca size bir hizmet sunmak i\u00e7in ger\u00e7ekten ihtiya\u00e7 duydu\u011fumuzda isteriz. Toplad\u0131\u011f\u0131m\u0131z [...]<\/p>","protected":false},"author":1,"featured_media":0,"parent":0,"menu_order":7,"comment_status":"closed","ping_status":"closed","template":"","meta":{"footnotes":""},"class_list":["post-3","page","type-page","status-publish","hentry"],"_links":{"self":[{"href":"https:\/\/hzcork.com\/tr\/wp-json\/wp\/v2\/pages\/3","targetHints":{"allow":["GET"]}}],"collection":[{"href":"https:\/\/hzcork.com\/tr\/wp-json\/wp\/v2\/pages"}],"about":[{"href":"https:\/\/hzcork.com\/tr\/wp-json\/wp\/v2\/types\/page"}],"author":[{"embeddable":true,"href":"https:\/\/hzcork.com\/tr\/wp-json\/wp\/v2\/users\/1"}],"replies":[{"embeddable":true,"href":"https:\/\/hzcork.com\/tr\/wp-json\/wp\/v2\/comments?post=3"}],"version-history":[{"count":0,"href":"https:\/\/hzcork.com\/tr\/wp-json\/wp\/v2\/pages\/3\/revisions"}],"wp:attachment":[{"href":"https:\/\/hzcork.com\/tr\/wp-json\/wp\/v2\/media?parent=3"}],"curies":[{"name":"wp","href":"https:\/\/api.w.org\/{rel}","templated":true}]}}