{"id":7457,"date":"2021-09-16T05:47:11","date_gmt":"2021-09-16T05:47:11","guid":{"rendered":"http:\/\/hzcork.com\/?post_type=product&#038;p=7457"},"modified":"2021-10-19T09:01:48","modified_gmt":"2021-10-19T09:01:48","slug":"black-rainbow-cork-card-holder","status":"publish","type":"product","link":"https:\/\/hzcork.com\/pt\/black-rainbow-cork-card-holder\/","title":{"rendered":"Porta-cart\u00f5es em corti\u00e7a preta Rainbow"},"content":{"rendered":"<p>Q1, a corti\u00e7a \u00e9 dur\u00e1vel?<\/p>\n<p>A estrutura celular em favo de mel da corti\u00e7a torna-a num excelente isolante: t\u00e9rmico e ac\u00fastico. De facto, a qualidade e a flexibilidade dos produtos em tecido de corti\u00e7a podem ser comparadas \u00e0s dos artigos em pele.<\/p>\n<p>Q2, Quanto tempo duram as malas de m\u00e3o em corti\u00e7a?<\/p>\n<p>Como sabe, a parte mais importante dos sacos de corti\u00e7a inclui o tecido de corti\u00e7a, o forro e as ferragens. O tecido de corti\u00e7a \u00e9 dur\u00e1vel, as ferragens que utilizamos s\u00e3o muito resistentes, pelo que durar\u00e3o muito tempo <b>uma vida inteira<\/b>mesmo que as transporte diariamente. Utilizamos tamb\u00e9m um acolchoamento suave no interior para manter a forma perfeita.<\/p>\n<p>Q3, Como manter os sacos e carteiras de corti\u00e7a?<\/p>\n<p>Manter os sacos de corti\u00e7a limpos \u00e9 f\u00e1cil, basta <b>mergulhar uma pequena toalha de m\u00e3o em \u00e1gua morna<\/b> (misturado com um pouco de sab\u00e3o suave) e esfregue as manchas ou marcas negras da superf\u00edcie da corti\u00e7a.<\/p>\n<p>Q4, posso lavar as malas de m\u00e3o em corti\u00e7a, s\u00e3o \u00e0 prova de \u00e1gua?<\/p>\n<p>Sim, a corti\u00e7a \u00e9 imperme\u00e1vel, pode molh\u00e1-la sem medo. Pense na rolha de vinho. Mas n\u00e3o sugerimos que mergulhe os sacos de corti\u00e7a na \u00e1gua durante muito tempo, nem na m\u00e1quina de lavar.<\/p>\n<p>Uma vez que o tecido de corti\u00e7a aderiu a um suporte t\u00eaxtil, a cola era \u00e0 base de \u00e1gua.<\/p>","protected":false},"excerpt":{"rendered":"<p>O porta-cart\u00f5es em corti\u00e7a \u00e9 macio ao toque, com manchas brilhantes do arco-\u00edris, feito \u00e0 m\u00e3o em pele vegan, um tecido de corti\u00e7a sem crueldade. O porta-cart\u00f5es em corti\u00e7a \u00e9 uma solu\u00e7\u00e3o inteligente para os seus cart\u00f5es de cr\u00e9dito, cart\u00f5es de visita e dinheiro. \u00c9 f\u00e1cil de transportar. Temos imensos conjuntos de cores para a sua escolha, esta carteira de cart\u00e3o vegan \u00e9 um must em que pode confiar quando sai \u00e0 rua.<\/p>\n<p><strong>Carater\u00edsticas: <\/strong><\/p>\n<ul>\n<li>5 ranhuras para cart\u00f5es de cr\u00e9dito (2 \u00e0 frente + 3 atr\u00e1s)<\/li>\n<li>Bolso central para dinheiro e notas dobradas<\/li>\n<li>Seguran\u00e7a RFID<\/li>\n<li>Correia de nylon dobr\u00e1vel no interior do bolso central, f\u00e1cil de retirar o dinheiro<\/li>\n<li>Dimens\u00e3o: 100 x 80 x 5 (mm)<\/li>\n<\/ul>\n<p>&nbsp;<\/p>","protected":false},"featured_media":8099,"template":"","meta":[],"product_brand":[],"product_cat":[148,161,150],"product_tag":[196,190,189,186,184,195,183,185,191,192,193,197,187,194,188],"class_list":{"0":"post-7457","1":"product","2":"type-product","3":"status-publish","4":"has-post-thumbnail","6":"product_cat-cork-bags","7":"product_cat-cork-purse","8":"product_cat-cork-wallets","9":"product_tag-buiness-card-holder","10":"product_tag-business-card-case","11":"product_tag-cork-business-card-case","12":"product_tag-cork-card-case","13":"product_tag-cork-card-holder","14":"product_tag-cork-card-wallet","15":"product_tag-cork-cardholder","16":"product_tag-cork-coin-purse","17":"product_tag-cork-name-card-case","18":"product_tag-cork-name-card-holder","19":"product_tag-cork-pocket","20":"product_tag-credit-card-holder","21":"product_tag-credit-card-wallet","22":"product_tag-vegan-card-case","23":"product_tag-vegan-leather-wallet","25":"first","26":"instock","27":"shipping-taxable","28":"product-type-simple"},"_links":{"self":[{"href":"https:\/\/hzcork.com\/pt\/wp-json\/wp\/v2\/product\/7457","targetHints":{"allow":["GET"]}}],"collection":[{"href":"https:\/\/hzcork.com\/pt\/wp-json\/wp\/v2\/product"}],"about":[{"href":"https:\/\/hzcork.com\/pt\/wp-json\/wp\/v2\/types\/product"}],"version-history":[{"count":0,"href":"https:\/\/hzcork.com\/pt\/wp-json\/wp\/v2\/product\/7457\/revisions"}],"wp:featuredmedia":[{"embeddable":true,"href":"https:\/\/hzcork.com\/pt\/wp-json\/wp\/v2\/media\/8099"}],"wp:attachment":[{"href":"https:\/\/hzcork.com\/pt\/wp-json\/wp\/v2\/media?parent=7457"}],"wp:term":[{"taxonomy":"product_brand","embeddable":true,"href":"https:\/\/hzcork.com\/pt\/wp-json\/wp\/v2\/product_brand?post=7457"},{"taxonomy":"product_cat","embeddable":true,"href":"https:\/\/hzcork.com\/pt\/wp-json\/wp\/v2\/product_cat?post=7457"},{"taxonomy":"product_tag","embeddable":true,"href":"https:\/\/hzcork.com\/pt\/wp-json\/wp\/v2\/product_tag?post=7457"}],"curies":[{"name":"wp","href":"https:\/\/api.w.org\/{rel}","templated":true}]}}