{"id":12882,"date":"2022-01-19T16:43:05","date_gmt":"2022-01-19T08:43:05","guid":{"rendered":"http:\/\/hzcork.com\/?post_type=product&#038;p=12882"},"modified":"2022-01-19T16:43:08","modified_gmt":"2022-01-19T08:43:08","slug":"swedish-blue-simple-large-capacity-cork-handbag","status":"publish","type":"product","link":"https:\/\/hzcork.com\/pt\/swedish-blue-simple-large-capacity-cork-handbag\/","title":{"rendered":"Azul sueco Bolsa de corti\u00e7a simples de grande capacidade"},"content":{"rendered":"<p>Q1, As malas de m\u00e3o em corti\u00e7a s\u00e3o duradouras?<\/p>\n<p>A estrutura celular alveolar da corti\u00e7a torna-a num excelente isolante: t\u00e9rmico e ac\u00fastico. O elevado coeficiente de fric\u00e7\u00e3o da corti\u00e7a significa tamb\u00e9m que <b>\u00e9 dur\u00e1vel em situa\u00e7\u00f5es em que h\u00e1 fric\u00e7\u00e3o e abras\u00e3o regulares<\/b>. \u00c9 por isso que a corti\u00e7a \u00e9 um material de elei\u00e7\u00e3o at\u00e9 para a NASA.<\/p>\n<p>Q2, Quanto tempo duram as malas de m\u00e3o em corti\u00e7a?<\/p>\n<p>Como sabe, a parte mais importante dos sacos de corti\u00e7a inclui o tecido de corti\u00e7a, o forro e as ferragens. O tecido de corti\u00e7a \u00e9 dur\u00e1vel, as ferragens que utilizamos s\u00e3o muito resistentes, pelo que durar\u00e3o muito tempo <b>uma vida inteira<\/b>mesmo que as transporte diariamente. Utilizamos tamb\u00e9m um acolchoamento suave no interior para manter a forma perfeita.<\/p>\n<p>Q3, Como manter as malas de m\u00e3o em corti\u00e7a?<\/p>\n<p>Manter os sacos de corti\u00e7a limpos \u00e9 f\u00e1cil, basta <b>mergulhar uma pequena toalha de m\u00e3o em \u00e1gua morna<\/b> (misturado com um pouco de sab\u00e3o suave) e esfregue as manchas ou marcas negras da superf\u00edcie da corti\u00e7a.<\/p>\n<p>Q4, posso lavar as malas de m\u00e3o em corti\u00e7a, s\u00e3o \u00e0 prova de \u00e1gua?<\/p>\n<p>Sim, a corti\u00e7a \u00e9 imperme\u00e1vel, pode molh\u00e1-la sem medo. Pense na rolha de vinho. Mas n\u00e3o sugerimos que mergulhe os sacos de corti\u00e7a na \u00e1gua durante muito tempo, nem na m\u00e1quina de lavar.<\/p>\n<p>Uma vez que o tecido de corti\u00e7a aderiu a um suporte t\u00eaxtil, a cola era \u00e0 base de \u00e1gua.<\/p>","protected":false},"excerpt":{"rendered":"<p>A mala de m\u00e3o em corti\u00e7a de grande capacidade que pode conter muitas coisas para viagens ao ar livre.<\/p>\n<p>O azul sueco tem um acabamento texturado que acrescenta cor e uma sensa\u00e7\u00e3o de vibra\u00e7\u00e3o.<\/p>\n<p>O saco \u00e9 muito macio e confort\u00e1vel. O interior \u00e9 particularmente espa\u00e7oso para um computador port\u00e1til e tem bolsas no interior para uma boa funcionalidade.<\/p>\n<p>Fabricada \u00e0 m\u00e3o em pele vegan, tecido de corti\u00e7a leve e duradouro, sem crueldade.<\/p>\n<p>combinam moda de design \u00fanico e consci\u00eancia ecol\u00f3gica.<\/p>\n<p>- 100% sem animais, vegan aprovado pela PETA<\/p>\n<p>- Corti\u00e7a natural, certificada pelo FSC<\/p>\n<p>- Produto fabricado na China com corti\u00e7a portuguesa<\/p>\n<p>- Amigo do ambiente, dur\u00e1vel, recicl\u00e1vel e suave ao toque<\/p>\n<p><strong>Diferentes padr\u00f5es e cores para uma enorme escolha. OEM com design personalizado \u00e9 bem-vindo.<\/strong><\/p>\n<p><strong>MOQ pequeno, entrega r\u00e1pida, constru\u00e7\u00e3o complicada est\u00e3o dispon\u00edveis. Sem problema de desvanecimento da cor.<\/strong><\/p>\n<p><strong>Carater\u00edsticas:<\/strong><\/p>\n<p>Uma al\u00e7a de ombro s\u00f3lida<br \/>\nfecho de correr met\u00e1lico superior<br \/>\nInterior: 1 bolso com fecho de correr, 1 bolso deslizante<br \/>\nExterior: Tecido de corti\u00e7a sustent\u00e1vel azul sueco.<br \/>\nForro: algod\u00e3o 100%<br \/>\nFerragens: ferragens de alta qualidade e resistentes, incluindo fechos de correr e fivelas<br \/>\nTamanho: 50X15X30CM.<\/p>\n<p>&nbsp;<\/p>","protected":false},"featured_media":12888,"template":"","meta":[],"product_brand":[],"product_cat":[149,148],"product_tag":[249,171,169,172,170,247,248],"class_list":{"0":"post-12882","1":"product","2":"type-product","3":"status-publish","4":"has-post-thumbnail","6":"product_cat-cork-handbags","7":"product_cat-cork-bags","8":"product_tag-blue-vegan-bags","9":"product_tag-cork-bags","10":"product_tag-cork-handbag","11":"product_tag-cork-shoulder-bag","12":"product_tag-cork-tote-bag","13":"product_tag-cork-vegan-bags","14":"product_tag-vegan-fashion-bags","16":"first","17":"instock","18":"shipping-taxable","19":"product-type-simple"},"_links":{"self":[{"href":"https:\/\/hzcork.com\/pt\/wp-json\/wp\/v2\/product\/12882","targetHints":{"allow":["GET"]}}],"collection":[{"href":"https:\/\/hzcork.com\/pt\/wp-json\/wp\/v2\/product"}],"about":[{"href":"https:\/\/hzcork.com\/pt\/wp-json\/wp\/v2\/types\/product"}],"version-history":[{"count":0,"href":"https:\/\/hzcork.com\/pt\/wp-json\/wp\/v2\/product\/12882\/revisions"}],"wp:featuredmedia":[{"embeddable":true,"href":"https:\/\/hzcork.com\/pt\/wp-json\/wp\/v2\/media\/12888"}],"wp:attachment":[{"href":"https:\/\/hzcork.com\/pt\/wp-json\/wp\/v2\/media?parent=12882"}],"wp:term":[{"taxonomy":"product_brand","embeddable":true,"href":"https:\/\/hzcork.com\/pt\/wp-json\/wp\/v2\/product_brand?post=12882"},{"taxonomy":"product_cat","embeddable":true,"href":"https:\/\/hzcork.com\/pt\/wp-json\/wp\/v2\/product_cat?post=12882"},{"taxonomy":"product_tag","embeddable":true,"href":"https:\/\/hzcork.com\/pt\/wp-json\/wp\/v2\/product_tag?post=12882"}],"curies":[{"name":"wp","href":"https:\/\/api.w.org\/{rel}","templated":true}]}}