{"id":12002,"date":"2022-01-14T14:10:42","date_gmt":"2022-01-14T06:10:42","guid":{"rendered":"http:\/\/hzcork.com\/?post_type=product&#038;p=12002"},"modified":"2022-01-14T14:56:22","modified_gmt":"2022-01-14T06:56:22","slug":"bohemian-cork-drawstring-backpack","status":"publish","type":"product","link":"https:\/\/hzcork.com\/pt\/bohemian-cork-drawstring-backpack\/","title":{"rendered":"Mochila bo\u00e9mia com cord\u00e3o de corti\u00e7a"},"content":{"rendered":"<p>O tecido de corti\u00e7a \u00e9 um material dur\u00e1vel e atrativo feito de corti\u00e7a verdadeira. O tecido de corti\u00e7a mant\u00e9m-se muito bem ao longo do tempo<br \/>\nMochilas leves para todas as idades<br \/>\n\u00c0 prova de \u00e1gua: As propriedades naturais da corti\u00e7a repelem a humidade<br \/>\nA corti\u00e7a n\u00e3o mofa nem ganha bolor em climas h\u00famidos<br \/>\nAl\u00e9m disso, pode aplicar \u00f3leo para a pele na superf\u00edcie da corti\u00e7a para a manter macia e flex\u00edvel ao longo do tempo.<\/p>","protected":false},"excerpt":{"rendered":"<div>Marca: HZCORK<\/div>\n<div>Cor: Natural<\/div>\n<div>Material: Couro de corti\u00e7a vegan 100%<\/div>\n<div>Carater\u00edsticas do produto:<\/div>\n<div>A mochila com cord\u00e3o de corti\u00e7a \u00e9 um excelente saco ecol\u00f3gico, leve, elegante e pr\u00e1tico. Tem um fecho com cord\u00e3o na parte superior do saco.<br \/>\nEstes sacos podem ser utilizados para embalagem, como sacos de oferta e s\u00e3o reutiliz\u00e1veis.<br \/>\nEstes sacos t\u00eam um pre\u00e7o competitivo e s\u00e3o de alta qualidade.<br \/>\nEstas mochilas com cord\u00e3o s\u00e3o muito \u00fateis para quem procura um espa\u00e7o de arruma\u00e7\u00e3o suplementar.<br \/>\nRecomendamos que os sacos sejam lavados apenas \u00e0 m\u00e3o e que n\u00e3o sejam passados a ferro.<\/div>\n<p>Tamanho (aproximado): L = 40cm, H = 44cm<\/p>\n<p>Adicional: Al\u00e7as de ombro ajust\u00e1veis<\/p>","protected":false},"featured_media":12003,"template":"","meta":[],"product_brand":[],"product_cat":[163],"product_tag":[],"class_list":{"0":"post-12002","1":"product","2":"type-product","3":"status-publish","4":"has-post-thumbnail","6":"product_cat-cork-backpack","8":"first","9":"instock","10":"shipping-taxable","11":"product-type-simple"},"_links":{"self":[{"href":"https:\/\/hzcork.com\/pt\/wp-json\/wp\/v2\/product\/12002","targetHints":{"allow":["GET"]}}],"collection":[{"href":"https:\/\/hzcork.com\/pt\/wp-json\/wp\/v2\/product"}],"about":[{"href":"https:\/\/hzcork.com\/pt\/wp-json\/wp\/v2\/types\/product"}],"version-history":[{"count":0,"href":"https:\/\/hzcork.com\/pt\/wp-json\/wp\/v2\/product\/12002\/revisions"}],"wp:featuredmedia":[{"embeddable":true,"href":"https:\/\/hzcork.com\/pt\/wp-json\/wp\/v2\/media\/12003"}],"wp:attachment":[{"href":"https:\/\/hzcork.com\/pt\/wp-json\/wp\/v2\/media?parent=12002"}],"wp:term":[{"taxonomy":"product_brand","embeddable":true,"href":"https:\/\/hzcork.com\/pt\/wp-json\/wp\/v2\/product_brand?post=12002"},{"taxonomy":"product_cat","embeddable":true,"href":"https:\/\/hzcork.com\/pt\/wp-json\/wp\/v2\/product_cat?post=12002"},{"taxonomy":"product_tag","embeddable":true,"href":"https:\/\/hzcork.com\/pt\/wp-json\/wp\/v2\/product_tag?post=12002"}],"curies":[{"name":"wp","href":"https:\/\/api.w.org\/{rel}","templated":true}]}}