{"id":11993,"date":"2021-11-26T19:26:15","date_gmt":"2021-11-26T11:26:15","guid":{"rendered":"http:\/\/hzcork.com\/?post_type=product&#038;p=11993"},"modified":"2021-11-30T16:59:37","modified_gmt":"2021-11-30T08:59:37","slug":"peacock-green-fashion-women-cork-handbags","status":"publish","type":"product","link":"https:\/\/hzcork.com\/pt\/peacock-green-fashion-women-cork-handbags\/","title":{"rendered":"Peacock Green Fashion Women Cork Handbags"},"content":{"rendered":"<p><span style=\"color: #7a90b2;\"> MATERIAL: 100% pele vegana ( Couro de Corti\u00e7a ) com texturas naturais. Nenhum animal foi prejudicado.<br \/>\n* DESIGN: Decora\u00e7\u00e3o do anel em forma de \"O\" (n\u00e3o funcional) + pega em forma de D + tampa magn\u00e9tica curva + cor simples num s\u00f3 tom (verde pav\u00e3o). fundo plano com tachas. O design estruturado permite-lhe manter-se de p\u00e9 facilmente. Pode ser utilizada como mala de m\u00e3o para senhora, mala de tiracolo, mala de al\u00e7a superior, mala de trabalho, bolsa de moda, etc.<\/span><\/p>\n<div><span style=\"color: #7a90b2;\"><br \/>\n* DIMENS\u00c3O: Saco - 21*20*10CM (forma quadrada) Peso: 2,5 LB. Al\u00e7as de queda: 5 \u2033 A al\u00e7a de ombro est\u00e1 anexada (destac\u00e1vel). Pode caber Ipad, carteira, tablet pequeno, bolsa de maquiagem, etc. Grande conjunto de bolsas e escolha de presente para mulheres, senhoras.<\/span><\/div>\n<div><span style=\"color: #7a90b2;\"><br \/>\n* BOLSOS: 1 compartimento principal \/ 1 bolso interior com fecho de correr na parede traseira \/ 2 bolsos interiores abertos para objectos. Suficientemente espa\u00e7osa para guardar os seus objectos essenciais di\u00e1rios e organizar as suas coisas.<\/span><\/div>\n<div><span style=\"color: #7a90b2;\"><br \/>\n* SERVI\u00c7O P\u00d3S-VENDA: Oferecemos um excelente servi\u00e7o ao cliente. Se tiver algum problema, n\u00e3o hesite em contactar-nos por e-mail. Enviaremos um saco de substitui\u00e7\u00e3o\/pe\u00e7a correspondente o mais rapidamente poss\u00edvel. Os problemas ser\u00e3o resolvidos at\u00e9 ao fim.<\/span><\/div>\n<div><\/div>\n<div><b><span style=\"color: #ffc36d;\">Espero que a nossa empresa calorosa possa encontrar-se consigo e proporcionar-lhe uma experi\u00eancia diferente.<\/span><\/b><\/div>","protected":false},"excerpt":{"rendered":"<p><span data-spm-anchor-id=\"a2700.pc-decorate.0.i6.10bd3333ETWlFj\">Nome: Mala de m\u00e3o Cork Lady<\/span><\/p>\n<div>Marca: HZCORK<\/div>\n<div>Cor: verde pav\u00e3o<\/div>\n<div>Material: Pele de corti\u00e7a vegana 100%,<\/div>\n<div>Carater\u00edsticas do produto: mala de m\u00e3o em corti\u00e7a feita de casca de carvalho, que tem as vantagens do couro vegan (100% sem crueldade), imperme\u00e1vel e dur\u00e1vel. Textura leve e macia, n\u00e3o inflam\u00e1vel, resistente ao desgaste e f\u00e1cil de limpar, com gr\u00e3o natural fino, carater\u00edsticas de cor elegantes.<\/div>","protected":false},"featured_media":11994,"template":"","meta":[],"product_brand":[],"product_cat":[149],"product_tag":[199,284],"class_list":{"0":"post-11993","1":"product","2":"type-product","3":"status-publish","4":"has-post-thumbnail","6":"product_cat-cork-handbags","7":"product_tag-cork-handbags","8":"product_tag-cork-women-handbags","10":"first","11":"instock","12":"shipping-taxable","13":"product-type-simple"},"_links":{"self":[{"href":"https:\/\/hzcork.com\/pt\/wp-json\/wp\/v2\/product\/11993","targetHints":{"allow":["GET"]}}],"collection":[{"href":"https:\/\/hzcork.com\/pt\/wp-json\/wp\/v2\/product"}],"about":[{"href":"https:\/\/hzcork.com\/pt\/wp-json\/wp\/v2\/types\/product"}],"version-history":[{"count":0,"href":"https:\/\/hzcork.com\/pt\/wp-json\/wp\/v2\/product\/11993\/revisions"}],"wp:featuredmedia":[{"embeddable":true,"href":"https:\/\/hzcork.com\/pt\/wp-json\/wp\/v2\/media\/11994"}],"wp:attachment":[{"href":"https:\/\/hzcork.com\/pt\/wp-json\/wp\/v2\/media?parent=11993"}],"wp:term":[{"taxonomy":"product_brand","embeddable":true,"href":"https:\/\/hzcork.com\/pt\/wp-json\/wp\/v2\/product_brand?post=11993"},{"taxonomy":"product_cat","embeddable":true,"href":"https:\/\/hzcork.com\/pt\/wp-json\/wp\/v2\/product_cat?post=11993"},{"taxonomy":"product_tag","embeddable":true,"href":"https:\/\/hzcork.com\/pt\/wp-json\/wp\/v2\/product_tag?post=11993"}],"curies":[{"name":"wp","href":"https:\/\/api.w.org\/{rel}","templated":true}]}}