{"id":11983,"date":"2021-11-26T19:30:21","date_gmt":"2021-11-26T11:30:21","guid":{"rendered":"http:\/\/hzcork.com\/?post_type=product&#038;p=11983"},"modified":"2021-12-11T14:09:53","modified_gmt":"2021-12-11T06:09:53","slug":"white-cork-leather-women-handbag","status":"publish","type":"product","link":"https:\/\/hzcork.com\/pt\/white-cork-leather-women-handbag\/","title":{"rendered":"Bolsa de senhora em pele de corti\u00e7a branca"},"content":{"rendered":"<p><span style=\"color: #7a90b2;\">* MATERIAL: 100% pele vegan (pele de corti\u00e7a) com texturas naturais. Nenhum animal foi prejudicado.<br \/>\n* DESIGN: Decora\u00e7\u00e3o de fecho em forma de flor + Capa de envelope + Cor simples num s\u00f3 tom (textura de corti\u00e7a branca). <\/span><\/p>\n<div><span style=\"color: #7a90b2;\"><span style=\"color: #7a90b2;\">Fundo plano com tachas. O design estruturado permite-lhe manter-se de p\u00e9 facilmente. Pode ser utilizada como mala de m\u00e3o para senhora,<br \/>\nbolsa de senhora, bolsa de al\u00e7a superior, bolsa de trabalho, bolsa de moda, etc.<br \/>\n* DIMENS\u00c3O: Saco - 26*18*10CM (forma retangular) Peso: 2,5 LB. Al\u00e7as Drop: 5 \u2033 A al\u00e7a de ombro est\u00e1 anexada (destac\u00e1vel) + Al\u00e7a de corrente (n\u00e3o destac\u00e1vel). Pode caber Ipad, carteira, tablet pequeno, bolsa de maquilhagem, etc. Grande conjunto de bolsas e escolha de presente para mulheres, senhoras.<\/span><\/span>* BOLSOS: 1 compartimento principal \/ 1 bolso interior com fecho de correr na parede traseira \/ 2 bolsos interiores abertos para artigos. Espa\u00e7oso o suficiente para guardar os seus objectos essenciais di\u00e1rios e organizar as suas coisas: Oferecemos um excelente servi\u00e7o ao cliente. Se tiver algum problema, n\u00e3o hesite em contactar-nos por e-mail. Enviaremos um saco de substitui\u00e7\u00e3o\/pe\u00e7a correspondente o mais rapidamente poss\u00edvel. Os problemas ser\u00e3o resolvidos at\u00e9 ao fim.<\/div>\n<div><span style=\"color: #ea9924;\"><b>Espero que a nossa empresa calorosa possa encontrar-se consigo e proporcionar-lhe uma experi\u00eancia diferente.<\/b><\/span><\/div>","protected":false},"excerpt":{"rendered":"<p><span data-spm-anchor-id=\"a2700.pc-decorate.0.i1.65743333BPP4Zg\">Nome: Saco de corrente de corti\u00e7a branca<\/span><\/p>\n<div>Marca: HZCORK<\/div>\n<div>Cor: Branco<\/div>\n<div>Material: Corti\u00e7a<\/div>\n<div>Carater\u00edsticas do produto: saco de corti\u00e7a feito de casca de carvalho, que tem as vantagens do couro vegan (100% sem animais), imperme\u00e1vel e resistente \u00e0s manchas.<\/div>\n<div>Textura suave ao tato, n\u00e3o inflam\u00e1vel, resistente ao desgaste e f\u00e1cil de limpar, com gr\u00e3o natural fino e carater\u00edsticas de cor elegantes.<\/div>","protected":false},"featured_media":11984,"template":"","meta":[],"product_brand":[],"product_cat":[162,149],"product_tag":[169,199,285],"class_list":{"0":"post-11983","1":"product","2":"type-product","3":"status-publish","4":"has-post-thumbnail","6":"product_cat-cork-crossbody-bags","7":"product_cat-cork-handbags","8":"product_tag-cork-handbag","9":"product_tag-cork-handbags","10":"product_tag-white-cork-bag","12":"first","13":"instock","14":"shipping-taxable","15":"product-type-simple"},"_links":{"self":[{"href":"https:\/\/hzcork.com\/pt\/wp-json\/wp\/v2\/product\/11983","targetHints":{"allow":["GET"]}}],"collection":[{"href":"https:\/\/hzcork.com\/pt\/wp-json\/wp\/v2\/product"}],"about":[{"href":"https:\/\/hzcork.com\/pt\/wp-json\/wp\/v2\/types\/product"}],"version-history":[{"count":0,"href":"https:\/\/hzcork.com\/pt\/wp-json\/wp\/v2\/product\/11983\/revisions"}],"wp:featuredmedia":[{"embeddable":true,"href":"https:\/\/hzcork.com\/pt\/wp-json\/wp\/v2\/media\/11984"}],"wp:attachment":[{"href":"https:\/\/hzcork.com\/pt\/wp-json\/wp\/v2\/media?parent=11983"}],"wp:term":[{"taxonomy":"product_brand","embeddable":true,"href":"https:\/\/hzcork.com\/pt\/wp-json\/wp\/v2\/product_brand?post=11983"},{"taxonomy":"product_cat","embeddable":true,"href":"https:\/\/hzcork.com\/pt\/wp-json\/wp\/v2\/product_cat?post=11983"},{"taxonomy":"product_tag","embeddable":true,"href":"https:\/\/hzcork.com\/pt\/wp-json\/wp\/v2\/product_tag?post=11983"}],"curies":[{"name":"wp","href":"https:\/\/api.w.org\/{rel}","templated":true}]}}