{"id":11358,"date":"2021-11-16T17:23:29","date_gmt":"2021-11-16T09:23:29","guid":{"rendered":"http:\/\/hzcork.com\/?post_type=product&#038;p=11358"},"modified":"2021-11-16T17:23:30","modified_gmt":"2021-11-16T09:23:30","slug":"baby-diaper-bag","status":"publish","type":"product","link":"https:\/\/hzcork.com\/pt\/baby-diaper-bag\/","title":{"rendered":"Saco de Fraldas de Beb\u00e9 em Corti\u00e7a - T\u00e3o f\u00e1cil de viajar com o beb\u00e9"},"content":{"rendered":"<h2 class=\"blockHeader___JO_re\">Descri\u00e7\u00e3o<\/h2>\n<ul>\n<li>Tamanho do saco de beb\u00e9: 40*35*15CM, largura desdobr\u00e1vel 70cm, capacidade 20-35L.<\/li>\n<li>Tecido de corti\u00e7a natural, respir\u00e1vel, imperme\u00e1vel, dur\u00e1vel e resistente ao desgaste.<\/li>\n<li>Estrutura interna: bolso com fecho de correr, bolso para telem\u00f3vel, bolso para carregador port\u00e1til de telem\u00f3vel.<\/li>\n<li>Bolso de 2 lados, f\u00e1cil de colocar o len\u00e7o de papel.<\/li>\n<li>2 bolsos isot\u00e9rmicos interiores para o biber\u00e3o, que permitem manter o biber\u00e3o quente.<\/li>\n<li>Cama de beb\u00e9 f\u00e1cil de abrir e dobrar.<\/li>\n<\/ul>\n<div class=\"description___zWbKd\" aria-hidden=\"true\">\n<p class=\"paragraph___1C-HL\">\n<\/div>","protected":false},"excerpt":{"rendered":"<p>Est\u00e1 preocupado em viajar com crian\u00e7as ou beb\u00e9s?<\/p>\n<p>Sim, acredito que todas as m\u00e3es devem pensar que \u00e9 uma coisa horr\u00edvel viajar com o beb\u00e9. Mas j\u00e1 n\u00e3o \u00e9 se tiver este saco de corti\u00e7a para fraldas de beb\u00e9.<\/p>\n<p>O nosso saco de beb\u00e9 \u00e9 port\u00e1til e dobr\u00e1vel, abrir e dobrar \u00e9 muito f\u00e1cil, pode fazer o beb\u00e9 dormir em qualquer lugar a qualquer hora.<\/p>\n<p>Pode manter o biber\u00e3o quente e alimentar o beb\u00e9 em qualquer altura se ele quiser chorar.<\/p>\n<p>\u00c9 muito f\u00e1cil obter o len\u00e7o de papel quando \u00e9 necess\u00e1rio, basta pux\u00e1-lo para o bolso lateral.<\/p>\n<p>O mais importante \u00e9 que utilizamos tecido de corti\u00e7a como tecido exterior, que \u00e9 natural e sustent\u00e1vel, dur\u00e1vel e imperme\u00e1vel.<\/p>\n<p>Mostra o seu amor pelo ambiente, vivendo uma vida sustent\u00e1vel n\u00e3o s\u00f3 para n\u00f3s, mas tamb\u00e9m para os nossos beb\u00e9s - a pr\u00f3xima gera\u00e7\u00e3o.<\/p>\n<p>\u3010Ideias perfeitas para presentes para novos pais\u3011Ideal para uso como bolsa de fraldas para beb\u00eas, mochila da m\u00e3e, bolsa de enfermagem, poltrona reclin\u00e1vel para rec\u00e9m-nascidos, ber\u00e7o ao ar livre. A cor unissex permitir\u00e1 que o pai e a m\u00e3e usem.<\/p>\n<p>&nbsp;<\/p>","protected":false},"featured_media":11363,"template":"","meta":[],"product_brand":[],"product_cat":[149,163],"product_tag":[272,273,280,171,205,281,274,283,282],"class_list":{"0":"post-11358","1":"product","2":"type-product","3":"status-publish","4":"has-post-thumbnail","6":"product_cat-cork-handbags","7":"product_cat-cork-backpack","8":"product_tag-baby-bag","9":"product_tag-baby-diaper-bag","10":"product_tag-cork-baby-bag","11":"product_tag-cork-bags","12":"product_tag-cork-carrying-bag","13":"product_tag-cork-mommy-bag","14":"product_tag-mommy-bag","15":"product_tag-portable-carrying-bag","16":"product_tag-portable-mommy-bag","18":"first","19":"instock","20":"shipping-taxable","21":"product-type-simple"},"_links":{"self":[{"href":"https:\/\/hzcork.com\/pt\/wp-json\/wp\/v2\/product\/11358","targetHints":{"allow":["GET"]}}],"collection":[{"href":"https:\/\/hzcork.com\/pt\/wp-json\/wp\/v2\/product"}],"about":[{"href":"https:\/\/hzcork.com\/pt\/wp-json\/wp\/v2\/types\/product"}],"version-history":[{"count":0,"href":"https:\/\/hzcork.com\/pt\/wp-json\/wp\/v2\/product\/11358\/revisions"}],"wp:featuredmedia":[{"embeddable":true,"href":"https:\/\/hzcork.com\/pt\/wp-json\/wp\/v2\/media\/11363"}],"wp:attachment":[{"href":"https:\/\/hzcork.com\/pt\/wp-json\/wp\/v2\/media?parent=11358"}],"wp:term":[{"taxonomy":"product_brand","embeddable":true,"href":"https:\/\/hzcork.com\/pt\/wp-json\/wp\/v2\/product_brand?post=11358"},{"taxonomy":"product_cat","embeddable":true,"href":"https:\/\/hzcork.com\/pt\/wp-json\/wp\/v2\/product_cat?post=11358"},{"taxonomy":"product_tag","embeddable":true,"href":"https:\/\/hzcork.com\/pt\/wp-json\/wp\/v2\/product_tag?post=11358"}],"curies":[{"name":"wp","href":"https:\/\/api.w.org\/{rel}","templated":true}]}}