{"id":11349,"date":"2021-11-16T17:04:40","date_gmt":"2021-11-16T09:04:40","guid":{"rendered":"http:\/\/hzcork.com\/?post_type=product&#038;p=11349"},"modified":"2021-11-16T17:23:20","modified_gmt":"2021-11-16T09:23:20","slug":"cork-baby-backpack","status":"publish","type":"product","link":"https:\/\/hzcork.com\/pt\/cork-baby-backpack\/","title":{"rendered":"Mochila de corti\u00e7a para beb\u00e9 - Bolsa dobr\u00e1vel port\u00e1til para a mam\u00e3"},"content":{"rendered":"<h2 class=\"blockHeader___JO_re\">Descri\u00e7\u00e3o<\/h2>\n<ul>\n<li>Tamanho do saco de beb\u00e9: 40*30*20CM, largura desdobr\u00e1vel 70cm, capacidade 20-35L.<\/li>\n<li>Tecido de corti\u00e7a natural, respir\u00e1vel, imperme\u00e1vel, dur\u00e1vel e resistente ao desgaste.<\/li>\n<li>Estrutura interna: bolso com fecho de correr, bolso para telem\u00f3vel, bolso para carregador port\u00e1til de telem\u00f3vel.<\/li>\n<li>Bolso de 2 lados, f\u00e1cil de colocar o len\u00e7o de papel.<\/li>\n<li>2 bolsos isot\u00e9rmicos interiores para o biber\u00e3o, que permitem manter o biber\u00e3o quente.<\/li>\n<li>Cama de beb\u00e9 f\u00e1cil de abrir e dobrar.<\/li>\n<\/ul>\n<p>&nbsp;<\/p>\n<p>&nbsp;<\/p>","protected":false},"excerpt":{"rendered":"<p>Est\u00e1 preocupado em viajar com crian\u00e7as ou beb\u00e9s?<\/p>\n<p>Sim, acredito que todas as m\u00e3es devem pensar que \u00e9 uma coisa horr\u00edvel viajar com o beb\u00e9. Mas j\u00e1 n\u00e3o \u00e9 assim se tiver esta mochila para beb\u00e9.<\/p>\n<p>A nossa mochila para beb\u00e9 \u00e9 port\u00e1til e dobr\u00e1vel, abrir e dobrar \u00e9 t\u00e3o f\u00e1cil, que pode fazer o beb\u00e9 dormir em qualquer lugar a qualquer hora.<\/p>\n<p>Pode manter o biber\u00e3o quente e alimentar o beb\u00e9 em qualquer altura se ele quiser chorar.<\/p>\n<p>\u00c9 muito f\u00e1cil obter o len\u00e7o de papel quando \u00e9 necess\u00e1rio, basta pux\u00e1-lo para o bolso lateral.<\/p>\n<p>O mais importante \u00e9 que utilizamos tecido de corti\u00e7a como tecido exterior, que \u00e9 natural e sustent\u00e1vel, dur\u00e1vel e imperme\u00e1vel.<\/p>\n<p>Mostra o seu amor pelo ambiente, vivendo uma vida sustent\u00e1vel n\u00e3o s\u00f3 para n\u00f3s, mas tamb\u00e9m para os nossos beb\u00e9s - a pr\u00f3xima gera\u00e7\u00e3o.<\/p>\n<p>\u3010Ideias perfeitas para presentes para novos pais\u3011Ideal para uso como bolsa de fraldas para beb\u00eas, mochila da m\u00e3e, bolsa de enfermagem, poltrona reclin\u00e1vel para rec\u00e9m-nascidos, ber\u00e7o ao ar livre. A cor unissex permitir\u00e1 que o pai e a m\u00e3e usem.<\/p>","protected":false},"featured_media":11356,"template":"","meta":[],"product_brand":[],"product_cat":[163],"product_tag":[272,273,254,250,276,275,274,279,278,277],"class_list":{"0":"post-11349","1":"product","2":"type-product","3":"status-publish","4":"has-post-thumbnail","6":"product_cat-cork-backpack","7":"product_tag-baby-bag","8":"product_tag-baby-diaper-bag","9":"product_tag-classic-cork-backpack","10":"product_tag-cork-backpack","11":"product_tag-foldable-baby-backpack","12":"product_tag-foldable-cork-backpack","13":"product_tag-mommy-bag","14":"product_tag-mothers-backpack","15":"product_tag-nurse-bag","16":"product_tag-portable-cork-backpack","18":"first","19":"instock","20":"shipping-taxable","21":"product-type-simple"},"_links":{"self":[{"href":"https:\/\/hzcork.com\/pt\/wp-json\/wp\/v2\/product\/11349","targetHints":{"allow":["GET"]}}],"collection":[{"href":"https:\/\/hzcork.com\/pt\/wp-json\/wp\/v2\/product"}],"about":[{"href":"https:\/\/hzcork.com\/pt\/wp-json\/wp\/v2\/types\/product"}],"version-history":[{"count":0,"href":"https:\/\/hzcork.com\/pt\/wp-json\/wp\/v2\/product\/11349\/revisions"}],"wp:featuredmedia":[{"embeddable":true,"href":"https:\/\/hzcork.com\/pt\/wp-json\/wp\/v2\/media\/11356"}],"wp:attachment":[{"href":"https:\/\/hzcork.com\/pt\/wp-json\/wp\/v2\/media?parent=11349"}],"wp:term":[{"taxonomy":"product_brand","embeddable":true,"href":"https:\/\/hzcork.com\/pt\/wp-json\/wp\/v2\/product_brand?post=11349"},{"taxonomy":"product_cat","embeddable":true,"href":"https:\/\/hzcork.com\/pt\/wp-json\/wp\/v2\/product_cat?post=11349"},{"taxonomy":"product_tag","embeddable":true,"href":"https:\/\/hzcork.com\/pt\/wp-json\/wp\/v2\/product_tag?post=11349"}],"curies":[{"name":"wp","href":"https:\/\/api.w.org\/{rel}","templated":true}]}}