{"id":10455,"date":"2022-01-14T14:55:00","date_gmt":"2022-01-14T06:55:00","guid":{"rendered":"http:\/\/hzcork.com\/?post_type=product&#038;p=10455"},"modified":"2022-01-14T14:55:01","modified_gmt":"2022-01-14T06:55:01","slug":"cork-printed-crossbody-bag-gingko-pattern","status":"publish","type":"product","link":"https:\/\/hzcork.com\/pt\/cork-printed-crossbody-bag-gingko-pattern\/","title":{"rendered":"Bolsa de corti\u00e7a estampada com padr\u00e3o Gingko"},"content":{"rendered":"<p>As malas a tiracolo em corti\u00e7a s\u00e3o artigos com estilo que s\u00e3o convenientemente necess\u00e1rios porque podem ser usadas no corpo, deixando as m\u00e3os livres.<\/p>\n<p>O tecido de corti\u00e7a \u00e9 dur\u00e1vel, imperme\u00e1vel e resistente a n\u00f3doas. Os sacos podem ser limpos com um pano macio h\u00famido e sab\u00e3o neutro.<\/p>\n<p>Utilizar \u00e1gua para remover o sab\u00e3o e mant\u00ea-lo como novo.<\/p>\n<p>O padr\u00e3o \u00e9 feito de impress\u00e3o digital.<\/p>","protected":false},"excerpt":{"rendered":"<div>Marca: HZCORK<\/div>\n<div>Cor: Natural<\/div>\n<div>Material: Pele de corti\u00e7a vegana 100%,<\/div>\n<div>Carater\u00edsticas do produto:<\/div>\n<p>Bolsa a tiracolo impressa, elegante e \u00e9tica, feita de corti\u00e7a sustent\u00e1vel e de alta qualidade.<\/p>\n<p>O saco tem uma capacidade muito grande gra\u00e7as ao material macio que se dobra facilmente.<\/p>\n<p>Fabricada em tecido de corti\u00e7a de alta qualidade e forro macio com costuras refor\u00e7adas e um pr\u00e1tico interrutor exterior superior.<\/p>\n<p>Padr\u00e3o de folhas de \u00e1rvore Ginkgo para real\u00e7ar o aspeto da bolsa. Pode ser fotografada numa variedade de ocasi\u00f5es.<\/p>","protected":false},"featured_media":10459,"template":"","meta":[],"product_brand":[],"product_cat":[162],"product_tag":[],"class_list":{"0":"post-10455","1":"product","2":"type-product","3":"status-publish","4":"has-post-thumbnail","6":"product_cat-cork-crossbody-bags","8":"first","9":"instock","10":"shipping-taxable","11":"product-type-simple"},"_links":{"self":[{"href":"https:\/\/hzcork.com\/pt\/wp-json\/wp\/v2\/product\/10455","targetHints":{"allow":["GET"]}}],"collection":[{"href":"https:\/\/hzcork.com\/pt\/wp-json\/wp\/v2\/product"}],"about":[{"href":"https:\/\/hzcork.com\/pt\/wp-json\/wp\/v2\/types\/product"}],"version-history":[{"count":0,"href":"https:\/\/hzcork.com\/pt\/wp-json\/wp\/v2\/product\/10455\/revisions"}],"wp:featuredmedia":[{"embeddable":true,"href":"https:\/\/hzcork.com\/pt\/wp-json\/wp\/v2\/media\/10459"}],"wp:attachment":[{"href":"https:\/\/hzcork.com\/pt\/wp-json\/wp\/v2\/media?parent=10455"}],"wp:term":[{"taxonomy":"product_brand","embeddable":true,"href":"https:\/\/hzcork.com\/pt\/wp-json\/wp\/v2\/product_brand?post=10455"},{"taxonomy":"product_cat","embeddable":true,"href":"https:\/\/hzcork.com\/pt\/wp-json\/wp\/v2\/product_cat?post=10455"},{"taxonomy":"product_tag","embeddable":true,"href":"https:\/\/hzcork.com\/pt\/wp-json\/wp\/v2\/product_tag?post=10455"}],"curies":[{"name":"wp","href":"https:\/\/api.w.org\/{rel}","templated":true}]}}