{"id":10446,"date":"2021-11-03T18:21:56","date_gmt":"2021-11-03T10:21:56","guid":{"rendered":"http:\/\/hzcork.com\/?post_type=product&#038;p=10446"},"modified":"2021-11-25T18:33:09","modified_gmt":"2021-11-25T10:33:09","slug":"metal-zip-closure-cork-coin-purse","status":"publish","type":"product","link":"https:\/\/hzcork.com\/pt\/metal-zip-closure-cork-coin-purse\/","title":{"rendered":"Porta-moedas de corti\u00e7a com fecho de metal"},"content":{"rendered":"<p>Carater\u00edstica:<\/p>\n<ul>\n<li>bolsa de m\u00e3o em corti\u00e7a para moedas.<\/li>\n<li>fecho de correr met\u00e1lico, f\u00e1cil de abrir e fechar, sem ferrugem.<\/li>\n<li>forro em tecido de algod\u00e3o.<\/li>\n<li>Est\u00e3o dispon\u00edveis diferentes padr\u00f5es de impress\u00e3o. A impress\u00e3o personalizada \u00e9 bem-vinda.<\/li>\n<\/ul>\n<p class=\"wt-text-body-01 wt-break-word\" data-product-details-description-text-content=\"\">Tamanho e ajuste<br \/>\n- Altura: 4 \"<br \/>\n- Comprimento: 4 \"<br \/>\n- Largura: 1 \"<\/p>","protected":false},"excerpt":{"rendered":"<div class=\"wt-m-xs-2\">\n<div id=\"machine-translation-notice\" class=\"machine-translation-notice translated\">\n<div class=\"translated-block\">\n<div class=\"translate-button\">Porta-moedas em corti\u00e7a com fecho de metal, f\u00e1cil de segurar com as m\u00e3os, conveniente para manter os trocos e as moedas organizados.<\/div>\n<div class=\"translate-button\">Destaque:<\/div>\n<ul>\n<li class=\"translate-button\">100% Corti\u00e7a natural, dur\u00e1vel e leve.<\/li>\n<li>Corti\u00e7a resistente a riscos, longa dura\u00e7\u00e3o.<\/li>\n<li>O padr\u00e3o de impress\u00e3o OEM est\u00e1 dispon\u00edvel, fecho de correr met\u00e1lico resistente.<\/li>\n<li>combinando fun\u00e7\u00e3o pr\u00e1tica e consci\u00eancia ecol\u00f3gica para com o ambiente.<\/li>\n<\/ul>\n<\/div>\n<\/div>\n<\/div>\n<div data-id=\"description-text\">\n<div id=\"wt-content-toggle-product-details-read-more\" class=\"wt-content-toggle__body wt-content-toggle__body--truncated-03 wt-content-toggle__body--truncated\" aria-hidden=\"false\">\n<p class=\"wt-text-body-01 wt-break-word\" data-product-details-description-text-content=\"\">Corti\u00e7a de couro vegan, 100% sem animais.<br \/>\nFabricado \u00e0 m\u00e3o na China com ferragens robustas.<\/p>\n<p>conte\u00fado<br \/>\n- Casca: Tecido de algod\u00e3o<br \/>\n- Revestimento: Corti\u00e7a<\/p>\n<\/div>\n<\/div>","protected":false},"featured_media":10450,"template":"","meta":[],"product_brand":[],"product_cat":[150,161],"product_tag":[266,267,185,264,265],"class_list":{"0":"post-10446","1":"product","2":"type-product","3":"status-publish","4":"has-post-thumbnail","6":"product_cat-cork-wallets","7":"product_cat-cork-purse","8":"product_tag-cork-cluth-bag","9":"product_tag-cork-cluth-purse","10":"product_tag-cork-coin-purse","11":"product_tag-cork-purse","12":"product_tag-metal-cork-purse","14":"first","15":"instock","16":"shipping-taxable","17":"product-type-simple"},"_links":{"self":[{"href":"https:\/\/hzcork.com\/pt\/wp-json\/wp\/v2\/product\/10446","targetHints":{"allow":["GET"]}}],"collection":[{"href":"https:\/\/hzcork.com\/pt\/wp-json\/wp\/v2\/product"}],"about":[{"href":"https:\/\/hzcork.com\/pt\/wp-json\/wp\/v2\/types\/product"}],"version-history":[{"count":0,"href":"https:\/\/hzcork.com\/pt\/wp-json\/wp\/v2\/product\/10446\/revisions"}],"wp:featuredmedia":[{"embeddable":true,"href":"https:\/\/hzcork.com\/pt\/wp-json\/wp\/v2\/media\/10450"}],"wp:attachment":[{"href":"https:\/\/hzcork.com\/pt\/wp-json\/wp\/v2\/media?parent=10446"}],"wp:term":[{"taxonomy":"product_brand","embeddable":true,"href":"https:\/\/hzcork.com\/pt\/wp-json\/wp\/v2\/product_brand?post=10446"},{"taxonomy":"product_cat","embeddable":true,"href":"https:\/\/hzcork.com\/pt\/wp-json\/wp\/v2\/product_cat?post=10446"},{"taxonomy":"product_tag","embeddable":true,"href":"https:\/\/hzcork.com\/pt\/wp-json\/wp\/v2\/product_tag?post=10446"}],"curies":[{"name":"wp","href":"https:\/\/api.w.org\/{rel}","templated":true}]}}