{"id":10430,"date":"2021-10-29T07:46:07","date_gmt":"2021-10-29T07:46:07","guid":{"rendered":"http:\/\/hzcork.com\/?post_type=product&#038;p=10430"},"modified":"2021-11-03T18:12:51","modified_gmt":"2021-11-03T10:12:51","slug":"vegan-cork-wallets-4","status":"publish","type":"product","link":"https:\/\/hzcork.com\/pt\/vegan-cork-wallets-4\/","title":{"rendered":"Carteiras em corti\u00e7a natural vegan personalizadas"},"content":{"rendered":"<div class=\"wt-m-xs-2\">\n<div id=\"machine-translation-notice\" class=\"machine-translation-notice translated\">\n<div class=\"translated-block\">\n<div class=\"translate-button\">\n<p>Carater\u00edstica:<\/p>\n<ul>\n<li>um bolso interior com fecho de correr, oito bolsos para cart\u00f5es de cr\u00e9dito, dois bolsos interiores antiderrapantes e uma pr\u00e1tica pega.<\/li>\n<li>um fecho de correr exterior, de deslizamento suave, sem ferrugem.<\/li>\n<li>Forro em couro PU ou tecido composto de corti\u00e7a.<\/li>\n<li>Est\u00e3o dispon\u00edveis diferentes padr\u00f5es de impress\u00e3o. A impress\u00e3o personalizada \u00e9 bem-vinda.<\/li>\n<\/ul>\n<p class=\"wt-text-body-01 wt-break-word\" data-product-details-description-text-content=\"\">Tamanho e ajuste<br \/>\n- Altura: 4 \"<br \/>\n- Comprimento: 7,8 \"<br \/>\n- Largura: 1 \"<\/p>\n<\/div>\n<\/div>\n<\/div>\n<\/div>","protected":false},"excerpt":{"rendered":"<div class=\"wt-m-xs-2\">\n<div id=\"machine-translation-notice\" class=\"machine-translation-notice translated\">\n<div class=\"translated-block\">\n<div class=\"translate-button\">Fornecimento de servi\u00e7o OEM de Carteiras em Corti\u00e7a Vegana Natural com diferentes tipos de padr\u00f5es de cores, um interior espa\u00e7oso para manter os seus itens essenciais organizados.<\/div>\n<div class=\"translate-button\">Destaque:<\/div>\n<ul>\n<li class=\"translate-button\">100% Corti\u00e7a natural, dur\u00e1vel e leve.<\/li>\n<li>corti\u00e7a resistente a riscos, longa dura\u00e7\u00e3o.<\/li>\n<li>parece madeira, mas n\u00e3o precisa de cortar \u00e1rvores.<\/li>\n<li>combinam fun\u00e7\u00e3o pr\u00e1tica e consci\u00eancia ecol\u00f3gica para com o ambiente.<\/li>\n<\/ul>\n<\/div>\n<\/div>\n<\/div>\n<div data-id=\"description-text\">\n<div id=\"wt-content-toggle-product-details-read-more\" class=\"wt-content-toggle__body wt-content-toggle__body--truncated-03 wt-content-toggle__body--truncated\" aria-hidden=\"false\">\n<p class=\"wt-text-body-01 wt-break-word\" data-product-details-description-text-content=\"\">Corti\u00e7a de couro vegan, 100% sem animais.<br \/>\nFabricado \u00e0 m\u00e3o na China com ferragens robustas.<\/p>\n<p>conte\u00fado<br \/>\n- Casca: Corti\u00e7a<br \/>\n- Revestimento: Corti\u00e7a<\/p>\n<\/div>\n<\/div>","protected":false},"featured_media":10432,"template":"","meta":[],"product_brand":[],"product_cat":[161,150],"product_tag":[264,258,259,263,261],"class_list":{"0":"post-10430","1":"product","2":"type-product","3":"status-publish","4":"has-post-thumbnail","6":"product_cat-cork-purse","7":"product_cat-cork-wallets","8":"product_tag-cork-purse","9":"product_tag-cork-wallet","10":"product_tag-cork-wallets","11":"product_tag-natural-cork-wallets","12":"product_tag-vegan-cork-wallets","14":"first","15":"instock","16":"shipping-taxable","17":"product-type-simple"},"_links":{"self":[{"href":"https:\/\/hzcork.com\/pt\/wp-json\/wp\/v2\/product\/10430","targetHints":{"allow":["GET"]}}],"collection":[{"href":"https:\/\/hzcork.com\/pt\/wp-json\/wp\/v2\/product"}],"about":[{"href":"https:\/\/hzcork.com\/pt\/wp-json\/wp\/v2\/types\/product"}],"version-history":[{"count":0,"href":"https:\/\/hzcork.com\/pt\/wp-json\/wp\/v2\/product\/10430\/revisions"}],"wp:featuredmedia":[{"embeddable":true,"href":"https:\/\/hzcork.com\/pt\/wp-json\/wp\/v2\/media\/10432"}],"wp:attachment":[{"href":"https:\/\/hzcork.com\/pt\/wp-json\/wp\/v2\/media?parent=10430"}],"wp:term":[{"taxonomy":"product_brand","embeddable":true,"href":"https:\/\/hzcork.com\/pt\/wp-json\/wp\/v2\/product_brand?post=10430"},{"taxonomy":"product_cat","embeddable":true,"href":"https:\/\/hzcork.com\/pt\/wp-json\/wp\/v2\/product_cat?post=10430"},{"taxonomy":"product_tag","embeddable":true,"href":"https:\/\/hzcork.com\/pt\/wp-json\/wp\/v2\/product_tag?post=10430"}],"curies":[{"name":"wp","href":"https:\/\/api.w.org\/{rel}","templated":true}]}}