{"id":4655,"date":"2021-09-02T03:32:15","date_gmt":"2021-09-02T03:32:15","guid":{"rendered":"http:\/\/hzcork.com\/?page_id=4655"},"modified":"2025-05-27T19:16:02","modified_gmt":"2025-05-27T11:16:02","slug":"terms-of-service","status":"publish","type":"page","link":"https:\/\/hzcork.com\/pt\/terms-of-service\/","title":{"rendered":"Termos do servi\u00e7o"},"content":{"rendered":"<div data-elementor-type=\"wp-page\" data-elementor-id=\"4655\" class=\"elementor elementor-4655\" data-elementor-settings=\"{&quot;ha_cmc_init_switcher&quot;:&quot;no&quot;}\" data-elementor-post-type=\"page\">\n\t\t\t\t\t\t<section class=\"elementor-section elementor-top-section elementor-element elementor-element-400fdfb5 elementor-section-boxed elementor-section-height-default elementor-section-height-default\" data-id=\"400fdfb5\" data-element_type=\"section\" data-e-type=\"section\" data-settings=\"{&quot;_ha_eqh_enable&quot;:false}\">\n\t\t\t\t\t\t<div class=\"elementor-container elementor-column-gap-default\">\n\t\t\t\t\t<div class=\"elementor-column elementor-col-100 elementor-top-column elementor-element elementor-element-5add7e5c\" data-id=\"5add7e5c\" data-element_type=\"column\" data-e-type=\"column\">\n\t\t\t<div class=\"elementor-widget-wrap elementor-element-populated\">\n\t\t\t\t\t\t<div class=\"elementor-element elementor-element-dea1970 elementor-widget elementor-widget-heading\" data-id=\"dea1970\" data-element_type=\"widget\" data-e-type=\"widget\" data-widget_type=\"heading.default\">\n\t\t\t\t<div class=\"elementor-widget-container\">\n\t\t\t\t\t<h1 class=\"elementor-heading-title elementor-size-default\">Termos de servi\u00e7o da HZCORK\n<\/h1>\t\t\t\t<\/div>\n\t\t\t\t<\/div>\n\t\t\t\t<div class=\"elementor-element elementor-element-5a92ceb elementor-widget elementor-widget-text-editor\" data-id=\"5a92ceb\" data-element_type=\"widget\" data-e-type=\"widget\" data-widget_type=\"text-editor.default\">\n\t\t\t\t<div class=\"elementor-widget-container\">\n\t\t\t\t\t\t\t\t\t<h3>1. Condi\u00e7\u00f5es<\/h3><p>Acedendo ao s\u00edtio Web em\u00a0<a href=\"https:\/\/hzcork.com\/pt\/\" target=\"_blank\" rel=\"noopener\">https:\/\/hzcork.com<\/a>Ao aceder ao site, o utilizador concorda em ficar vinculado \u00e0s presentes condi\u00e7\u00f5es de servi\u00e7o, a todas as leis e regulamentos aplic\u00e1veis e concorda que \u00e9 respons\u00e1vel pelo cumprimento de quaisquer leis locais aplic\u00e1veis. Se o utilizador n\u00e3o concordar com qualquer um destes termos, est\u00e1 proibido de utilizar ou aceder a este s\u00edtio. Os materiais contidos neste s\u00edtio Web est\u00e3o protegidos pela legisla\u00e7\u00e3o aplic\u00e1vel em mat\u00e9ria de direitos de autor e marcas comerciais.<\/p><h3>2. Licen\u00e7a de utiliza\u00e7\u00e3o<\/h3><ol type=\"a\"><li>\u00c9 concedida permiss\u00e3o para descarregar temporariamente uma c\u00f3pia dos materiais (informa\u00e7\u00e3o ou software) no s\u00edtio Web da HZCORK apenas para visualiza\u00e7\u00e3o transit\u00f3ria pessoal e n\u00e3o comercial. Esta \u00e9 a concess\u00e3o de uma licen\u00e7a, n\u00e3o uma transfer\u00eancia de t\u00edtulo, e sob esta licen\u00e7a o utilizador n\u00e3o pode:<br \/><ol type=\"i\"><li>modificar ou copiar os materiais;<\/li><li>utilizar os materiais para qualquer fim comercial ou para qualquer apresenta\u00e7\u00e3o p\u00fablica (comercial ou n\u00e3o comercial);<\/li><li>tentar descompilar ou efetuar engenharia inversa de qualquer software contido no s\u00edtio Web da HZCORK;<\/li><li>remover quaisquer direitos de autor ou outras nota\u00e7\u00f5es de propriedade dos materiais; ou<\/li><li>transferir os materiais para outra pessoa ou \"espelhar\" os materiais em qualquer outro servidor.<\/li><\/ol><\/li><li>Esta licen\u00e7a terminar\u00e1 automaticamente se o utilizador violar qualquer uma destas restri\u00e7\u00f5es e poder\u00e1 ser terminada pela HZCORK em qualquer altura. Ao terminar a visualiza\u00e7\u00e3o destes materiais ou ao terminar esta licen\u00e7a, o utilizador deve destruir todos os materiais descarregados na sua posse, quer em formato eletr\u00f3nico ou impresso.<\/li><\/ol><h3>3. Isen\u00e7\u00e3o de responsabilidade<\/h3><ol type=\"a\"><li>Os materiais no s\u00edtio Web da HZCOKR s\u00e3o fornecidos numa base \"tal como est\u00e1\". A HZCOKR n\u00e3o d\u00e1 garantias, expressas ou impl\u00edcitas, e por este meio renuncia e nega todas as outras garantias, incluindo, sem limita\u00e7\u00e3o, garantias impl\u00edcitas ou condi\u00e7\u00f5es de comercializa\u00e7\u00e3o, adequa\u00e7\u00e3o a um determinado fim, ou n\u00e3o infra\u00e7\u00e3o de propriedade intelectual ou outra viola\u00e7\u00e3o de direitos.<\/li><li>Al\u00e9m disso, a HZCORK n\u00e3o garante nem faz quaisquer representa\u00e7\u00f5es relativamente \u00e0 exatid\u00e3o, resultados prov\u00e1veis ou fiabilidade da utiliza\u00e7\u00e3o dos materiais no seu s\u00edtio Web ou de outra forma relacionados com esses materiais ou em quaisquer s\u00edtios ligados a este s\u00edtio.<\/li><\/ol><h3>4. Limita\u00e7\u00f5es<\/h3><p>Em nenhuma circunst\u00e2ncia a HZCORK ou os seus fornecedores ser\u00e3o respons\u00e1veis por quaisquer danos (incluindo, sem limita\u00e7\u00e3o, danos por perda de dados ou lucros, ou devido a interrup\u00e7\u00e3o de neg\u00f3cios) resultantes da utiliza\u00e7\u00e3o ou incapacidade de utilizar os materiais no s\u00edtio Web da HZCORK, mesmo que a HZCOKR ou um representante autorizado da HZCOKR tenha sido notificado oralmente ou por escrito da possibilidade de tais danos. Uma vez que algumas jurisdi\u00e7\u00f5es n\u00e3o permitem limita\u00e7\u00f5es nas garantias impl\u00edcitas, ou limita\u00e7\u00f5es de responsabilidade por danos consequentes ou acidentais, estas limita\u00e7\u00f5es podem n\u00e3o se aplicar ao utilizador.<\/p><h3>5. Exatid\u00e3o dos materiais<\/h3><p>Os materiais apresentados no s\u00edtio Web da HZCORK podem incluir erros t\u00e9cnicos, tipogr\u00e1ficos ou fotogr\u00e1ficos. A HZCOKR n\u00e3o garante que os materiais contidos no seu s\u00edtio Web sejam exactos, completos ou actuais. A HZCORK pode efetuar altera\u00e7\u00f5es aos materiais contidos no seu s\u00edtio Web em qualquer altura sem aviso pr\u00e9vio. No entanto, a HZCOKR n\u00e3o se compromete a atualizar os materiais.<\/p><h3>6. Liga\u00e7\u00f5es<\/h3><p><span style=\"background-color: var( --e-global-color-6ecf397 ); color: var(--color); font-size: inherit; text-align: inherit; font-family: var(--fontFamily); font-style: var(--fontStyle, inherit); font-weight: var(--fontWeight); letter-spacing: var(--letterSpacing); text-transform: var(--textTransform);\">HZCORK<\/span>\u00a0A HZCORK n\u00e3o analisou todos os s\u00edtios ligados ao seu s\u00edtio Web e n\u00e3o \u00e9 respons\u00e1vel pelo conte\u00fado de nenhum desses s\u00edtios ligados. A inclus\u00e3o de qualquer liga\u00e7\u00e3o n\u00e3o implica a aprova\u00e7\u00e3o do s\u00edtio pela HZCORK. A utiliza\u00e7\u00e3o de qualquer s\u00edtio Web ligado \u00e9 feita por conta e risco do utilizador.<\/p><h3>7. Modifica\u00e7\u00f5es<\/h3><p><span style=\"background-color: var( --e-global-color-6ecf397 ); color: var(--color); font-size: inherit; text-align: inherit; font-family: var(--fontFamily); font-style: var(--fontStyle, inherit); font-weight: var(--fontWeight); letter-spacing: var(--letterSpacing); text-transform: var(--textTransform);\">HZCORK<\/span>\u00a0pode rever estes termos de servi\u00e7o do seu s\u00edtio Web em qualquer altura sem aviso pr\u00e9vio. Ao utilizar este s\u00edtio Web, o utilizador aceita ficar vinculado \u00e0 vers\u00e3o ent\u00e3o em vigor das presentes condi\u00e7\u00f5es de servi\u00e7o.<\/p><h3>8. Direito aplic\u00e1vel<\/h3><p>Estes termos e condi\u00e7\u00f5es s\u00e3o regidos e interpretados de acordo com as leis da China e o utilizador submete-se irrevogavelmente \u00e0 jurisdi\u00e7\u00e3o exclusiva dos tribunais desse Estado ou localidade.<\/p>\t\t\t\t\t\t\t\t<\/div>\n\t\t\t\t<\/div>\n\t\t\t\t\t<\/div>\n\t\t<\/div>\n\t\t\t\t\t<\/div>\n\t\t<\/section>\n\t\t\t\t<\/div>","protected":false},"excerpt":{"rendered":"<p>Termos de servi\u00e7o da HZCORK 1. Termos Ao aceder ao s\u00edtio Web em https:\/\/hzcork.com, o utilizador concorda em ficar vinculado aos presentes termos de servi\u00e7o, a todas as leis e regulamentos aplic\u00e1veis e concorda que \u00e9 respons\u00e1vel pelo cumprimento de quaisquer leis locais aplic\u00e1veis. Se o utilizador n\u00e3o concordar com qualquer um destes termos, est\u00e1 proibido de utilizar o [...]<\/p>","protected":false},"author":1,"featured_media":0,"parent":0,"menu_order":7,"comment_status":"closed","ping_status":"closed","template":"","meta":{"footnotes":""},"class_list":["post-4655","page","type-page","status-publish","hentry"],"_links":{"self":[{"href":"https:\/\/hzcork.com\/pt\/wp-json\/wp\/v2\/pages\/4655","targetHints":{"allow":["GET"]}}],"collection":[{"href":"https:\/\/hzcork.com\/pt\/wp-json\/wp\/v2\/pages"}],"about":[{"href":"https:\/\/hzcork.com\/pt\/wp-json\/wp\/v2\/types\/page"}],"author":[{"embeddable":true,"href":"https:\/\/hzcork.com\/pt\/wp-json\/wp\/v2\/users\/1"}],"replies":[{"embeddable":true,"href":"https:\/\/hzcork.com\/pt\/wp-json\/wp\/v2\/comments?post=4655"}],"version-history":[{"count":0,"href":"https:\/\/hzcork.com\/pt\/wp-json\/wp\/v2\/pages\/4655\/revisions"}],"wp:attachment":[{"href":"https:\/\/hzcork.com\/pt\/wp-json\/wp\/v2\/media?parent=4655"}],"curies":[{"name":"wp","href":"https:\/\/api.w.org\/{rel}","templated":true}]}}