{"id":3358,"date":"2021-08-26T02:04:01","date_gmt":"2021-08-26T02:04:01","guid":{"rendered":"http:\/\/hzcork.com\/?page_id=3358"},"modified":"2025-05-27T19:17:40","modified_gmt":"2025-05-27T11:17:40","slug":"faq","status":"publish","type":"page","link":"https:\/\/hzcork.com\/pt\/faq\/","title":{"rendered":"FAQ"},"content":{"rendered":"<div data-elementor-type=\"wp-page\" data-elementor-id=\"3358\" class=\"elementor elementor-3358\" data-elementor-settings=\"{&quot;ha_cmc_init_switcher&quot;:&quot;no&quot;}\" data-elementor-post-type=\"page\">\n\t\t\t\t<div class=\"elementor-element elementor-element-8dece54 e-flex e-con-boxed e-con e-parent\" data-id=\"8dece54\" data-element_type=\"container\" data-settings=\"{&quot;_ha_eqh_enable&quot;:false}\">\n\t\t\t\t\t<div class=\"e-con-inner\">\n\t\t<div class=\"elementor-element elementor-element-1d969f2 e-con-full e-flex e-con e-child\" data-id=\"1d969f2\" data-element_type=\"container\" data-settings=\"{&quot;background_background&quot;:&quot;classic&quot;,&quot;_ha_eqh_enable&quot;:false}\">\n\t\t\t\t<div class=\"elementor-element elementor-element-bd20325 elementor-widget__width-auto elementor-absolute elementor-view-default elementor-widget elementor-widget-icon\" data-id=\"bd20325\" data-element_type=\"widget\" data-settings=\"{&quot;_position&quot;:&quot;absolute&quot;}\" data-widget_type=\"icon.default\">\n\t\t\t\t<div class=\"elementor-widget-container\">\n\t\t\t\t\t\t\t<div class=\"elementor-icon-wrapper\">\n\t\t\t<div class=\"elementor-icon\">\n\t\t\t\t\t\t<\/div>\n\t\t<\/div>\n\t\t\t\t\t\t<\/div>\n\t\t\t\t<\/div>\n\t\t<div class=\"elementor-element elementor-element-9411fa6 e-con-full e-flex e-con e-child\" data-id=\"9411fa6\" data-element_type=\"container\" data-settings=\"{&quot;background_background&quot;:&quot;classic&quot;,&quot;_ha_eqh_enable&quot;:false}\">\n\t\t<div class=\"elementor-element elementor-element-beb9c72 e-con-full e-flex e-con e-child\" data-id=\"beb9c72\" data-element_type=\"container\" data-settings=\"{&quot;_ha_eqh_enable&quot;:false}\">\n\t\t\t\t<div class=\"elementor-element elementor-element-9c17836 elementor-widget elementor-widget-heading\" data-id=\"9c17836\" data-element_type=\"widget\" data-widget_type=\"heading.default\">\n\t\t\t\t<div class=\"elementor-widget-container\">\n\t\t\t\t\t<h1 class=\"elementor-heading-title elementor-size-default\">Perguntas frequentes sobre o tecido de corti\u00e7a<\/h1>\t\t\t\t<\/div>\n\t\t\t\t<\/div>\n\t\t\t\t<div class=\"elementor-element elementor-element-bd97193 elementor-widget elementor-widget-heading\" data-id=\"bd97193\" data-element_type=\"widget\" data-widget_type=\"heading.default\">\n\t\t\t\t<div class=\"elementor-widget-container\">\n\t\t\t\t\t<h2 class=\"elementor-heading-title elementor-size-default\">Estamos aqui para o ajudar com quaisquer quest\u00f5es que possa ter<\/h2>\t\t\t\t<\/div>\n\t\t\t\t<\/div>\n\t\t\t\t<\/div>\n\t\t\t\t<\/div>\n\t\t<div class=\"elementor-element elementor-element-c78f21c e-con-full e-flex e-con e-child\" data-id=\"c78f21c\" data-element_type=\"container\" data-settings=\"{&quot;_ha_eqh_enable&quot;:false}\">\n\t\t<div class=\"elementor-element elementor-element-ce83f56 e-con-full e-flex e-con e-child\" data-id=\"ce83f56\" data-element_type=\"container\" data-settings=\"{&quot;_ha_eqh_enable&quot;:false}\">\n\t\t\t\t<div class=\"elementor-element elementor-element-a0a3715 ha-infobox-media-dir-top elementor-widget elementor-widget-ha-infobox happy-addon ha-infobox\" data-id=\"a0a3715\" data-element_type=\"widget\" data-widget_type=\"ha-infobox.default\">\n\t\t\t\t<div class=\"elementor-widget-container\">\n\t\t\t\t\t\n\t\t\n\t\t<div class=\"ha-infobox-body\">\n\t\t\t<h3 class=\"ha-infobox-title\">O que \u00e9 a corti\u00e7a e porque \u00e9 que \u00e9 um material sustent\u00e1vel?<\/h3>\n\t\t\t\t\t\t\t<div class=\"ha-infobox-text\">\n\t\t\t\t\t<p>A corti\u00e7a \u00e9 obtida a partir das cascas do sobreiro. As \u00e1rvores vivem na regi\u00e3o mediterr\u00e2nica, especialmente nas zonas rurais do Sul de Portugal - onde as \u00e1rvores podem viver at\u00e9 200 anos. Como a \u00e1rvore n\u00e3o precisa de ser cortada durante a \u00e9poca de colheita, as cascas regeneram-se em cerca de 8-9 anos.\n\n<\/p>\n\t\t\t\t<\/div>\n\t\t\t\n\t\t\t\t\t<\/div>\n\t\t\t\t\t\t<\/div>\n\t\t\t\t<\/div>\n\t\t\t\t<div class=\"elementor-element elementor-element-4ba44c4 ha-infobox-media-dir-top elementor-widget elementor-widget-ha-infobox happy-addon ha-infobox\" data-id=\"4ba44c4\" data-element_type=\"widget\" data-widget_type=\"ha-infobox.default\">\n\t\t\t\t<div class=\"elementor-widget-container\">\n\t\t\t\t\t\n\t\t\n\t\t<div class=\"ha-infobox-body\">\n\t\t\t<h3 class=\"ha-infobox-title\">Como \u00e9 que o tecido de corti\u00e7a \u00e9 feito? Que cola utilizaste?<\/h3>\n\t\t\t\t\t\t\t<div class=\"ha-infobox-text\">\n\t\t\t\t\t<p>Folhas muito finas de tecido de corti\u00e7a s\u00e3o descascadas \u00e0 m\u00e1quina a partir da casca do sobreiro e aderidas a um suporte t\u00eaxtil. Utilizamos cola \u00e0 base de \u00e1gua (feita de l\u00e1tex), sem cheiro e amiga do ambiente para a nossa sa\u00fade.\n\n<\/p>\n\t\t\t\t<\/div>\n\t\t\t\n\t\t\t\t\t<\/div>\n\t\t\t\t\t\t<\/div>\n\t\t\t\t<\/div>\n\t\t\t\t<div class=\"elementor-element elementor-element-4d10fd4 ha-infobox-media-dir-top elementor-widget elementor-widget-ha-infobox happy-addon ha-infobox\" data-id=\"4d10fd4\" data-element_type=\"widget\" data-widget_type=\"ha-infobox.default\">\n\t\t\t\t<div class=\"elementor-widget-container\">\n\t\t\t\t\t\n\t\t\n\t\t<div class=\"ha-infobox-body\">\n\t\t\t<h3 class=\"ha-infobox-title\">Que tipo de suporte de tecido de corti\u00e7a utilizou?<\/h3>\n\t\t\t\t\t\t\t<div class=\"ha-infobox-text\">\n\t\t\t\t\t<p>O nosso processo de fabrico permite-nos trabalhar com diferentes suportes.<br>\n- Suporte TC (espessura de 0,25 mm, 0,55 e 0,8 mm) ou tecido TC reciclado.<br>\n- Suporte em couro PU (0,65 mm).<br>\n- suporte em microfibra (0,65 mm, 1,0 mm).<br>\n -cotton ou linho (0,3 mm).<br>\n- suporte de lona (0,9 mm).<br>\n- fibra de soja + suporte em tencel ou fibra de milho.<br>\n- suporte de papel artesanal (0,2 mm).<br><\/p>\n\t\t\t\t<\/div>\n\t\t\t\n\t\t\t\t\t<\/div>\n\t\t\t\t\t\t<\/div>\n\t\t\t\t<\/div>\n\t\t\t\t<div class=\"elementor-element elementor-element-740874e ha-infobox-media-dir-top elementor-widget elementor-widget-ha-infobox happy-addon ha-infobox\" data-id=\"740874e\" data-element_type=\"widget\" data-widget_type=\"ha-infobox.default\">\n\t\t\t\t<div class=\"elementor-widget-container\">\n\t\t\t\t\t\n\t\t\n\t\t<div class=\"ha-infobox-body\">\n\t\t\t<h3 class=\"ha-infobox-title\">O que pode ser feito com o tecido de corti\u00e7a?<\/h3>\n\t\t\t\t\t\t\t<div class=\"ha-infobox-text\">\n\t\t\t\t\t<p>Pode ser utilizado para fazer sacos, carteiras e bolsas artesanais, projectos de artesanato DIY, solas e partes superiores de sapatos, tapetes e blocos de ioga ou papel de parede para estofos. O tecido de corti\u00e7a \u00e9 um material amigo do ambiente, que constitui uma alternativa fant\u00e1stica ao couro ou ao vinil.\u00a0<\/p>\n\t\t\t\t<\/div>\n\t\t\t\n\t\t\t\t\t<\/div>\n\t\t\t\t\t\t<\/div>\n\t\t\t\t<\/div>\n\t\t\t\t<\/div>\n\t\t<div class=\"elementor-element elementor-element-5fb7a6c e-con-full e-flex e-con e-child\" data-id=\"5fb7a6c\" data-element_type=\"container\" data-settings=\"{&quot;_ha_eqh_enable&quot;:false}\">\n\t\t\t\t<div class=\"elementor-element elementor-element-1d41be6 ha-infobox-media-dir-top elementor-widget elementor-widget-ha-infobox happy-addon ha-infobox\" data-id=\"1d41be6\" data-element_type=\"widget\" data-widget_type=\"ha-infobox.default\">\n\t\t\t\t<div class=\"elementor-widget-container\">\n\t\t\t\t\t\n\t\t\n\t\t<div class=\"ha-infobox-body\">\n\t\t\t<h3 class=\"ha-infobox-title\">Posso personalizar o meu pr\u00f3prio padr\u00e3o no tecido de corti\u00e7a? Qual \u00e9 o MOQ?<\/h3>\n\t\t\t\t\t\t\t<div class=\"ha-infobox-text\">\n\t\t\t\t\t<p>Sim, aceitamos OEM com o seu pr\u00f3prio padr\u00e3o. Se for desenho de impress\u00e3o de seda, o MOQ \u00e9 de 300 jardas; Se for impress\u00e3o digital, o MOQ \u00e9 de 100 jardas. Se for apenas um padr\u00e3o misto em cor natural, podemos fazer tecido de tamanho pequeno em 21 * 32CM, folhas de 150pcs.\n<\/p>\n\t\t\t\t<\/div>\n\t\t\t\n\t\t\t\t\t<\/div>\n\t\t\t\t\t\t<\/div>\n\t\t\t\t<\/div>\n\t\t\t\t<div class=\"elementor-element elementor-element-ebd6f35 ha-infobox-media-dir-top elementor-widget elementor-widget-ha-infobox happy-addon ha-infobox\" data-id=\"ebd6f35\" data-element_type=\"widget\" data-widget_type=\"ha-infobox.default\">\n\t\t\t\t<div class=\"elementor-widget-container\">\n\t\t\t\t\t\n\t\t\n\t\t<div class=\"ha-infobox-body\">\n\t\t\t<h3 class=\"ha-infobox-title\">Qual \u00e9 o vosso tamanho de tecido de corti\u00e7a? Posso ter o meu pr\u00f3prio tamanho?<\/h3>\n\t\t\t\t\t\t\t<div class=\"ha-infobox-text\">\n\t\t\t\t\t<p>Temos dois tamanhos, a maioria deles \u00e9 de 1,35m de largura, embalados em rolos. O outro \u00e9 uma folha de 64*95CM.<br>\n\nSim, podemos cortar de acordo com o tamanho solicitado, como por exemplo 8 \"X12\".\n<\/p>\n\t\t\t\t<\/div>\n\t\t\t\n\t\t\t\t\t<\/div>\n\t\t\t\t\t\t<\/div>\n\t\t\t\t<\/div>\n\t\t\t\t<div class=\"elementor-element elementor-element-bf18089 ha-infobox-media-dir-top elementor-widget elementor-widget-ha-infobox happy-addon ha-infobox\" data-id=\"bf18089\" data-element_type=\"widget\" data-widget_type=\"ha-infobox.default\">\n\t\t\t\t<div class=\"elementor-widget-container\">\n\t\t\t\t\t\n\t\t\n\t\t<div class=\"ha-infobox-body\">\n\t\t\t<h3 class=\"ha-infobox-title\">Qual \u00e9 a espessura do tecido de corti\u00e7a? Qual \u00e9 o vosso MOQ para encomendar?<\/h3>\n\t\t\t\t\t\t\t<div class=\"ha-infobox-text\">\n\t\t\t\t\t<p>De um modo geral, o tecido de corti\u00e7a de maior qualidade ronda os 0,15 a 0,2MM. Quanto mais fino, melhor. Porque mais fino significa mais macio e com bom polimento. N\u00e3o \u00e9 f\u00e1cil de rachar ou partir quando se dobra.\n\n<br>  Normalmente, temos invent\u00e1rio para artigos regulares. Por isso, aceitamos pequenas quantidades, como um ou dois metros, como encomenda de teste.<\/p>\n\t\t\t\t<\/div>\n\t\t\t\n\t\t\t\t\t<\/div>\n\t\t\t\t\t\t<\/div>\n\t\t\t\t<\/div>\n\t\t\t\t<div class=\"elementor-element elementor-element-0e9346b ha-infobox-media-dir-top elementor-widget elementor-widget-ha-infobox happy-addon ha-infobox\" data-id=\"0e9346b\" data-element_type=\"widget\" data-widget_type=\"ha-infobox.default\">\n\t\t\t\t<div class=\"elementor-widget-container\">\n\t\t\t\t\t\n\t\t\n\t\t<div class=\"ha-infobox-body\">\n\t\t\t<h3 class=\"ha-infobox-title\">H\u00e1 alguma vantagem em comprar tecido de corti\u00e7a por atacado da China em vez de Portugal?<\/h3>\n\t\t\t\t\t\t\t<div class=\"ha-infobox-text\">\n\t\t\t\t\t<p>Numa palavra, a China tem uma cadeia industrial muito melhor. Podemos fazer artigos complicados com entrega r\u00e1pida. Pode haver mais grossistas em Portugal, mas a HZ cork pode garantir que os nossos pre\u00e7os podem ser mais competitivos e o nosso servi\u00e7o excede em muito as suas expectativas.<\/p>\n\t\t\t\t<\/div>\n\t\t\t\n\t\t\t\t\t<\/div>\n\t\t\t\t\t\t<\/div>\n\t\t\t\t<\/div>\n\t\t\t\t<\/div>\n\t\t<div class=\"elementor-element elementor-element-6b186fb e-con-full e-flex e-con e-child\" data-id=\"6b186fb\" data-element_type=\"container\" data-settings=\"{&quot;_ha_eqh_enable&quot;:false}\">\n\t\t\t\t<div class=\"elementor-element elementor-element-9f844ff ha-infobox-media-dir-top elementor-widget elementor-widget-ha-infobox happy-addon ha-infobox\" data-id=\"9f844ff\" data-element_type=\"widget\" data-widget_type=\"ha-infobox.default\">\n\t\t\t\t<div class=\"elementor-widget-container\">\n\t\t\t\t\t\n\t\t\n\t\t<div class=\"ha-infobox-body\">\n\t\t\t<h3 class=\"ha-infobox-title\">A sua atividade centra-se no fabrico de tecidos de corti\u00e7a ou de sacos de corti\u00e7a?<\/h3>\n\t\t\t\t\t\t\t<div class=\"ha-infobox-text\">\n\t\t\t\t\t<p>Sim, dedicamo-nos ao fabrico de tecido de corti\u00e7a e de sacos de corti\u00e7a. Uma vez que temos invent\u00e1rio de tecido, podemos aceitar fazer sacos de corti\u00e7a em pequenas quantidades com entrega r\u00e1pida.<\/p>\n\t\t\t\t<\/div>\n\t\t\t\n\t\t\t\t\t<\/div>\n\t\t\t\t\t\t<\/div>\n\t\t\t\t<\/div>\n\t\t\t\t<div class=\"elementor-element elementor-element-be1e749 ha-infobox-media-dir-top elementor-widget elementor-widget-ha-infobox happy-addon ha-infobox\" data-id=\"be1e749\" data-element_type=\"widget\" data-widget_type=\"ha-infobox.default\">\n\t\t\t\t<div class=\"elementor-widget-container\">\n\t\t\t\t\t\n\t\t\n\t\t<div class=\"ha-infobox-body\">\n\t\t\t<h3 class=\"ha-infobox-title\">Quais s\u00e3o as op\u00e7\u00f5es de pagamento? Posso obter um reembolso se as vendas n\u00e3o forem boas?<\/h3>\n\t\t\t\t\t\t\t<div class=\"ha-infobox-text\">\n\t\t\t\t\t<p>Pode utilizar a Western Union, que tem uma taxa mais baixa, ou a Alibaba Trade Assurance se puder aceitar uma taxa ligeiramente mais elevada, mas tenha em aten\u00e7\u00e3o que, para os novos clientes, s\u00f3 aceitamos o 30% T\/T do pagamento como dep\u00f3sito, saldo pago ap\u00f3s a mercadoria estar terminada e inspeccionada.<\/p>\n\t\t\t\t<\/div>\n\t\t\t\n\t\t\t\t\t<\/div>\n\t\t\t\t\t\t<\/div>\n\t\t\t\t<\/div>\n\t\t\t\t<div class=\"elementor-element elementor-element-93877f6 ha-infobox-media-dir-top elementor-widget elementor-widget-ha-infobox happy-addon ha-infobox\" data-id=\"93877f6\" data-element_type=\"widget\" data-widget_type=\"ha-infobox.default\">\n\t\t\t\t<div class=\"elementor-widget-container\">\n\t\t\t\t\t\n\t\t\n\t\t<div class=\"ha-infobox-body\">\n\t\t\t<h3 class=\"ha-infobox-title\">Quanto tempo \u00e9 que normalmente demora a receber a mercadoria?<\/h3>\n\t\t\t\t\t\t\t<div class=\"ha-infobox-text\">\n\t\t\t\t\t<p>Depende do facto de querer personalizar o padr\u00e3o e o tamanho, e tamb\u00e9m depende da velocidade do desalfandegamento e da log\u00edstica, mas podemos garantir o envio de artigos de stock regulares em menos de 2 dias \u00fateis, e temos clientes nos EUA e na Europa que receberam os artigos em menos de 2 semanas.<\/p>\n\t\t\t\t<\/div>\n\t\t\t\n\t\t\t\t\t<\/div>\n\t\t\t\t\t\t<\/div>\n\t\t\t\t<\/div>\n\t\t\t\t<div class=\"elementor-element elementor-element-50678ef ha-infobox-media-dir-top elementor-widget elementor-widget-ha-infobox happy-addon ha-infobox\" data-id=\"50678ef\" data-element_type=\"widget\" data-widget_type=\"ha-infobox.default\">\n\t\t\t\t<div class=\"elementor-widget-container\">\n\t\t\t\t\t\n\t\t\n\t\t<div class=\"ha-infobox-body\">\n\t\t\t<h3 class=\"ha-infobox-title\">Como \u00e9 que se embalam e enviam as mercadorias?<\/h3>\n\t\t\t\t\t\t\t<div class=\"ha-infobox-text\">\n\t\t\t\t\t<p>Embalamos o tecido de corti\u00e7a por rolos, 50 jardas por rolo, peso bruto 25-35kgs, 150*25*25cm. Pode ser enviado por via a\u00e9rea ou mar\u00edtima.<\/p>\n\t\t\t\t<\/div>\n\t\t\t\n\t\t\t\t\t<\/div>\n\t\t\t\t\t\t<\/div>\n\t\t\t\t<\/div>\n\t\t\t\t<\/div>\n\t\t\t\t<\/div>\n\t\t\t\t<\/div>\n\t\t\t\t\t<\/div>\n\t\t\t\t<\/div>\n\t\t\t\t<\/div>","protected":false},"excerpt":{"rendered":"<p>FAQs sobre o tecido de corti\u00e7a Estamos aqui para o ajudar com quaisquer quest\u00f5es que possa ter O que \u00e9 a corti\u00e7a e porque \u00e9 que \u00e9 um material sustent\u00e1vel? A corti\u00e7a \u00e9 obtida a partir da casca do sobreiro. As \u00e1rvores vivem na regi\u00e3o mediterr\u00e2nica, especialmente nas zonas rurais do Sul de Portugal - onde as \u00e1rvores podem [...]<\/p>","protected":false},"author":1,"featured_media":0,"parent":0,"menu_order":5,"comment_status":"closed","ping_status":"closed","template":"elementor_header_footer","meta":{"footnotes":""},"class_list":["post-3358","page","type-page","status-publish","hentry"],"_links":{"self":[{"href":"https:\/\/hzcork.com\/pt\/wp-json\/wp\/v2\/pages\/3358","targetHints":{"allow":["GET"]}}],"collection":[{"href":"https:\/\/hzcork.com\/pt\/wp-json\/wp\/v2\/pages"}],"about":[{"href":"https:\/\/hzcork.com\/pt\/wp-json\/wp\/v2\/types\/page"}],"author":[{"embeddable":true,"href":"https:\/\/hzcork.com\/pt\/wp-json\/wp\/v2\/users\/1"}],"replies":[{"embeddable":true,"href":"https:\/\/hzcork.com\/pt\/wp-json\/wp\/v2\/comments?post=3358"}],"version-history":[{"count":0,"href":"https:\/\/hzcork.com\/pt\/wp-json\/wp\/v2\/pages\/3358\/revisions"}],"wp:attachment":[{"href":"https:\/\/hzcork.com\/pt\/wp-json\/wp\/v2\/media?parent=3358"}],"curies":[{"name":"wp","href":"https:\/\/api.w.org\/{rel}","templated":true}]}}