{"id":4655,"date":"2021-09-02T03:32:15","date_gmt":"2021-09-02T03:32:15","guid":{"rendered":"http:\/\/hzcork.com\/?page_id=4655"},"modified":"2025-05-27T19:16:02","modified_gmt":"2025-05-27T11:16:02","slug":"terms-of-service","status":"publish","type":"page","link":"https:\/\/hzcork.com\/nl\/terms-of-service\/","title":{"rendered":"Servicevoorwaarden"},"content":{"rendered":"<div data-elementor-type=\"wp-page\" data-elementor-id=\"4655\" class=\"elementor elementor-4655\" data-elementor-settings=\"{&quot;ha_cmc_init_switcher&quot;:&quot;no&quot;}\" data-elementor-post-type=\"page\">\n\t\t\t\t\t\t<section class=\"elementor-section elementor-top-section elementor-element elementor-element-400fdfb5 elementor-section-boxed elementor-section-height-default elementor-section-height-default\" data-id=\"400fdfb5\" data-element_type=\"section\" data-e-type=\"section\" data-settings=\"{&quot;_ha_eqh_enable&quot;:false}\">\n\t\t\t\t\t\t<div class=\"elementor-container elementor-column-gap-default\">\n\t\t\t\t\t<div class=\"elementor-column elementor-col-100 elementor-top-column elementor-element elementor-element-5add7e5c\" data-id=\"5add7e5c\" data-element_type=\"column\" data-e-type=\"column\">\n\t\t\t<div class=\"elementor-widget-wrap elementor-element-populated\">\n\t\t\t\t\t\t<div class=\"elementor-element elementor-element-dea1970 elementor-widget elementor-widget-heading\" data-id=\"dea1970\" data-element_type=\"widget\" data-e-type=\"widget\" data-widget_type=\"heading.default\">\n\t\t\t\t<div class=\"elementor-widget-container\">\n\t\t\t\t\t<h1 class=\"elementor-heading-title elementor-size-default\">Servicevoorwaarden HZCORK\n<\/h1>\t\t\t\t<\/div>\n\t\t\t\t<\/div>\n\t\t\t\t<div class=\"elementor-element elementor-element-5a92ceb elementor-widget elementor-widget-text-editor\" data-id=\"5a92ceb\" data-element_type=\"widget\" data-e-type=\"widget\" data-widget_type=\"text-editor.default\">\n\t\t\t\t<div class=\"elementor-widget-container\">\n\t\t\t\t\t\t\t\t\t<h3>1. Voorwaarden<\/h3><p>Door naar de website te gaan op\u00a0<a href=\"https:\/\/hzcork.com\/nl\/\" target=\"_blank\" rel=\"noopener\">https:\/\/hzcork.com<\/a>gaat u ermee akkoord gebonden te zijn aan deze servicevoorwaarden en alle toepasselijke wet- en regelgeving en stemt u ermee in dat u verantwoordelijk bent voor de naleving van alle toepasselijke lokale wetten. Als u niet akkoord gaat met een van deze voorwaarden, is het verboden deze site te gebruiken of te bezoeken. Het materiaal op deze website wordt beschermd door de toepasselijke wetgeving inzake auteursrecht en handelsmerken.<\/p><h3>2. Licentie gebruiken<\/h3><ol type=\"a\"><li>Toestemming wordt verleend om tijdelijk \u00e9\u00e9n kopie van de materialen (informatie of software) op de website van HZCORK te downloaden voor persoonlijk, niet-commercieel gebruik. Dit is de toekenning van een licentie, geen overdracht van eigendom, en onder deze licentie mag u niet:<br \/><ol type=\"i\"><li>de materialen wijzigen of kopi\u00ebren;<\/li><li>de materialen te gebruiken voor commerci\u00eble doeleinden of voor openbare weergave (commercieel of niet-commercieel);<\/li><li>te proberen software op de website van HZCORK te decompileren of te reverse engineeren;<\/li><li>auteursrechtvermeldingen of andere eigendomsvermeldingen uit de materialen verwijderen; of<\/li><li>de materialen overdragen aan een andere persoon of de materialen \"spiegelen\" op een andere server.<\/li><\/ol><\/li><li>Deze licentie wordt automatisch be\u00ebindigd als u een van deze beperkingen schendt en kan op elk moment door HZCORK worden be\u00ebindigd. Bij be\u00ebindiging van het bekijken van deze materialen of bij be\u00ebindiging van deze licentie, moet u alle gedownloade materialen in uw bezit vernietigen, hetzij in elektronische of gedrukte vorm.<\/li><\/ol><h3>3. Disclaimer<\/h3><ol type=\"a\"><li>De materialen op HZCOKR's website worden geleverd op een 'as is' basis. HZCOKR geeft geen garanties, expliciet of impliciet, en ontkent en wijst hierbij alle andere garanties af, waaronder, zonder beperking, impliciete garanties of voorwaarden van verkoopbaarheid, geschiktheid voor een bepaald doel, of niet-schending van intellectuele eigendomsrechten of andere schending van rechten.<\/li><li>Verder geeft HZCORK geen garanties of verklaringen over de nauwkeurigheid, waarschijnlijke resultaten of betrouwbaarheid van het gebruik van de materialen op haar website of anderszins met betrekking tot dergelijke materialen of op sites die aan deze site zijn gekoppeld.<\/li><\/ol><h3>4. Beperkingen<\/h3><p>In geen geval zal HZCORK of haar leveranciers aansprakelijk zijn voor enige schade (inclusief, zonder beperking, schade voor verlies van gegevens of winst, of als gevolg van bedrijfsonderbreking) voortvloeiend uit het gebruik of onvermogen tot gebruik van de materialen op HZCORK's website, zelfs als HZCOKR of een door HZCOKR gemachtigde mondeling of schriftelijk in kennis is gesteld van de mogelijkheid van dergelijke schade. Omdat sommige rechtsgebieden geen beperkingen toestaan op impliciete garanties, of beperkingen van aansprakelijkheid voor gevolgschade of incidentele schade, zijn deze beperkingen mogelijk niet op u van toepassing.<\/p><h3>5. Nauwkeurigheid van materialen<\/h3><p>De materialen op de website van HZCOKR kunnen technische, typografische of fotografische fouten bevatten. HZCOKR garandeert niet dat de materialen op haar website juist, volledig of actueel zijn. HZCORK kan te allen tijde zonder kennisgeving wijzigingen aanbrengen in de materialen op haar website. HZCOKR doet echter geen toezeggingen om de materialen bij te werken.<\/p><h3>6. Links<\/h3><p><span style=\"background-color: var( --e-global-color-6ecf397 ); color: var(--color); font-size: inherit; text-align: inherit; font-family: var(--fontFamily); font-style: var(--fontStyle, inherit); font-weight: var(--fontWeight); letter-spacing: var(--letterSpacing); text-transform: var(--textTransform);\">HZCORK<\/span>\u00a0heeft niet alle aan haar website gekoppelde sites beoordeeld en is niet verantwoordelijk voor de inhoud van dergelijke gekoppelde sites. Het opnemen van een link impliceert geen goedkeuring van HZCORK van de site. Het gebruik van een dergelijke gekoppelde website is op eigen risico van de gebruiker.<\/p><h3>7. Wijzigingen<\/h3><p><span style=\"background-color: var( --e-global-color-6ecf397 ); color: var(--color); font-size: inherit; text-align: inherit; font-family: var(--fontFamily); font-style: var(--fontStyle, inherit); font-weight: var(--fontWeight); letter-spacing: var(--letterSpacing); text-transform: var(--textTransform);\">HZCORK<\/span>\u00a0kan deze servicevoorwaarden voor haar website te allen tijde zonder kennisgeving wijzigen. Door deze website te gebruiken, gaat u ermee akkoord gebonden te zijn aan de dan geldende versie van deze servicevoorwaarden.<\/p><h3>8. Toepasselijk recht<\/h3><p>Deze voorwaarden worden beheerst door en ge\u00efnterpreteerd in overeenstemming met de wetten van China en u onderwerpt zich onherroepelijk aan de exclusieve jurisdictie van de rechtbanken in die staat of locatie.<\/p>\t\t\t\t\t\t\t\t<\/div>\n\t\t\t\t<\/div>\n\t\t\t\t\t<\/div>\n\t\t<\/div>\n\t\t\t\t\t<\/div>\n\t\t<\/section>\n\t\t\t\t<\/div>","protected":false},"excerpt":{"rendered":"<p>HZCORK Terms of Service 1. Terms By accessing the website at\u00a0https:\/\/hzcork.com, you are agreeing to be bound by these terms of service, all applicable laws and regulations, and agree that you are responsible for compliance with any applicable local laws. If you do not agree with any of these terms, you are prohibited from using [&hellip;]<\/p>","protected":false},"author":1,"featured_media":0,"parent":0,"menu_order":7,"comment_status":"closed","ping_status":"closed","template":"","meta":{"footnotes":""},"class_list":["post-4655","page","type-page","status-publish","hentry"],"_links":{"self":[{"href":"https:\/\/hzcork.com\/nl\/wp-json\/wp\/v2\/pages\/4655","targetHints":{"allow":["GET"]}}],"collection":[{"href":"https:\/\/hzcork.com\/nl\/wp-json\/wp\/v2\/pages"}],"about":[{"href":"https:\/\/hzcork.com\/nl\/wp-json\/wp\/v2\/types\/page"}],"author":[{"embeddable":true,"href":"https:\/\/hzcork.com\/nl\/wp-json\/wp\/v2\/users\/1"}],"replies":[{"embeddable":true,"href":"https:\/\/hzcork.com\/nl\/wp-json\/wp\/v2\/comments?post=4655"}],"version-history":[{"count":0,"href":"https:\/\/hzcork.com\/nl\/wp-json\/wp\/v2\/pages\/4655\/revisions"}],"wp:attachment":[{"href":"https:\/\/hzcork.com\/nl\/wp-json\/wp\/v2\/media?parent=4655"}],"curies":[{"name":"wp","href":"https:\/\/api.w.org\/{rel}","templated":true}]}}