{"id":8612,"date":"2021-09-26T09:00:08","date_gmt":"2021-09-26T09:00:08","guid":{"rendered":"http:\/\/hzcork.com\/?post_type=product&#038;p=8612"},"modified":"2021-10-19T08:52:18","modified_gmt":"2021-10-19T08:52:18","slug":"cork-cylinder-bag-weekend-bag-for-travelling","status":"publish","type":"product","link":"https:\/\/hzcork.com\/it\/cork-cylinder-bag-weekend-bag-for-travelling\/","title":{"rendered":"Borsa a cilindro in sughero per i viaggi del fine settimana"},"content":{"rendered":"<p>Q1, Le borse in sughero sono durevoli?<\/p>\n<p>La struttura cellulare a nido d'ape del sughero lo rende un eccellente isolante: termicamente e acusticamente. L'elevato coefficiente di attrito del sughero significa anche che <b>\u00e8 durevole in situazioni di regolare sfregamento e abrasione<\/b>. Ecco perch\u00e9 il sughero \u00e8 il materiale preferito anche dalla NASA.<\/p>\n<p>D2, Quanto durano le borse in sughero?<\/p>\n<p>Come sapete, la parte pi\u00f9 importante delle borse in sughero \u00e8 costituita dal tessuto di sughero, dalla fodera e dalla minuteria. Il tessuto di sughero \u00e8 durevole, la ferramenta che utilizziamo \u00e8 molto robusta, quindi durer\u00e0 a lungo. <b>una vita<\/b>anche se li si trasporta quotidianamente. Utilizziamo anche una morbida imbottitura interna per mantenere la forma perfetta.<\/p>\n<p>Q3, Come mantenere le borse in sughero?<\/p>\n<p>Mantenere puliti i sacchetti di sughero pu\u00f2 essere facile, semplicemente <b>immergere un piccolo asciugamano in acqua calda<\/b> (mescolato con un po' di sapone neutro) e strofinare le macchie o i segni neri dalla superficie del sughero.<\/p>\n<p>Q4, posso lavare le borse in sughero, \u00e8 impermeabile?<\/p>\n<p>S\u00ec, il sughero \u00e8 impermeabile, si pu\u00f2 bagnare senza paura. Pensate al tappo del vino. Ma non consigliamo di immergere a lungo i sacchetti di sughero nell'acqua o in lavatrice.<\/p>\n<p>Poich\u00e9 il tessuto di sughero aderisce a un supporto tessile, la colla \u00e8 a base d'acqua.<\/p>","protected":false},"excerpt":{"rendered":"<p>La borsa a cilindro in sughero naturale \u00e8 un borsone unisex, perfetto per i viaggi del fine settimana, un bagaglio a mano elegante che facilita gli spostamenti. \u00c8 stato realizzato con pelle vegana senza animali 100% e tessuto di sughero naturale e certificato FSC.<\/p>\n<p>combinano un design unico ed elegante con l'attenzione all'ambiente.<\/p>\n<ul>\n<li>una solida tracolla (pu\u00f2 essere regolata in lunghezza)<\/li>\n<li>due cinghie morbide per l'impugnatura<\/li>\n<li>chiusura superiore con zip in metallo.<\/li>\n<li>interno: 2 tasche con zip, 1 tasca a scorrimento, grande volume interno, pu\u00f2 contenere tutti i tipi di bagaglio, tutto il necessario per il viaggio del fine settimana.<\/li>\n<li>pu\u00f2 essere utilizzato come borsa per i bagagli.<\/li>\n<li>esterno: tessuto di sughero naturale sostenibile con morbida imbottitura, 1 tasca laterale.<\/li>\n<li>fodera: tessuto di cotone 100%<\/li>\n<li>hardware: hardware robusto e di alta qualit\u00e0, tra cui cerniera, anello a D, fibbia.<\/li>\n<\/ul>\n<p>- Prodotto realizzato in Cina con sughero portoghese<\/p>\n<p>- Eco-Friendly, durevole, riciclabile e morbido al tatto<\/p>\n<p><strong>Modelli e colori diversi per una scelta enorme. L'OEM con il design personalizzato \u00e8 accolto con favore.<\/strong><\/p>\n<p><strong>Piccolo MOQ, consegna veloce, costruzione complicata disponibile. Senza problemi di sbiadimento del colore.<\/strong><\/p>\n<p>Dimensioni:<\/p>\n<p>larghezza: 52 cm<br \/>\nAltezza: 49 cm (29+20)<br \/>\nprofondit\u00e0: 29 cm<\/p>","protected":false},"featured_media":8614,"template":"","meta":[],"product_brand":[],"product_cat":[149,148,162],"product_tag":[205,198,206,207,169,172,170,227],"class_list":{"0":"post-8612","1":"product","2":"type-product","3":"status-publish","4":"has-post-thumbnail","6":"product_cat-cork-handbags","7":"product_cat-cork-bags","8":"product_cat-cork-crossbody-bags","9":"product_tag-cork-carrying-bag","10":"product_tag-cork-crossbody-bag","11":"product_tag-cork-cylinder-bag","12":"product_tag-cork-duffle-bag","13":"product_tag-cork-handbag","14":"product_tag-cork-shoulder-bag","15":"product_tag-cork-tote-bag","16":"product_tag-cork-travelling-bags","18":"first","19":"instock","20":"shipping-taxable","21":"product-type-simple"},"_links":{"self":[{"href":"https:\/\/hzcork.com\/it\/wp-json\/wp\/v2\/product\/8612","targetHints":{"allow":["GET"]}}],"collection":[{"href":"https:\/\/hzcork.com\/it\/wp-json\/wp\/v2\/product"}],"about":[{"href":"https:\/\/hzcork.com\/it\/wp-json\/wp\/v2\/types\/product"}],"version-history":[{"count":0,"href":"https:\/\/hzcork.com\/it\/wp-json\/wp\/v2\/product\/8612\/revisions"}],"wp:featuredmedia":[{"embeddable":true,"href":"https:\/\/hzcork.com\/it\/wp-json\/wp\/v2\/media\/8614"}],"wp:attachment":[{"href":"https:\/\/hzcork.com\/it\/wp-json\/wp\/v2\/media?parent=8612"}],"wp:term":[{"taxonomy":"product_brand","embeddable":true,"href":"https:\/\/hzcork.com\/it\/wp-json\/wp\/v2\/product_brand?post=8612"},{"taxonomy":"product_cat","embeddable":true,"href":"https:\/\/hzcork.com\/it\/wp-json\/wp\/v2\/product_cat?post=8612"},{"taxonomy":"product_tag","embeddable":true,"href":"https:\/\/hzcork.com\/it\/wp-json\/wp\/v2\/product_tag?post=8612"}],"curies":[{"name":"wp","href":"https:\/\/api.w.org\/{rel}","templated":true}]}}