{"id":7428,"date":"2021-09-16T04:22:49","date_gmt":"2021-09-16T04:22:49","guid":{"rendered":"http:\/\/hzcork.com\/?post_type=product&#038;p=7428"},"modified":"2021-09-28T09:11:47","modified_gmt":"2021-09-28T09:11:47","slug":"natural-cork-credit-cardholder","status":"publish","type":"product","link":"https:\/\/hzcork.com\/it\/natural-cork-credit-cardholder\/","title":{"rendered":"100% Portacarte di credito in sughero naturale"},"content":{"rendered":"<p>Q1, Il sughero \u00e8 durevole?<\/p>\n<p>La struttura cellulare a nido d'ape del sughero lo rende un eccellente isolante: termicamente e acusticamente. Non si crepa e non si sbriciola, anzi la qualit\u00e0 e la morbidezza dei prodotti in tessuto di sughero possono essere paragonate a quelle della pelletteria.<\/p>\n<p>D2, Quanto durano le borse in sughero?<\/p>\n<p>Come sapete, la parte pi\u00f9 importante delle borse in sughero \u00e8 costituita dal tessuto di sughero, dalla fodera e dalla minuteria. Il tessuto di sughero \u00e8 durevole, la ferramenta che utilizziamo \u00e8 molto robusta, quindi durer\u00e0 a lungo. <b>una vita<\/b>anche se li si trasporta quotidianamente. Utilizziamo anche una morbida imbottitura interna per mantenere la forma perfetta.<\/p>\n<p>Q3, Come mantenere le borse e i portafogli in sughero?<\/p>\n<p>Mantenere puliti i sacchetti di sughero pu\u00f2 essere facile, semplicemente <b>immergere un piccolo asciugamano in acqua calda<\/b> (mescolato con un po' di sapone neutro) e strofinare le macchie o i segni neri dalla superficie del sughero.<\/p>\n<p>Q4, posso lavare le borse in sughero, \u00e8 impermeabile?<\/p>\n<p>S\u00ec, il sughero \u00e8 impermeabile, si pu\u00f2 bagnare senza paura. Pensate al tappo del vino. Ma non consigliamo di immergere a lungo i sacchetti di sughero nell'acqua o in lavatrice.<\/p>\n<p>Poich\u00e9 il tessuto di sughero aderisce a un supporto tessile, la colla \u00e8 a base d'acqua.<\/p>","protected":false},"excerpt":{"rendered":"<p>Il portacarte in sughero \u00e8 morbido al tatto, realizzato a mano con pelle vegana e tessuto di sughero cruelty-free. Il portacarte \u00e8 un intelligente contenitore per carte di credito, biglietti da visita e contanti. \u00c8 facile da trasportare. Abbiamo una vasta gamma di colori per la vostra scelta, questo portafoglio vegano per carte di credito \u00e8 un must su cui contare quando si va fuori.<\/p>\n<p><strong>Caratteristiche: <\/strong><\/p>\n<ul>\n<li>5 slot per carte di credito (2 anteriori + 3 posteriori)<\/li>\n<li>Tasca centrale per contanti e banconote piegate<\/li>\n<li>Sicurezza RFID<\/li>\n<li>Cinghia di nylon pieghevole all'interno della tasca centrale, facile da ottenere contanti fuori<\/li>\n<li>Dimensioni: 100 x 80 x 5 (mm)<\/li>\n<\/ul>\n<p>&nbsp;<\/p>","protected":false},"featured_media":8109,"template":"","meta":[],"product_brand":[],"product_cat":[148,161,150],"product_tag":[196,190,189,186,184,195,183,185,191,192,193,197,187,194,188],"class_list":{"0":"post-7428","1":"product","2":"type-product","3":"status-publish","4":"has-post-thumbnail","6":"product_cat-cork-bags","7":"product_cat-cork-purse","8":"product_cat-cork-wallets","9":"product_tag-buiness-card-holder","10":"product_tag-business-card-case","11":"product_tag-cork-business-card-case","12":"product_tag-cork-card-case","13":"product_tag-cork-card-holder","14":"product_tag-cork-card-wallet","15":"product_tag-cork-cardholder","16":"product_tag-cork-coin-purse","17":"product_tag-cork-name-card-case","18":"product_tag-cork-name-card-holder","19":"product_tag-cork-pocket","20":"product_tag-credit-card-holder","21":"product_tag-credit-card-wallet","22":"product_tag-vegan-card-case","23":"product_tag-vegan-leather-wallet","25":"first","26":"instock","27":"shipping-taxable","28":"product-type-simple"},"_links":{"self":[{"href":"https:\/\/hzcork.com\/it\/wp-json\/wp\/v2\/product\/7428","targetHints":{"allow":["GET"]}}],"collection":[{"href":"https:\/\/hzcork.com\/it\/wp-json\/wp\/v2\/product"}],"about":[{"href":"https:\/\/hzcork.com\/it\/wp-json\/wp\/v2\/types\/product"}],"version-history":[{"count":0,"href":"https:\/\/hzcork.com\/it\/wp-json\/wp\/v2\/product\/7428\/revisions"}],"wp:featuredmedia":[{"embeddable":true,"href":"https:\/\/hzcork.com\/it\/wp-json\/wp\/v2\/media\/8109"}],"wp:attachment":[{"href":"https:\/\/hzcork.com\/it\/wp-json\/wp\/v2\/media?parent=7428"}],"wp:term":[{"taxonomy":"product_brand","embeddable":true,"href":"https:\/\/hzcork.com\/it\/wp-json\/wp\/v2\/product_brand?post=7428"},{"taxonomy":"product_cat","embeddable":true,"href":"https:\/\/hzcork.com\/it\/wp-json\/wp\/v2\/product_cat?post=7428"},{"taxonomy":"product_tag","embeddable":true,"href":"https:\/\/hzcork.com\/it\/wp-json\/wp\/v2\/product_tag?post=7428"}],"curies":[{"name":"wp","href":"https:\/\/api.w.org\/{rel}","templated":true}]}}