{"id":15421,"date":"2022-08-16T10:35:23","date_gmt":"2022-08-16T02:35:23","guid":{"rendered":"http:\/\/hzcork.com\/?post_type=product&#038;p=15421"},"modified":"2022-08-16T10:47:06","modified_gmt":"2022-08-16T02:47:06","slug":"natural-cork-purse-card-wallet","status":"publish","type":"product","link":"https:\/\/hzcork.com\/it\/natural-cork-purse-card-wallet\/","title":{"rendered":"Portafoglio in sughero naturale"},"content":{"rendered":"<p>Q1, Le borse in sughero sono durevoli?<\/p>\n<p>La struttura cellulare a nido d'ape del sughero lo rende un eccellente isolante: termicamente e acusticamente. L'elevato coefficiente di attrito del sughero significa anche che <b>\u00e8 durevole in situazioni di regolare sfregamento e abrasione<\/b>. Ecco perch\u00e9 il sughero \u00e8 il materiale preferito anche dalla NASA.<\/p>\n<p>D2, Quanto durano le borse in sughero?<\/p>\n<p>Come sapete, la parte pi\u00f9 importante delle borse in sughero comprende il tessuto di sughero, la fodera e la ferramenta. Il tessuto di sughero \u00e8 durevole, la ferramenta che utilizziamo \u00e8 molto robusta, per cui vi durer\u00e0 <b>una vita<\/b>anche se li si trasporta quotidianamente. Utilizziamo anche una morbida imbottitura interna per mantenere la forma perfetta.<\/p>\n<p>Q3, Come mantenere le borse in sughero?<\/p>\n<p>Mantenere puliti i sacchetti di sughero pu\u00f2 essere facile, semplicemente <b>immergere un piccolo asciugamano in acqua calda<\/b> (mescolato con un po' di sapone neutro) e strofinare le macchie o i segni neri dalla superficie del sughero.<\/p>\n<p>Q4, posso lavare le borse in sughero, \u00e8 impermeabile?<\/p>\n<p>S\u00ec, il sughero \u00e8 impermeabile, si pu\u00f2 bagnare senza paura. Pensate al tappo del vino. Ma non consigliamo di immergere a lungo i sacchetti di sughero nell'acqua o in lavatrice.<\/p>\n<p>Poich\u00e9 il tessuto di sughero aderisce a un supporto tessile, la colla \u00e8 a base d'acqua.<\/p>","protected":false},"excerpt":{"rendered":"<p>Questo portafoglio per carte di credito semplice e moderno \u00e8 perfetto per l'uso quotidiano. Realizzato in sughero 100%, questo portafoglio \u00e8 una scelta super sostenibile ed ecologica. Il portafoglio pu\u00f2 contenere pi\u00f9 carte di credito, carte d'identit\u00e0 e\/o biglietti in contanti. Abbastanza elegante da essere riposto nella tasca posteriore o da essere messo in borsa.<\/p>\n<p>- 100% Senza animali, materiale sostenibile<\/p>\n<p>- Sughero naturale certificato FSC<\/p>\n<p>- Prodotto realizzato in Cina con sughero portoghese<\/p>\n<p>- Eco-Friendly, durevole, riciclabile e morbido al tatto<\/p>\n<p><strong>Modelli e colori diversi per una scelta enorme. L'OEM con il design personalizzato \u00e8 accolto con favore.<\/strong><\/p>\n<p><strong>Sono disponibili piccoli MOQ, consegne rapide e costruzioni complicate. Senza problemi di sbiadimento del colore.<\/strong><\/p>\n<p>Caratteristiche:<\/p>\n<p>- Strato esterno in sughero<br \/>\n- Grana\/texture unica del sughero su ogni portafoglio<br \/>\n- Adatta alle carte di credito di dimensioni standard<br \/>\n- Semplice \/ leggero \/ sottile<br \/>\n- Materiali ecologici \/ naturali \/ sostenibili<\/p>","protected":false},"featured_media":15422,"template":"","meta":[],"product_brand":[],"product_cat":[161,150],"product_tag":[264,258],"class_list":{"0":"post-15421","1":"product","2":"type-product","3":"status-publish","4":"has-post-thumbnail","6":"product_cat-cork-purse","7":"product_cat-cork-wallets","8":"product_tag-cork-purse","9":"product_tag-cork-wallet","11":"first","12":"instock","13":"shipping-taxable","14":"product-type-simple"},"_links":{"self":[{"href":"https:\/\/hzcork.com\/it\/wp-json\/wp\/v2\/product\/15421","targetHints":{"allow":["GET"]}}],"collection":[{"href":"https:\/\/hzcork.com\/it\/wp-json\/wp\/v2\/product"}],"about":[{"href":"https:\/\/hzcork.com\/it\/wp-json\/wp\/v2\/types\/product"}],"version-history":[{"count":0,"href":"https:\/\/hzcork.com\/it\/wp-json\/wp\/v2\/product\/15421\/revisions"}],"wp:featuredmedia":[{"embeddable":true,"href":"https:\/\/hzcork.com\/it\/wp-json\/wp\/v2\/media\/15422"}],"wp:attachment":[{"href":"https:\/\/hzcork.com\/it\/wp-json\/wp\/v2\/media?parent=15421"}],"wp:term":[{"taxonomy":"product_brand","embeddable":true,"href":"https:\/\/hzcork.com\/it\/wp-json\/wp\/v2\/product_brand?post=15421"},{"taxonomy":"product_cat","embeddable":true,"href":"https:\/\/hzcork.com\/it\/wp-json\/wp\/v2\/product_cat?post=15421"},{"taxonomy":"product_tag","embeddable":true,"href":"https:\/\/hzcork.com\/it\/wp-json\/wp\/v2\/product_tag?post=15421"}],"curies":[{"name":"wp","href":"https:\/\/api.w.org\/{rel}","templated":true}]}}