{"id":11358,"date":"2021-11-16T17:23:29","date_gmt":"2021-11-16T09:23:29","guid":{"rendered":"http:\/\/hzcork.com\/?post_type=product&#038;p=11358"},"modified":"2021-11-16T17:23:30","modified_gmt":"2021-11-16T09:23:30","slug":"baby-diaper-bag","status":"publish","type":"product","link":"https:\/\/hzcork.com\/it\/baby-diaper-bag\/","title":{"rendered":"Borsa per pannolini in sughero: cos\u00ec facile viaggiare con il bambino"},"content":{"rendered":"<h2 class=\"blockHeader___JO_re\">Descrizione<\/h2>\n<ul>\n<li>Dimensioni della borsa per bambini: 40*35*15CM, larghezza di apertura 70cm, capacit\u00e0 20-35L.<\/li>\n<li>Tessuto di sughero naturale, traspirante, impermeabile, durevole e resistente all'usura.<\/li>\n<li>Struttura interna: tasca con cerniera, tasca per cellulare, tasca per caricatore portatile.<\/li>\n<li>2 lati tasca, facile da ottenere tessuto.<\/li>\n<li>2 tasche interne isotermiche per l'alimentazione del biberon, in grado di mantenere caldo il biberon.<\/li>\n<li>Lettino per bambini facile da aprire e ripiegare.<\/li>\n<\/ul>\n<div class=\"description___zWbKd\" aria-hidden=\"true\">\n<p class=\"paragraph___1C-HL\">\n<\/div>","protected":false},"excerpt":{"rendered":"<p>Siete preoccupati di viaggiare con bambini o neonati?<\/p>\n<p>S\u00ec, credo che ogni mamma pensi che sia una cosa orribile viaggiare con il bambino. Ma non pi\u00f9, se avete questa borsa per pannolini in sughero.<\/p>\n<p>La nostra borsa per neonati \u00e8 portatile e pieghevole, aperta e ripiegata \u00e8 cos\u00ec facile, che si pu\u00f2 far dormire il bambino ovunque e in qualsiasi momento.<\/p>\n<p>\u00c8 possibile tenere il biberon al caldo e dare da mangiare al bambino in qualsiasi momento se vuole piangere.<\/p>\n<p>\u00c8 cos\u00ec facile prendere il fazzoletto quando serve, basta tirarlo dalla tasca laterale.<\/p>\n<p>La cosa pi\u00f9 importante \u00e8 che utilizziamo il tessuto di sughero come tessuto esterno, naturale e sostenibile, resistente e impermeabile.<\/p>\n<p>Dimostra il vostro amore per l'ambiente, vivendo una vita sostenibile non solo per noi stessi ma anche per i nostri figli, la prossima generazione.<\/p>\n<p>\u3010Ideale come borsa per pannolini per bambini, zaino per la mamma, borsa per l'infermiera, lettino per neonati, culla per esterni. Il colore unisex permetter\u00e0 a pap\u00e0 e mamma di usare.<\/p>\n<p>&nbsp;<\/p>","protected":false},"featured_media":11363,"template":"","meta":[],"product_brand":[],"product_cat":[149,163],"product_tag":[272,273,280,171,205,281,274,283,282],"class_list":{"0":"post-11358","1":"product","2":"type-product","3":"status-publish","4":"has-post-thumbnail","6":"product_cat-cork-handbags","7":"product_cat-cork-backpack","8":"product_tag-baby-bag","9":"product_tag-baby-diaper-bag","10":"product_tag-cork-baby-bag","11":"product_tag-cork-bags","12":"product_tag-cork-carrying-bag","13":"product_tag-cork-mommy-bag","14":"product_tag-mommy-bag","15":"product_tag-portable-carrying-bag","16":"product_tag-portable-mommy-bag","18":"first","19":"instock","20":"shipping-taxable","21":"product-type-simple"},"_links":{"self":[{"href":"https:\/\/hzcork.com\/it\/wp-json\/wp\/v2\/product\/11358","targetHints":{"allow":["GET"]}}],"collection":[{"href":"https:\/\/hzcork.com\/it\/wp-json\/wp\/v2\/product"}],"about":[{"href":"https:\/\/hzcork.com\/it\/wp-json\/wp\/v2\/types\/product"}],"version-history":[{"count":0,"href":"https:\/\/hzcork.com\/it\/wp-json\/wp\/v2\/product\/11358\/revisions"}],"wp:featuredmedia":[{"embeddable":true,"href":"https:\/\/hzcork.com\/it\/wp-json\/wp\/v2\/media\/11363"}],"wp:attachment":[{"href":"https:\/\/hzcork.com\/it\/wp-json\/wp\/v2\/media?parent=11358"}],"wp:term":[{"taxonomy":"product_brand","embeddable":true,"href":"https:\/\/hzcork.com\/it\/wp-json\/wp\/v2\/product_brand?post=11358"},{"taxonomy":"product_cat","embeddable":true,"href":"https:\/\/hzcork.com\/it\/wp-json\/wp\/v2\/product_cat?post=11358"},{"taxonomy":"product_tag","embeddable":true,"href":"https:\/\/hzcork.com\/it\/wp-json\/wp\/v2\/product_tag?post=11358"}],"curies":[{"name":"wp","href":"https:\/\/api.w.org\/{rel}","templated":true}]}}