{"id":11349,"date":"2021-11-16T17:04:40","date_gmt":"2021-11-16T09:04:40","guid":{"rendered":"http:\/\/hzcork.com\/?post_type=product&#038;p=11349"},"modified":"2021-11-16T17:23:20","modified_gmt":"2021-11-16T09:23:20","slug":"cork-baby-backpack","status":"publish","type":"product","link":"https:\/\/hzcork.com\/it\/cork-baby-backpack\/","title":{"rendered":"Zaino per bambini in sughero - Borsa pieghevole portatile per la mamma"},"content":{"rendered":"<h2 class=\"blockHeader___JO_re\">Descrizione<\/h2>\n<ul>\n<li>Dimensioni della borsa per bambini: 40*30*20CM, larghezza di apertura 70cm, capacit\u00e0 20-35L.<\/li>\n<li>Tessuto di sughero naturale, traspirante, impermeabile, durevole e resistente all'usura.<\/li>\n<li>Struttura interna: tasca con cerniera, tasca per cellulare, tasca per caricatore portatile.<\/li>\n<li>2 lati tasca, facile da ottenere tessuto.<\/li>\n<li>2 tasche interne isotermiche per l'alimentazione del biberon, in grado di mantenere caldo il biberon.<\/li>\n<li>Lettino per bambini facile da aprire e ripiegare.<\/li>\n<\/ul>\n<p>&nbsp;<\/p>\n<p>&nbsp;<\/p>","protected":false},"excerpt":{"rendered":"<p>Siete preoccupati di viaggiare con bambini o neonati?<\/p>\n<p>S\u00ec, credo che ogni mamma pensi che sia una cosa orribile viaggiare con il bambino. Ma ora non pi\u00f9, se avete questo zaino per bambini.<\/p>\n<p>Il nostro zaino per bambini \u00e8 portatile e pieghevole, aprirlo e piegarlo \u00e8 cos\u00ec facile che puoi far dormire il bambino ovunque e in qualsiasi momento.<\/p>\n<p>\u00c8 possibile tenere il biberon al caldo e dare da mangiare al bambino in qualsiasi momento se vuole piangere.<\/p>\n<p>\u00c8 cos\u00ec facile prendere il fazzoletto quando serve, basta tirarlo dalla tasca laterale.<\/p>\n<p>La cosa pi\u00f9 importante \u00e8 che utilizziamo il tessuto di sughero come tessuto esterno, naturale e sostenibile, resistente e impermeabile.<\/p>\n<p>Dimostra il vostro amore per l'ambiente, vivendo una vita sostenibile non solo per noi stessi ma anche per i nostri figli, la prossima generazione.<\/p>\n<p>\u3010Ideale come borsa per pannolini per bambini, zaino per la mamma, borsa per l'infermiera, lettino per neonati, culla per esterni. Il colore unisex permetter\u00e0 a pap\u00e0 e mamma di usare.<\/p>","protected":false},"featured_media":11356,"template":"","meta":[],"product_brand":[],"product_cat":[163],"product_tag":[272,273,254,250,276,275,274,279,278,277],"class_list":{"0":"post-11349","1":"product","2":"type-product","3":"status-publish","4":"has-post-thumbnail","6":"product_cat-cork-backpack","7":"product_tag-baby-bag","8":"product_tag-baby-diaper-bag","9":"product_tag-classic-cork-backpack","10":"product_tag-cork-backpack","11":"product_tag-foldable-baby-backpack","12":"product_tag-foldable-cork-backpack","13":"product_tag-mommy-bag","14":"product_tag-mothers-backpack","15":"product_tag-nurse-bag","16":"product_tag-portable-cork-backpack","18":"first","19":"instock","20":"shipping-taxable","21":"product-type-simple"},"_links":{"self":[{"href":"https:\/\/hzcork.com\/it\/wp-json\/wp\/v2\/product\/11349","targetHints":{"allow":["GET"]}}],"collection":[{"href":"https:\/\/hzcork.com\/it\/wp-json\/wp\/v2\/product"}],"about":[{"href":"https:\/\/hzcork.com\/it\/wp-json\/wp\/v2\/types\/product"}],"version-history":[{"count":0,"href":"https:\/\/hzcork.com\/it\/wp-json\/wp\/v2\/product\/11349\/revisions"}],"wp:featuredmedia":[{"embeddable":true,"href":"https:\/\/hzcork.com\/it\/wp-json\/wp\/v2\/media\/11356"}],"wp:attachment":[{"href":"https:\/\/hzcork.com\/it\/wp-json\/wp\/v2\/media?parent=11349"}],"wp:term":[{"taxonomy":"product_brand","embeddable":true,"href":"https:\/\/hzcork.com\/it\/wp-json\/wp\/v2\/product_brand?post=11349"},{"taxonomy":"product_cat","embeddable":true,"href":"https:\/\/hzcork.com\/it\/wp-json\/wp\/v2\/product_cat?post=11349"},{"taxonomy":"product_tag","embeddable":true,"href":"https:\/\/hzcork.com\/it\/wp-json\/wp\/v2\/product_tag?post=11349"}],"curies":[{"name":"wp","href":"https:\/\/api.w.org\/{rel}","templated":true}]}}