{"id":4655,"date":"2021-09-02T03:32:15","date_gmt":"2021-09-02T03:32:15","guid":{"rendered":"http:\/\/hzcork.com\/?page_id=4655"},"modified":"2025-05-27T19:16:02","modified_gmt":"2025-05-27T11:16:02","slug":"terms-of-service","status":"publish","type":"page","link":"https:\/\/hzcork.com\/it\/terms-of-service\/","title":{"rendered":"Termini di servizio"},"content":{"rendered":"<div data-elementor-type=\"wp-page\" data-elementor-id=\"4655\" class=\"elementor elementor-4655\" data-elementor-settings=\"{&quot;ha_cmc_init_switcher&quot;:&quot;no&quot;}\" data-elementor-post-type=\"page\">\n\t\t\t\t\t\t<section class=\"elementor-section elementor-top-section elementor-element elementor-element-400fdfb5 elementor-section-boxed elementor-section-height-default elementor-section-height-default\" data-id=\"400fdfb5\" data-element_type=\"section\" data-settings=\"{&quot;_ha_eqh_enable&quot;:false}\">\n\t\t\t\t\t\t<div class=\"elementor-container elementor-column-gap-default\">\n\t\t\t\t\t<div class=\"elementor-column elementor-col-100 elementor-top-column elementor-element elementor-element-5add7e5c\" data-id=\"5add7e5c\" data-element_type=\"column\">\n\t\t\t<div class=\"elementor-widget-wrap elementor-element-populated\">\n\t\t\t\t\t\t<div class=\"elementor-element elementor-element-dea1970 elementor-widget elementor-widget-heading\" data-id=\"dea1970\" data-element_type=\"widget\" data-widget_type=\"heading.default\">\n\t\t\t\t<div class=\"elementor-widget-container\">\n\t\t\t\t\t<h1 class=\"elementor-heading-title elementor-size-default\">Termini di servizio HZCORK\n<\/h1>\t\t\t\t<\/div>\n\t\t\t\t<\/div>\n\t\t\t\t<div class=\"elementor-element elementor-element-5a92ceb elementor-widget elementor-widget-text-editor\" data-id=\"5a92ceb\" data-element_type=\"widget\" data-widget_type=\"text-editor.default\">\n\t\t\t\t<div class=\"elementor-widget-container\">\n\t\t\t\t\t\t\t\t\t<h3>1. Termini e condizioni<\/h3><p>Accedendo al sito web all'indirizzo\u00a0<a href=\"https:\/\/hzcork.com\/it\/\" target=\"_blank\" rel=\"noopener\">https:\/\/hzcork.com<\/a>L'utente accetta di essere vincolato da questi termini di servizio, da tutte le leggi e i regolamenti applicabili e accetta di essere responsabile del rispetto di tutte le leggi locali applicabili. Se non siete d'accordo con uno qualsiasi di questi termini, vi \u00e8 vietato utilizzare o accedere a questo sito. I materiali contenuti in questo sito sono protetti dalle leggi vigenti in materia di copyright e marchi di fabbrica.<\/p><h3>2. Licenza d'uso<\/h3><ol type=\"a\"><li>\u00c8 concessa l'autorizzazione a scaricare temporaneamente una copia dei materiali (informazioni o software) presenti sul sito web di HZCORK solo per uso personale, non commerciale e transitorio. Questa \u00e8 la concessione di una licenza, non un trasferimento di propriet\u00e0, e in base a questa licenza non si pu\u00f2:<br \/><ol type=\"i\"><li>modificare o copiare i materiali;<\/li><li>utilizzare i materiali per qualsiasi scopo commerciale o per qualsiasi esposizione pubblica (commerciale o non commerciale);<\/li><li>tentare di decompilare o decodificare qualsiasi software contenuto nel sito web di HZCORK;<\/li><li>rimuovere qualsiasi nota di copyright o di altri diritti di propriet\u00e0 dai materiali; oppure<\/li><li>trasferire i materiali a un'altra persona o \"rispecchiare\" i materiali su qualsiasi altro server.<\/li><\/ol><\/li><li>Questa licenza terminer\u00e0 automaticamente se l'utente viola una qualsiasi di queste restrizioni e potr\u00e0 essere revocata da HZCORK in qualsiasi momento. Al termine della visione di questi materiali o alla cessazione della presente licenza, l'utente dovr\u00e0 distruggere tutti i materiali scaricati in suo possesso, sia in formato elettronico che cartaceo.<\/li><\/ol><h3>3. Esclusione di responsabilit\u00e0<\/h3><ol type=\"a\"><li>I materiali presenti sul sito web di HZCOKR sono forniti \"cos\u00ec come sono\". HZCOKR non fornisce alcuna garanzia, espressa o implicita, e con la presente esclude e nega tutte le altre garanzie, incluse, senza limitazioni, garanzie implicite o condizioni di commerciabilit\u00e0, idoneit\u00e0 per uno scopo particolare, o non violazione della propriet\u00e0 intellettuale o altre violazioni dei diritti.<\/li><li>Inoltre, HZCORK non garantisce n\u00e9 rilascia alcuna dichiarazione in merito all'accuratezza, ai risultati probabili o all'affidabilit\u00e0 dell'uso dei materiali presenti sul proprio sito web o altrimenti relativi a tali materiali o a qualsiasi sito collegato a questo sito.<\/li><\/ol><h3>4. Limitazioni<\/h3><p>In nessun caso HZCORK o i suoi fornitori saranno responsabili per eventuali danni (inclusi, senza limitazioni, danni per perdita di dati o profitti, o a causa di interruzione dell'attivit\u00e0) derivanti dall'uso o dall'impossibilit\u00e0 di utilizzare i materiali presenti sul sito web di HZCORK, anche nel caso in cui HZCOKR o un rappresentante autorizzato di HZCOKR sia stato informato oralmente o per iscritto della possibilit\u00e0 di tali danni. Poich\u00e9 alcune giurisdizioni non ammettono limitazioni alle garanzie implicite o limitazioni di responsabilit\u00e0 per danni conseguenti o accidentali, tali limitazioni potrebbero non essere applicabili all'utente.<\/p><h3>5. Accuratezza dei materiali<\/h3><p>I materiali presenti sul sito web di HZCORK potrebbero contenere errori tecnici, tipografici o fotografici. HZCOKR non garantisce che i materiali presenti sul proprio sito web siano accurati, completi o aggiornati. HZCORK pu\u00f2 apportare modifiche ai materiali contenuti nel proprio sito web in qualsiasi momento e senza preavviso. Tuttavia, HZCOKR non si impegna ad aggiornare i materiali.<\/p><h3>6. Collegamenti<\/h3><p><span style=\"background-color: var( --e-global-color-6ecf397 );color: var(--color);font-size: inherit;text-align: inherit;font-family: var(--fontFamily);font-style: var(--fontStyle, inherit);font-weight: var(--fontWeight);letter-spacing: var(--letterSpacing);text-transform: var(--textTransform)\">HZCORK<\/span>\u00a0non ha esaminato tutti i siti collegati al proprio sito web e non \u00e8 responsabile dei contenuti di tali siti collegati. L'inclusione di qualsiasi link non implica l'approvazione del sito da parte di HZCORK. L'uso di tali siti collegati \u00e8 a rischio dell'utente.<\/p><h3>7. Modifiche<\/h3><p><span style=\"background-color: var( --e-global-color-6ecf397 );color: var(--color);font-size: inherit;text-align: inherit;font-family: var(--fontFamily);font-style: var(--fontStyle, inherit);font-weight: var(--fontWeight);letter-spacing: var(--letterSpacing);text-transform: var(--textTransform)\">HZCORK<\/span>\u00a0pu\u00f2 rivedere questi termini di servizio per il suo sito web in qualsiasi momento senza preavviso. Utilizzando questo sito web, l'utente accetta di essere vincolato dalla versione pi\u00f9 recente di questi termini di servizio.<\/p><h3>8. Legge applicabile<\/h3><p>I presenti termini e condizioni sono disciplinati e interpretati in conformit\u00e0 alle leggi della Cina e l'utente si sottopone irrevocabilmente alla giurisdizione esclusiva dei tribunali di tale Stato o localit\u00e0.<\/p>\t\t\t\t\t\t\t\t<\/div>\n\t\t\t\t<\/div>\n\t\t\t\t\t<\/div>\n\t\t<\/div>\n\t\t\t\t\t<\/div>\n\t\t<\/section>\n\t\t\t\t<\/div>","protected":false},"excerpt":{"rendered":"<p>HZCORK Condizioni di servizio 1. Accedendo al sito web https:\/\/hzcork.com, l'utente accetta di essere vincolato da questi termini di servizio, da tutte le leggi e i regolamenti applicabili e accetta di essere responsabile del rispetto di tutte le leggi locali applicabili. Se non siete d'accordo con uno qualsiasi di questi termini, vi \u00e8 vietato utilizzare [...]<\/p>","protected":false},"author":1,"featured_media":0,"parent":0,"menu_order":7,"comment_status":"closed","ping_status":"closed","template":"","meta":{"footnotes":""},"class_list":["post-4655","page","type-page","status-publish","hentry"],"_links":{"self":[{"href":"https:\/\/hzcork.com\/it\/wp-json\/wp\/v2\/pages\/4655","targetHints":{"allow":["GET"]}}],"collection":[{"href":"https:\/\/hzcork.com\/it\/wp-json\/wp\/v2\/pages"}],"about":[{"href":"https:\/\/hzcork.com\/it\/wp-json\/wp\/v2\/types\/page"}],"author":[{"embeddable":true,"href":"https:\/\/hzcork.com\/it\/wp-json\/wp\/v2\/users\/1"}],"replies":[{"embeddable":true,"href":"https:\/\/hzcork.com\/it\/wp-json\/wp\/v2\/comments?post=4655"}],"version-history":[{"count":0,"href":"https:\/\/hzcork.com\/it\/wp-json\/wp\/v2\/pages\/4655\/revisions"}],"wp:attachment":[{"href":"https:\/\/hzcork.com\/it\/wp-json\/wp\/v2\/media?parent=4655"}],"curies":[{"name":"wp","href":"https:\/\/api.w.org\/{rel}","templated":true}]}}