{"id":8849,"date":"2021-10-29T11:29:38","date_gmt":"2021-10-29T11:29:38","guid":{"rendered":"http:\/\/hzcork.com\/?post_type=product&#038;p=8849"},"modified":"2021-11-25T18:39:39","modified_gmt":"2021-11-25T10:39:39","slug":"leisure-cork-backpack","status":"publish","type":"product","link":"https:\/\/hzcork.com\/fr\/leisure-cork-backpack\/","title":{"rendered":"Sac \u00e0 dos de loisirs en li\u00e8ge"},"content":{"rendered":"<p>Mise en valeur :<\/p>\n<ul>\n<li>Fabriqu\u00e9 \u00e0 la main avec un savoir-faire d\u00e9licat<\/li>\n<li>Li\u00e8ge + cuir v\u00e9g\u00e9talien, 100% sans animaux.<\/li>\n<li>Mat\u00e9riau biod\u00e9gradable et durable<\/li>\n<li>combinent \u00e0 la fois un design unique et votre conscience du respect de l'environnement<\/li>\n<\/ul>","protected":false},"excerpt":{"rendered":"<p>Il s'agit d'un sac \u00e0 dos bien con\u00e7u et magnifique pour les femmes \u00e0 utiliser dans la vie quotidienne d'aujourd'hui pour les voyages, le travail, l'\u00e9cole, etc. avec style.<br \/>\nFabriqu\u00e9 en : Cuir PU de haute qualit\u00e9 avec texture de li\u00e8ge, bonne forme corporelle<br \/>\nInt\u00e9rieur : doublure en coton 100%.<\/p>\n<p>Taille (approximative) : L = 22cm, H = 30cm, D = 14cm<\/p>\n<p>Suppl\u00e9mentaire : Bretelles r\u00e9glables<\/p>","protected":false},"featured_media":8857,"template":"","meta":[],"product_brand":[],"product_cat":[163],"product_tag":[250,171,251,253],"class_list":{"0":"post-8849","1":"product","2":"type-product","3":"status-publish","4":"has-post-thumbnail","6":"product_cat-cork-backpack","7":"product_tag-cork-backpack","8":"product_tag-cork-bags","9":"product_tag-vegan-cork-backpack","10":"product_tag-vegan-cork-bags","12":"first","13":"instock","14":"shipping-taxable","15":"product-type-simple"},"_links":{"self":[{"href":"https:\/\/hzcork.com\/fr\/wp-json\/wp\/v2\/product\/8849","targetHints":{"allow":["GET"]}}],"collection":[{"href":"https:\/\/hzcork.com\/fr\/wp-json\/wp\/v2\/product"}],"about":[{"href":"https:\/\/hzcork.com\/fr\/wp-json\/wp\/v2\/types\/product"}],"version-history":[{"count":0,"href":"https:\/\/hzcork.com\/fr\/wp-json\/wp\/v2\/product\/8849\/revisions"}],"wp:featuredmedia":[{"embeddable":true,"href":"https:\/\/hzcork.com\/fr\/wp-json\/wp\/v2\/media\/8857"}],"wp:attachment":[{"href":"https:\/\/hzcork.com\/fr\/wp-json\/wp\/v2\/media?parent=8849"}],"wp:term":[{"taxonomy":"product_brand","embeddable":true,"href":"https:\/\/hzcork.com\/fr\/wp-json\/wp\/v2\/product_brand?post=8849"},{"taxonomy":"product_cat","embeddable":true,"href":"https:\/\/hzcork.com\/fr\/wp-json\/wp\/v2\/product_cat?post=8849"},{"taxonomy":"product_tag","embeddable":true,"href":"https:\/\/hzcork.com\/fr\/wp-json\/wp\/v2\/product_tag?post=8849"}],"curies":[{"name":"wp","href":"https:\/\/api.w.org\/{rel}","templated":true}]}}