{"id":8840,"date":"2021-10-29T11:09:05","date_gmt":"2021-10-29T11:09:05","guid":{"rendered":"http:\/\/hzcork.com\/?post_type=product&#038;p=8840"},"modified":"2021-11-25T18:41:49","modified_gmt":"2021-11-25T10:41:49","slug":"natural-vegan-cork-backpack","status":"publish","type":"product","link":"https:\/\/hzcork.com\/fr\/natural-vegan-cork-backpack\/","title":{"rendered":"Sac \u00e0 dos en li\u00e8ge naturel v\u00e9g\u00e9talien"},"content":{"rendered":"<p>Mise en valeur :<\/p>\n<ul>\n<li>Fabriqu\u00e9 \u00e0 la main avec un savoir-faire d\u00e9licat<\/li>\n<li>Li\u00e8ge + cuir v\u00e9g\u00e9talien, 100% sans animaux.<\/li>\n<li>Mat\u00e9riau biod\u00e9gradable et durable<\/li>\n<li>combinent \u00e0 la fois un design unique et votre conscience du respect de l'environnement<\/li>\n<\/ul>\n<p>&nbsp;<\/p>","protected":false},"excerpt":{"rendered":"<p>Il s'agit d'un sac \u00e0 dos bien con\u00e7u et magnifique pour les femmes \u00e0 utiliser dans la vie quotidienne d'aujourd'hui pour les voyages, le travail, l'\u00e9cole, etc. avec style.<br \/>\nFabriqu\u00e9 en : Cuir PU de haute qualit\u00e9 avec texture de li\u00e8ge, bonne forme corporelle<br \/>\nInt\u00e9rieur : doublure en coton 100%.<\/p>\n<p>Taille (approximative) : L = 27cm, H = 28cm, D = 14cm<\/p>\n<p>Suppl\u00e9mentaire : Bretelles r\u00e9glables<\/p>\n<p>Poche ext\u00e9rieure : 1 serrure m\u00e9tallique sur le devant.<br \/>\nPoches int\u00e9rieures : 1 double poche ouverte sur le devant ; 1 poche zipp\u00e9e au dos<\/p>","protected":false},"featured_media":8846,"template":"","meta":[],"product_brand":[],"product_cat":[163],"product_tag":[250,252,251],"class_list":{"0":"post-8840","1":"product","2":"type-product","3":"status-publish","4":"has-post-thumbnail","6":"product_cat-cork-backpack","7":"product_tag-cork-backpack","8":"product_tag-natural-backpack","9":"product_tag-vegan-cork-backpack","11":"first","12":"instock","13":"shipping-taxable","14":"product-type-simple"},"_links":{"self":[{"href":"https:\/\/hzcork.com\/fr\/wp-json\/wp\/v2\/product\/8840","targetHints":{"allow":["GET"]}}],"collection":[{"href":"https:\/\/hzcork.com\/fr\/wp-json\/wp\/v2\/product"}],"about":[{"href":"https:\/\/hzcork.com\/fr\/wp-json\/wp\/v2\/types\/product"}],"version-history":[{"count":0,"href":"https:\/\/hzcork.com\/fr\/wp-json\/wp\/v2\/product\/8840\/revisions"}],"wp:featuredmedia":[{"embeddable":true,"href":"https:\/\/hzcork.com\/fr\/wp-json\/wp\/v2\/media\/8846"}],"wp:attachment":[{"href":"https:\/\/hzcork.com\/fr\/wp-json\/wp\/v2\/media?parent=8840"}],"wp:term":[{"taxonomy":"product_brand","embeddable":true,"href":"https:\/\/hzcork.com\/fr\/wp-json\/wp\/v2\/product_brand?post=8840"},{"taxonomy":"product_cat","embeddable":true,"href":"https:\/\/hzcork.com\/fr\/wp-json\/wp\/v2\/product_cat?post=8840"},{"taxonomy":"product_tag","embeddable":true,"href":"https:\/\/hzcork.com\/fr\/wp-json\/wp\/v2\/product_tag?post=8840"}],"curies":[{"name":"wp","href":"https:\/\/api.w.org\/{rel}","templated":true}]}}