{"id":8826,"date":"2021-10-29T11:35:17","date_gmt":"2021-10-29T11:35:17","guid":{"rendered":"http:\/\/hzcork.com\/?post_type=product&#038;p=8826"},"modified":"2021-11-25T18:37:36","modified_gmt":"2021-11-25T10:37:36","slug":"natural-portuguese-classic-cork-backpack","status":"publish","type":"product","link":"https:\/\/hzcork.com\/fr\/natural-portuguese-classic-cork-backpack\/","title":{"rendered":"Sac \u00e0 dos en li\u00e8ge classique portugais naturel pour filles"},"content":{"rendered":"<p>Mise en valeur :<\/p>\n<ul>\n<li>Fabriqu\u00e9 \u00e0 la main avec un savoir-faire d\u00e9licat<\/li>\n<li>Li\u00e8ge + cuir v\u00e9g\u00e9talien, 100% sans animaux.<\/li>\n<li>Mat\u00e9riau biod\u00e9gradable et durable<\/li>\n<li>combinent \u00e0 la fois un design unique et votre conscience du respect de l'environnement<\/li>\n<\/ul>","protected":false},"excerpt":{"rendered":"<p>Il s'agit d'un sac \u00e0 dos bien con\u00e7u et magnifique pour les femmes \u00e0 utiliser dans la vie quotidienne d'aujourd'hui pour les voyages, le travail, l'\u00e9cole, etc. avec style.<br \/>\nFabriqu\u00e9 en : Cuir PU de haute qualit\u00e9 avec texture de li\u00e8ge, bonne forme corporelle<br \/>\nInt\u00e9rieur : doublure en coton 100%.<\/p>\n<p>Taille (approximative) : L = 27cm, H = 28cm, D = 14cm<\/p>\n<p>Suppl\u00e9mentaire : Bretelles r\u00e9glables<\/p>","protected":false},"featured_media":8827,"template":"","meta":[],"product_brand":[],"product_cat":[163],"product_tag":[254,250,255],"class_list":{"0":"post-8826","1":"product","2":"type-product","3":"status-publish","4":"has-post-thumbnail","6":"product_cat-cork-backpack","7":"product_tag-classic-cork-backpack","8":"product_tag-cork-backpack","9":"product_tag-portugal-cork-backpack","11":"first","12":"instock","13":"shipping-taxable","14":"product-type-simple"},"_links":{"self":[{"href":"https:\/\/hzcork.com\/fr\/wp-json\/wp\/v2\/product\/8826","targetHints":{"allow":["GET"]}}],"collection":[{"href":"https:\/\/hzcork.com\/fr\/wp-json\/wp\/v2\/product"}],"about":[{"href":"https:\/\/hzcork.com\/fr\/wp-json\/wp\/v2\/types\/product"}],"version-history":[{"count":0,"href":"https:\/\/hzcork.com\/fr\/wp-json\/wp\/v2\/product\/8826\/revisions"}],"wp:featuredmedia":[{"embeddable":true,"href":"https:\/\/hzcork.com\/fr\/wp-json\/wp\/v2\/media\/8827"}],"wp:attachment":[{"href":"https:\/\/hzcork.com\/fr\/wp-json\/wp\/v2\/media?parent=8826"}],"wp:term":[{"taxonomy":"product_brand","embeddable":true,"href":"https:\/\/hzcork.com\/fr\/wp-json\/wp\/v2\/product_brand?post=8826"},{"taxonomy":"product_cat","embeddable":true,"href":"https:\/\/hzcork.com\/fr\/wp-json\/wp\/v2\/product_cat?post=8826"},{"taxonomy":"product_tag","embeddable":true,"href":"https:\/\/hzcork.com\/fr\/wp-json\/wp\/v2\/product_tag?post=8826"}],"curies":[{"name":"wp","href":"https:\/\/api.w.org\/{rel}","templated":true}]}}