{"id":8302,"date":"2021-09-20T05:47:04","date_gmt":"2021-09-20T05:47:04","guid":{"rendered":"http:\/\/hzcork.com\/?post_type=product&#038;p=8302"},"modified":"2021-09-28T09:02:28","modified_gmt":"2021-09-28T09:02:28","slug":"fashion-cork-women-bag-fresh-green","status":"publish","type":"product","link":"https:\/\/hzcork.com\/fr\/fashion-cork-women-bag-fresh-green\/","title":{"rendered":"sac femme en li\u00e8ge \u00e0 la mode vert frais"},"content":{"rendered":"<p>Q1, Les sacs \u00e0 main en li\u00e8ge sont-ils durables ?<\/p>\n<p>La structure alv\u00e9olaire du li\u00e8ge en fait un excellent isolant thermique et acoustique. Le coefficient de frottement \u00e9lev\u00e9 du li\u00e8ge signifie \u00e9galement que <b>il est durable dans les situations o\u00f9 il y a r\u00e9guli\u00e8rement des frottements et de l'abrasion<\/b>. C'est pourquoi le li\u00e8ge est un mat\u00e9riau de choix, m\u00eame pour la NASA.<\/p>\n<p>Q2, Quelle est la dur\u00e9e de vie des sacs \u00e0 main en li\u00e8ge ?<\/p>\n<p>Comme vous le savez, la partie la plus importante des sacs en li\u00e8ge comprend le tissu en li\u00e8ge, la doublure et la quincaillerie. Le tissu en li\u00e8ge est durable, le mat\u00e9riel que nous utilisons est tr\u00e8s robuste, ils vous dureront donc longtemps. <b>une vie<\/b>M\u00eame si vous les portez tous les jours. Nous utilisons \u00e9galement un rembourrage doux \u00e0 l'int\u00e9rieur pour conserver une forme parfaite.<\/p>\n<p>Q3, Comment entretenir les sacs \u00e0 main en li\u00e8ge ?<\/p>\n<p>Il est facile de garder les sacs de li\u00e8ge propres, il suffit de <b>tremper une petite serviette dans de l'eau chaude<\/b> (m\u00e9lang\u00e9 \u00e0 un peu de savon doux) et frotter les taches ou les marques noires sur la surface du li\u00e8ge.<\/p>\n<p>Q4, peut-on laver les sacs \u00e0 main en li\u00e8ge, sont-ils imperm\u00e9ables ?<\/p>\n<p>Oui, le li\u00e8ge est imperm\u00e9able, vous pouvez le mouiller sans crainte. Pensez au bouchon de vin. Mais nous ne conseillons pas de plonger les sacs de li\u00e8ge dans l'eau pendant longtemps, ni dans la machine \u00e0 laver.<\/p>\n<p>Comme le tissu de li\u00e8ge adh\u00e8re \u00e0 un support textile, la colle est \u00e0 base d'eau.<\/p>","protected":false},"excerpt":{"rendered":"<p>Le sac \u00e0 main en li\u00e8ge en forme de c\u0153ur Fabriqu\u00e9 \u00e0 la main par 100% en cuir v\u00e9g\u00e9tal sans animaux, en tissu de li\u00e8ge naturel et certifi\u00e9 FSC.<\/p>\n<p>combinent \u00e0 la fois un design de mode unique et une conscience \u00e9cologique.<\/p>\n<ul>\n<li>une bretelle solide (dont la longueur peut \u00eatre ajust\u00e9e)<\/li>\n<li>une enveloppe sp\u00e9ciale avec bouton magn\u00e9tique.<\/li>\n<li>int\u00e9rieur : 1 poche zipp\u00e9e, 1 poche coulissante, grand volume int\u00e9rieur, peut contenir portefeuilles, t\u00e9l\u00e9phone portable, cl\u00e9s, tout ce qui est n\u00e9cessaire pour sortir.<\/li>\n<li>peut \u00eatre utilis\u00e9 comme sac \u00e0 cosm\u00e9tiques.<\/li>\n<li>ext\u00e9rieur : tissu durable en li\u00e8ge naturel avec rembourrage doux, 1 poche lat\u00e9rale.<\/li>\n<li>Doublure : tissu de coton 100%<\/li>\n<li>Mat\u00e9riel : mat\u00e9riel de haute qualit\u00e9 et robuste, y compris fermeture \u00e0 glissi\u00e8re, anneau en D, boucle.<\/li>\n<\/ul>\n<p>- Produit fabriqu\u00e9 en Chine avec du li\u00e8ge portugais<\/p>\n<p>- Respectueux de l'environnement, durable, recyclable et doux au toucher<\/p>\n<p><strong>Diff\u00e9rents motifs et couleurs pour un large choix. Les OEM et les conceptions personnalis\u00e9es sont les bienvenus.<\/strong><\/p>\n<p><strong>Petite quantit\u00e9, livraison rapide, possibilit\u00e9 de construction complexe. Sans probl\u00e8me de d\u00e9coloration.<\/strong><\/p>\n<p>Taille : 20X18X10CM (\u00e9paisseur).<\/p>","protected":false},"featured_media":8480,"template":"","meta":[],"product_brand":[],"product_cat":[149,148,162],"product_tag":[171,205,203,198,169,172,170,228],"class_list":{"0":"post-8302","1":"product","2":"type-product","3":"status-publish","4":"has-post-thumbnail","6":"product_cat-cork-handbags","7":"product_cat-cork-bags","8":"product_cat-cork-crossbody-bags","9":"product_tag-cork-bags","10":"product_tag-cork-carrying-bag","11":"product_tag-cork-cosmetic-bag","12":"product_tag-cork-crossbody-bag","13":"product_tag-cork-handbag","14":"product_tag-cork-shoulder-bag","15":"product_tag-cork-tote-bag","16":"product_tag-cork-women-bag","18":"first","19":"instock","20":"shipping-taxable","21":"product-type-simple"},"_links":{"self":[{"href":"https:\/\/hzcork.com\/fr\/wp-json\/wp\/v2\/product\/8302","targetHints":{"allow":["GET"]}}],"collection":[{"href":"https:\/\/hzcork.com\/fr\/wp-json\/wp\/v2\/product"}],"about":[{"href":"https:\/\/hzcork.com\/fr\/wp-json\/wp\/v2\/types\/product"}],"version-history":[{"count":0,"href":"https:\/\/hzcork.com\/fr\/wp-json\/wp\/v2\/product\/8302\/revisions"}],"wp:featuredmedia":[{"embeddable":true,"href":"https:\/\/hzcork.com\/fr\/wp-json\/wp\/v2\/media\/8480"}],"wp:attachment":[{"href":"https:\/\/hzcork.com\/fr\/wp-json\/wp\/v2\/media?parent=8302"}],"wp:term":[{"taxonomy":"product_brand","embeddable":true,"href":"https:\/\/hzcork.com\/fr\/wp-json\/wp\/v2\/product_brand?post=8302"},{"taxonomy":"product_cat","embeddable":true,"href":"https:\/\/hzcork.com\/fr\/wp-json\/wp\/v2\/product_cat?post=8302"},{"taxonomy":"product_tag","embeddable":true,"href":"https:\/\/hzcork.com\/fr\/wp-json\/wp\/v2\/product_tag?post=8302"}],"curies":[{"name":"wp","href":"https:\/\/api.w.org\/{rel}","templated":true}]}}