{"id":7457,"date":"2021-09-16T05:47:11","date_gmt":"2021-09-16T05:47:11","guid":{"rendered":"http:\/\/hzcork.com\/?post_type=product&#038;p=7457"},"modified":"2021-10-19T09:01:48","modified_gmt":"2021-10-19T09:01:48","slug":"black-rainbow-cork-card-holder","status":"publish","type":"product","link":"https:\/\/hzcork.com\/fr\/black-rainbow-cork-card-holder\/","title":{"rendered":"Porte-cartes en li\u00e8ge arc-en-ciel noir"},"content":{"rendered":"<p>Q1, Le li\u00e8ge est-il durable ?<\/p>\n<p>La structure alv\u00e9olaire du li\u00e8ge en fait un excellent isolant thermique et acoustique. Il ne se fissure pas et ne s'effrite pas. En fait, la qualit\u00e9 et la souplesse des produits en tissu de li\u00e8ge peuvent \u00eatre compar\u00e9es \u00e0 celles de la maroquinerie.<\/p>\n<p>Q2, Quelle est la dur\u00e9e de vie des sacs \u00e0 main en li\u00e8ge ?<\/p>\n<p>Comme vous le savez, la partie la plus importante des sacs en li\u00e8ge comprend le tissu en li\u00e8ge, la doublure et la quincaillerie. Le tissu en li\u00e8ge est durable, le mat\u00e9riel que nous utilisons est tr\u00e8s robuste, ils vous dureront donc longtemps. <b>une vie<\/b>M\u00eame si vous les portez tous les jours. Nous utilisons \u00e9galement un rembourrage doux \u00e0 l'int\u00e9rieur pour conserver une forme parfaite.<\/p>\n<p>Q3, Comment entretenir les sacs et portefeuilles en li\u00e8ge ?<\/p>\n<p>Il est facile de garder les sacs de li\u00e8ge propres, il suffit de <b>tremper une petite serviette dans de l'eau chaude<\/b> (m\u00e9lang\u00e9 \u00e0 un peu de savon doux) et frotter les taches ou les marques noires sur la surface du li\u00e8ge.<\/p>\n<p>Q4, peut-on laver les sacs \u00e0 main en li\u00e8ge, sont-ils imperm\u00e9ables ?<\/p>\n<p>Oui, le li\u00e8ge est imperm\u00e9able, vous pouvez le mouiller sans crainte. Pensez au bouchon de vin. Mais nous ne conseillons pas de plonger les sacs de li\u00e8ge dans l'eau pendant longtemps, ni dans la machine \u00e0 laver.<\/p>\n<p>Comme le tissu de li\u00e8ge adh\u00e8re \u00e0 un support textile, la colle est \u00e0 base d'eau.<\/p>","protected":false},"excerpt":{"rendered":"<p>Le porte-cartes en li\u00e8ge est doux au toucher, avec des m\u00e8ches arc-en-ciel brillantes, fabriqu\u00e9 \u00e0 la main avec du cuir v\u00e9g\u00e9talien, un tissu en li\u00e8ge sans cruaut\u00e9. Le porte-cartes en li\u00e8ge est un astucieux fourre-tout pour vos cartes de cr\u00e9dit, vos cartes de visite et votre argent liquide. Il est facile \u00e0 transporter. Nous avons un grand choix de couleurs, ce porte-cartes v\u00e9g\u00e9talien est indispensable lorsque vous sortez.<\/p>\n<p><strong>Caract\u00e9ristiques : <\/strong><\/p>\n<ul>\n<li>5 emplacements pour cartes de cr\u00e9dit (2 au recto + 3 au verso)<\/li>\n<li>Poche centrale pour l'argent et les billets pli\u00e9s<\/li>\n<li>S\u00e9curit\u00e9 RFID<\/li>\n<li>Une sangle en nylon pliable \u00e0 l'int\u00e9rieur de la poche centrale permet de retirer facilement de l'argent.<\/li>\n<li>Dimension : 100 x 80 x 5 (mm)<\/li>\n<\/ul>\n<p>&nbsp;<\/p>","protected":false},"featured_media":8099,"template":"","meta":[],"product_brand":[],"product_cat":[148,161,150],"product_tag":[196,190,189,186,184,195,183,185,191,192,193,197,187,194,188],"class_list":{"0":"post-7457","1":"product","2":"type-product","3":"status-publish","4":"has-post-thumbnail","6":"product_cat-cork-bags","7":"product_cat-cork-purse","8":"product_cat-cork-wallets","9":"product_tag-buiness-card-holder","10":"product_tag-business-card-case","11":"product_tag-cork-business-card-case","12":"product_tag-cork-card-case","13":"product_tag-cork-card-holder","14":"product_tag-cork-card-wallet","15":"product_tag-cork-cardholder","16":"product_tag-cork-coin-purse","17":"product_tag-cork-name-card-case","18":"product_tag-cork-name-card-holder","19":"product_tag-cork-pocket","20":"product_tag-credit-card-holder","21":"product_tag-credit-card-wallet","22":"product_tag-vegan-card-case","23":"product_tag-vegan-leather-wallet","25":"first","26":"instock","27":"shipping-taxable","28":"product-type-simple"},"_links":{"self":[{"href":"https:\/\/hzcork.com\/fr\/wp-json\/wp\/v2\/product\/7457","targetHints":{"allow":["GET"]}}],"collection":[{"href":"https:\/\/hzcork.com\/fr\/wp-json\/wp\/v2\/product"}],"about":[{"href":"https:\/\/hzcork.com\/fr\/wp-json\/wp\/v2\/types\/product"}],"version-history":[{"count":0,"href":"https:\/\/hzcork.com\/fr\/wp-json\/wp\/v2\/product\/7457\/revisions"}],"wp:featuredmedia":[{"embeddable":true,"href":"https:\/\/hzcork.com\/fr\/wp-json\/wp\/v2\/media\/8099"}],"wp:attachment":[{"href":"https:\/\/hzcork.com\/fr\/wp-json\/wp\/v2\/media?parent=7457"}],"wp:term":[{"taxonomy":"product_brand","embeddable":true,"href":"https:\/\/hzcork.com\/fr\/wp-json\/wp\/v2\/product_brand?post=7457"},{"taxonomy":"product_cat","embeddable":true,"href":"https:\/\/hzcork.com\/fr\/wp-json\/wp\/v2\/product_cat?post=7457"},{"taxonomy":"product_tag","embeddable":true,"href":"https:\/\/hzcork.com\/fr\/wp-json\/wp\/v2\/product_tag?post=7457"}],"curies":[{"name":"wp","href":"https:\/\/api.w.org\/{rel}","templated":true}]}}