{"id":12002,"date":"2022-01-14T14:10:42","date_gmt":"2022-01-14T06:10:42","guid":{"rendered":"http:\/\/hzcork.com\/?post_type=product&#038;p=12002"},"modified":"2022-01-14T14:56:22","modified_gmt":"2022-01-14T06:56:22","slug":"bohemian-cork-drawstring-backpack","status":"publish","type":"product","link":"https:\/\/hzcork.com\/fr\/bohemian-cork-drawstring-backpack\/","title":{"rendered":"Sac \u00e0 dos boh\u00e8me \u00e0 cordon de li\u00e8ge"},"content":{"rendered":"<p>Le tissu de li\u00e8ge est un mat\u00e9riau durable et attrayant fabriqu\u00e9 \u00e0 partir d'\u00e9corce de li\u00e8ge v\u00e9ritable. Le tissu de li\u00e8ge se maintient tr\u00e8s bien dans le temps<br \/>\nSacs \u00e0 dos l\u00e9gers pour tous les \u00e2ges<br \/>\nImperm\u00e9able : Les propri\u00e9t\u00e9s naturelles du li\u00e8ge repoussent l'humidit\u00e9<br \/>\nLe li\u00e8ge ne moisit pas dans les climats humides.<br \/>\nEn outre, vous pouvez appliquer de l'huile pour la peau sur la surface du li\u00e8ge pour qu'elle reste douce et souple au fil du temps.<\/p>","protected":false},"excerpt":{"rendered":"<div>Marque : HZCORK<\/div>\n<div>Couleur : naturel<\/div>\n<div>Mati\u00e8re : 100% Cuir de li\u00e8ge v\u00e9g\u00e9talien<\/div>\n<div>Caract\u00e9ristiques du produit :<\/div>\n<div>Le sac \u00e0 dos \u00e0 cordon en li\u00e8ge est un excellent sac \u00e9cologique, l\u00e9ger, \u00e9l\u00e9gant et pratique. Il se ferme \u00e0 l'aide d'un cordon de serrage sur le dessus du sac.<br \/>\nCes sacs peuvent \u00eatre utilis\u00e9s pour l'emballage, comme sacs cadeaux, et sont r\u00e9utilisables.<br \/>\nCes sacs sont propos\u00e9s \u00e0 des prix comp\u00e9titifs et sont de grande qualit\u00e9.<br \/>\nCes sacs \u00e0 dos \u00e0 cordon sont tr\u00e8s utiles pour ceux qui recherchent un espace de rangement suppl\u00e9mentaire.<br \/>\nNous recommandons de laver les sacs \u00e0 la main uniquement et de ne pas les repasser.<\/div>\n<p>Taille (approximative) : L = 40cm, H = 44cm<\/p>\n<p>Suppl\u00e9mentaire : Bretelles r\u00e9glables<\/p>","protected":false},"featured_media":12003,"template":"","meta":[],"product_brand":[],"product_cat":[163],"product_tag":[],"class_list":{"0":"post-12002","1":"product","2":"type-product","3":"status-publish","4":"has-post-thumbnail","6":"product_cat-cork-backpack","8":"first","9":"instock","10":"shipping-taxable","11":"product-type-simple"},"_links":{"self":[{"href":"https:\/\/hzcork.com\/fr\/wp-json\/wp\/v2\/product\/12002","targetHints":{"allow":["GET"]}}],"collection":[{"href":"https:\/\/hzcork.com\/fr\/wp-json\/wp\/v2\/product"}],"about":[{"href":"https:\/\/hzcork.com\/fr\/wp-json\/wp\/v2\/types\/product"}],"version-history":[{"count":0,"href":"https:\/\/hzcork.com\/fr\/wp-json\/wp\/v2\/product\/12002\/revisions"}],"wp:featuredmedia":[{"embeddable":true,"href":"https:\/\/hzcork.com\/fr\/wp-json\/wp\/v2\/media\/12003"}],"wp:attachment":[{"href":"https:\/\/hzcork.com\/fr\/wp-json\/wp\/v2\/media?parent=12002"}],"wp:term":[{"taxonomy":"product_brand","embeddable":true,"href":"https:\/\/hzcork.com\/fr\/wp-json\/wp\/v2\/product_brand?post=12002"},{"taxonomy":"product_cat","embeddable":true,"href":"https:\/\/hzcork.com\/fr\/wp-json\/wp\/v2\/product_cat?post=12002"},{"taxonomy":"product_tag","embeddable":true,"href":"https:\/\/hzcork.com\/fr\/wp-json\/wp\/v2\/product_tag?post=12002"}],"curies":[{"name":"wp","href":"https:\/\/api.w.org\/{rel}","templated":true}]}}