{"id":11993,"date":"2021-11-26T19:26:15","date_gmt":"2021-11-26T11:26:15","guid":{"rendered":"http:\/\/hzcork.com\/?post_type=product&#038;p=11993"},"modified":"2021-11-30T16:59:37","modified_gmt":"2021-11-30T08:59:37","slug":"peacock-green-fashion-women-cork-handbags","status":"publish","type":"product","link":"https:\/\/hzcork.com\/fr\/peacock-green-fashion-women-cork-handbags\/","title":{"rendered":"Sac \u00e0 main en li\u00e8ge \u00e0 la mode pour femmes, vert paon"},"content":{"rendered":"<p><span style=\"color: #7a90b2;\"> MAT\u00c9RIAU : 100% cuir v\u00e9g\u00e9talien (cuir de li\u00e8ge) avec des textures naturelles. Aucun animal n'a \u00e9t\u00e9 bless\u00e9.<br \/>\n* DESIGN : Anneau d\u00e9coratif en forme de \"O\" (non fonctionnel) + Poign\u00e9e en forme de D \u00e0 la mode + Couvercle magn\u00e9tique incurv\u00e9 + Couleur unie et simple (vert paon). fond plat avec clous. Son design structur\u00e9 lui permet de tenir debout facilement. Il peut \u00eatre utilis\u00e9 comme sac \u00e0 main pour femmes, sacoche, sac \u00e0 main \u00e0 poign\u00e9e sup\u00e9rieure, sac de travail, fourre-tout \u00e0 la mode, etc.<\/span><\/p>\n<div><span style=\"color: #7a90b2;\"><br \/>\n* DIMENSION : Sac - 21*20*10CM (forme carr\u00e9e) Poids : 2.5 LB. Hauteur des poign\u00e9es : 5\u2033 La bandouli\u00e8re est attach\u00e9e (d\u00e9tachable). Peut contenir un Ipad, un portefeuille, une petite tablette, une trousse de maquillage, etc. Un grand ensemble de sacs \u00e0 main et un choix de cadeau pour les femmes, les dames.<\/span><\/div>\n<div><span style=\"color: #7a90b2;\"><br \/>\n* POCHETTES : 1 compartiment principal \/ 1 poche int\u00e9rieure \u00e0 fermeture \u00e9clair sur la paroi arri\u00e8re \/ 2 poches int\u00e9rieures ouvertes sur le dessus. Suffisamment spacieux pour ranger vos objets quotidiens et organiser vos affaires.<\/span><\/div>\n<div><span style=\"color: #7a90b2;\"><br \/>\n* SERVICE APR\u00c8S-VENTE : Nous offrons un excellent service \u00e0 la client\u00e8le. En cas de probl\u00e8me, n'h\u00e9sitez pas \u00e0 nous contacter par e-mail. Nous vous enverrons un sac de remplacement\/une pi\u00e8ce correspondante dans les plus brefs d\u00e9lais. Les probl\u00e8mes seront r\u00e9solus jusqu'au bout.<\/span><\/div>\n<div><\/div>\n<div><b><span style=\"color: #ffc36d;\">Nous esp\u00e9rons que notre entreprise chaleureuse pourra vous rencontrer amicalement et vous apporter une exp\u00e9rience diff\u00e9rente.<\/span><\/b><\/div>","protected":false},"excerpt":{"rendered":"<p><span data-spm-anchor-id=\"a2700.pc-decorate.0.i6.10bd3333ETWlFj\">Nom : Sac \u00e0 main Lady en li\u00e8ge<\/span><\/p>\n<div>Marque : HZCORK<\/div>\n<div>Couleur : vert paon<\/div>\n<div>Mati\u00e8re : 100% Cuir de li\u00e8ge v\u00e9g\u00e9tal,<\/div>\n<div>Caract\u00e9ristiques du produit : sac \u00e0 main en li\u00e8ge fabriqu\u00e9 \u00e0 partir d'\u00e9corce de ch\u00eane, qui pr\u00e9sente les avantages du cuir v\u00e9g\u00e9talien (100% cruelty-free), imperm\u00e9able et durable. Texture douce et l\u00e9g\u00e8re, ininflammable, r\u00e9sistante \u00e0 l'usure et facile \u00e0 nettoyer, avec un grain naturel fin, des caract\u00e9ristiques de couleur \u00e9l\u00e9gantes.<\/div>","protected":false},"featured_media":11994,"template":"","meta":[],"product_brand":[],"product_cat":[149],"product_tag":[199,284],"class_list":{"0":"post-11993","1":"product","2":"type-product","3":"status-publish","4":"has-post-thumbnail","6":"product_cat-cork-handbags","7":"product_tag-cork-handbags","8":"product_tag-cork-women-handbags","10":"first","11":"instock","12":"shipping-taxable","13":"product-type-simple"},"_links":{"self":[{"href":"https:\/\/hzcork.com\/fr\/wp-json\/wp\/v2\/product\/11993","targetHints":{"allow":["GET"]}}],"collection":[{"href":"https:\/\/hzcork.com\/fr\/wp-json\/wp\/v2\/product"}],"about":[{"href":"https:\/\/hzcork.com\/fr\/wp-json\/wp\/v2\/types\/product"}],"version-history":[{"count":0,"href":"https:\/\/hzcork.com\/fr\/wp-json\/wp\/v2\/product\/11993\/revisions"}],"wp:featuredmedia":[{"embeddable":true,"href":"https:\/\/hzcork.com\/fr\/wp-json\/wp\/v2\/media\/11994"}],"wp:attachment":[{"href":"https:\/\/hzcork.com\/fr\/wp-json\/wp\/v2\/media?parent=11993"}],"wp:term":[{"taxonomy":"product_brand","embeddable":true,"href":"https:\/\/hzcork.com\/fr\/wp-json\/wp\/v2\/product_brand?post=11993"},{"taxonomy":"product_cat","embeddable":true,"href":"https:\/\/hzcork.com\/fr\/wp-json\/wp\/v2\/product_cat?post=11993"},{"taxonomy":"product_tag","embeddable":true,"href":"https:\/\/hzcork.com\/fr\/wp-json\/wp\/v2\/product_tag?post=11993"}],"curies":[{"name":"wp","href":"https:\/\/api.w.org\/{rel}","templated":true}]}}