{"id":11983,"date":"2021-11-26T19:30:21","date_gmt":"2021-11-26T11:30:21","guid":{"rendered":"http:\/\/hzcork.com\/?post_type=product&#038;p=11983"},"modified":"2021-12-11T14:09:53","modified_gmt":"2021-12-11T06:09:53","slug":"white-cork-leather-women-handbag","status":"publish","type":"product","link":"https:\/\/hzcork.com\/fr\/white-cork-leather-women-handbag\/","title":{"rendered":"Sac \u00e0 main pour femmes en cuir de li\u00e8ge blanc"},"content":{"rendered":"<p><span style=\"color: #7a90b2;\">* MAT\u00c9RIAU : 100% cuir v\u00e9g\u00e9talien (cuir de li\u00e8ge) avec des textures naturelles. Aucun animal n'a \u00e9t\u00e9 bless\u00e9.<br \/>\n* DESIGN : D\u00e9coration de la fermeture en forme de fleur + Couverture de l'enveloppe + Couleur simple un ton (blanc Texture li\u00e8ge). <\/span><\/p>\n<div><span style=\"color: #7a90b2;\"><span style=\"color: #7a90b2;\">Fond plat avec clous. Son design structur\u00e9 lui permet de tenir debout tout seul. Il peut \u00eatre utilis\u00e9 comme sac \u00e0 main pour femmes,<br \/>\nsacoche, sac \u00e0 main \u00e0 poign\u00e9e sup\u00e9rieure, sac de travail, fourre-tout de mode, etc.<br \/>\n* DIMENSION : Sac - 26*18*10CM (forme rectangulaire) Poids : 2.5 LB. Hauteur des poign\u00e9es : 5\u2033 La bandouli\u00e8re est attach\u00e9e (d\u00e9tachable) + la sangle de cha\u00eene (non d\u00e9tachable). Peut contenir un Ipad, un portefeuille, une petite tablette, une trousse de maquillage, etc. Un sac \u00e0 main id\u00e9al pour les femmes et un cadeau id\u00e9al pour les dames.<\/span><\/span>* POCHETTES : 1 compartiment principal \/ 1 poche int\u00e9rieure \u00e0 fermeture \u00e9clair sur la paroi arri\u00e8re \/ 2 poches int\u00e9rieures ouvertes sur le dessus. Suffisamment spacieux pour ranger vos objets quotidiens et organiser vos affaires.* SERVICE APR\u00c8S-VENTE : Nous offrons un excellent service \u00e0 la client\u00e8le. Si vous avez des probl\u00e8mes, n'h\u00e9sitez pas \u00e0 nous contacter par email. Nous vous enverrons un sac de remplacement\/une pi\u00e8ce correspondante dans les plus brefs d\u00e9lais. Les probl\u00e8mes seront r\u00e9solus jusqu'au bout.<\/div>\n<div><span style=\"color: #ea9924;\"><b>Nous esp\u00e9rons que notre entreprise chaleureuse pourra vous rencontrer amicalement et vous apporter une exp\u00e9rience diff\u00e9rente.<\/b><\/span><\/div>","protected":false},"excerpt":{"rendered":"<p><span data-spm-anchor-id=\"a2700.pc-decorate.0.i1.65743333BPP4Zg\">Nom : Sac \u00e0 cha\u00eene en li\u00e8ge blanc<\/span><\/p>\n<div>Marque : HZCORK<\/div>\n<div>Couleur : blanc<\/div>\n<div>Mat\u00e9riau : Li\u00e8ge<\/div>\n<div>Caract\u00e9ristiques du produit : sac en li\u00e8ge fabriqu\u00e9 \u00e0 partir d'\u00e9corce de ch\u00eane, qui pr\u00e9sente les avantages du cuir v\u00e9g\u00e9talien (100% sans animaux), imperm\u00e9able et r\u00e9sistant aux taches.<\/div>\n<div>Texture lisse et agr\u00e9able au toucher, ininflammable, r\u00e9sistante \u00e0 l'usure et facile \u00e0 nettoyer, avec un grain naturel fin et des caract\u00e9ristiques de couleur \u00e9l\u00e9gantes.<\/div>","protected":false},"featured_media":11984,"template":"","meta":[],"product_brand":[],"product_cat":[162,149],"product_tag":[169,199,285],"class_list":{"0":"post-11983","1":"product","2":"type-product","3":"status-publish","4":"has-post-thumbnail","6":"product_cat-cork-crossbody-bags","7":"product_cat-cork-handbags","8":"product_tag-cork-handbag","9":"product_tag-cork-handbags","10":"product_tag-white-cork-bag","12":"first","13":"instock","14":"shipping-taxable","15":"product-type-simple"},"_links":{"self":[{"href":"https:\/\/hzcork.com\/fr\/wp-json\/wp\/v2\/product\/11983","targetHints":{"allow":["GET"]}}],"collection":[{"href":"https:\/\/hzcork.com\/fr\/wp-json\/wp\/v2\/product"}],"about":[{"href":"https:\/\/hzcork.com\/fr\/wp-json\/wp\/v2\/types\/product"}],"version-history":[{"count":0,"href":"https:\/\/hzcork.com\/fr\/wp-json\/wp\/v2\/product\/11983\/revisions"}],"wp:featuredmedia":[{"embeddable":true,"href":"https:\/\/hzcork.com\/fr\/wp-json\/wp\/v2\/media\/11984"}],"wp:attachment":[{"href":"https:\/\/hzcork.com\/fr\/wp-json\/wp\/v2\/media?parent=11983"}],"wp:term":[{"taxonomy":"product_brand","embeddable":true,"href":"https:\/\/hzcork.com\/fr\/wp-json\/wp\/v2\/product_brand?post=11983"},{"taxonomy":"product_cat","embeddable":true,"href":"https:\/\/hzcork.com\/fr\/wp-json\/wp\/v2\/product_cat?post=11983"},{"taxonomy":"product_tag","embeddable":true,"href":"https:\/\/hzcork.com\/fr\/wp-json\/wp\/v2\/product_tag?post=11983"}],"curies":[{"name":"wp","href":"https:\/\/api.w.org\/{rel}","templated":true}]}}