{"id":11349,"date":"2021-11-16T17:04:40","date_gmt":"2021-11-16T09:04:40","guid":{"rendered":"http:\/\/hzcork.com\/?post_type=product&#038;p=11349"},"modified":"2021-11-16T17:23:20","modified_gmt":"2021-11-16T09:23:20","slug":"cork-baby-backpack","status":"publish","type":"product","link":"https:\/\/hzcork.com\/fr\/cork-baby-backpack\/","title":{"rendered":"Sac \u00e0 dos en li\u00e8ge pour b\u00e9b\u00e9-Sac \u00e0 dos portable et pliable pour maman"},"content":{"rendered":"<h2 class=\"blockHeader___JO_re\">Description<\/h2>\n<ul>\n<li>Taille du sac de b\u00e9b\u00e9 : 40*30*20CM, largeur d\u00e9pli\u00e9e 70cm, capacit\u00e9 20-35L.<\/li>\n<li>Tissu en li\u00e8ge naturel, respirant, imperm\u00e9able, durable et r\u00e9sistant \u00e0 l'usure.<\/li>\n<li>Structure interne : poche \u00e0 fermeture \u00e9clair, poche pour t\u00e9l\u00e9phone portable, poche pour chargeur portable.<\/li>\n<li>2 poches lat\u00e9rales, pour faciliter l'acc\u00e8s aux mouchoirs.<\/li>\n<li>2 poches isothermes int\u00e9rieures pour le biberon, permettant de garder le biberon au chaud.<\/li>\n<li>Lit b\u00e9b\u00e9 facile \u00e0 ouvrir et \u00e0 plier.<\/li>\n<\/ul>\n<p>&nbsp;<\/p>\n<p>&nbsp;<\/p>","protected":false},"excerpt":{"rendered":"<p>\u00cates-vous inquiet \u00e0 l'id\u00e9e de voyager avec des enfants ou des b\u00e9b\u00e9s ?<\/p>\n<p>Oui, je crois que toutes les mamans doivent penser que c'est une chose horrible de voyager avec son b\u00e9b\u00e9. Mais ce n'est plus le cas avec ce sac \u00e0 dos pour b\u00e9b\u00e9.<\/p>\n<p>Notre sac \u00e0 dos pour b\u00e9b\u00e9 est portable et pliable, l'ouverture et le pliage sont tr\u00e8s faciles, vous pouvez faire dormir votre b\u00e9b\u00e9 n'importe o\u00f9 et n'importe quand.<\/p>\n<p>Vous pouvez garder le biberon au chaud et nourrir le b\u00e9b\u00e9 \u00e0 tout moment s'il a envie de pleurer.<\/p>\n<p>Il est si facile d'obtenir le mouchoir en papier lorsque vous en avez besoin, il suffit de le tirer \u00e0 partir de la poche lat\u00e9rale.<\/p>\n<p>Le plus important est que nous utilisons du tissu de li\u00e8ge comme tissu ext\u00e9rieur, c'est un mat\u00e9riau naturel et durable, r\u00e9sistant et imperm\u00e9able.<\/p>\n<p>Il t\u00e9moigne de votre amour pour l'environnement, d'un mode de vie durable, non seulement pour nous-m\u00eames, mais aussi pour nos enfants, la prochaine g\u00e9n\u00e9ration.<\/p>\n<p>\u3010Perfect Gift Ideas for New Parents\u3011Id\u00e9al pour une utilisation comme sac \u00e0 couches de b\u00e9b\u00e9, sac \u00e0 dos de m\u00e8re, sac d'infirmi\u00e8re, fauteuil inclinable pour nouveau-n\u00e9, berceau ext\u00e9rieur. La couleur unisexe permettra au papa et \u00e0 la maman d'utiliser.<\/p>","protected":false},"featured_media":11356,"template":"","meta":[],"product_brand":[],"product_cat":[163],"product_tag":[272,273,254,250,276,275,274,279,278,277],"class_list":{"0":"post-11349","1":"product","2":"type-product","3":"status-publish","4":"has-post-thumbnail","6":"product_cat-cork-backpack","7":"product_tag-baby-bag","8":"product_tag-baby-diaper-bag","9":"product_tag-classic-cork-backpack","10":"product_tag-cork-backpack","11":"product_tag-foldable-baby-backpack","12":"product_tag-foldable-cork-backpack","13":"product_tag-mommy-bag","14":"product_tag-mothers-backpack","15":"product_tag-nurse-bag","16":"product_tag-portable-cork-backpack","18":"first","19":"instock","20":"shipping-taxable","21":"product-type-simple"},"_links":{"self":[{"href":"https:\/\/hzcork.com\/fr\/wp-json\/wp\/v2\/product\/11349","targetHints":{"allow":["GET"]}}],"collection":[{"href":"https:\/\/hzcork.com\/fr\/wp-json\/wp\/v2\/product"}],"about":[{"href":"https:\/\/hzcork.com\/fr\/wp-json\/wp\/v2\/types\/product"}],"version-history":[{"count":0,"href":"https:\/\/hzcork.com\/fr\/wp-json\/wp\/v2\/product\/11349\/revisions"}],"wp:featuredmedia":[{"embeddable":true,"href":"https:\/\/hzcork.com\/fr\/wp-json\/wp\/v2\/media\/11356"}],"wp:attachment":[{"href":"https:\/\/hzcork.com\/fr\/wp-json\/wp\/v2\/media?parent=11349"}],"wp:term":[{"taxonomy":"product_brand","embeddable":true,"href":"https:\/\/hzcork.com\/fr\/wp-json\/wp\/v2\/product_brand?post=11349"},{"taxonomy":"product_cat","embeddable":true,"href":"https:\/\/hzcork.com\/fr\/wp-json\/wp\/v2\/product_cat?post=11349"},{"taxonomy":"product_tag","embeddable":true,"href":"https:\/\/hzcork.com\/fr\/wp-json\/wp\/v2\/product_tag?post=11349"}],"curies":[{"name":"wp","href":"https:\/\/api.w.org\/{rel}","templated":true}]}}