{"id":10455,"date":"2022-01-14T14:55:00","date_gmt":"2022-01-14T06:55:00","guid":{"rendered":"http:\/\/hzcork.com\/?post_type=product&#038;p=10455"},"modified":"2022-01-14T14:55:01","modified_gmt":"2022-01-14T06:55:01","slug":"cork-printed-crossbody-bag-gingko-pattern","status":"publish","type":"product","link":"https:\/\/hzcork.com\/fr\/cork-printed-crossbody-bag-gingko-pattern\/","title":{"rendered":"Sac \u00e0 bandouli\u00e8re imprim\u00e9 en li\u00e8ge Motif Gingko"},"content":{"rendered":"<p>Les sacs crois\u00e9s en li\u00e8ge sont des articles \u00e9l\u00e9gants et pratiques, car ils peuvent \u00eatre port\u00e9s sur le corps, ce qui permet d'avoir les mains libres.<\/p>\n<p>Le tissu en li\u00e8ge est durable, imperm\u00e9able et r\u00e9sistant aux taches. Les sacs peuvent \u00eatre nettoy\u00e9s \u00e0 l'aide d'un chiffon doux humide et d'un savon doux.<\/p>\n<p>Utilisez de l'eau pour enlever le savon afin de conserver l'aspect neuf de l'appareil.<\/p>\n<p>Le motif est r\u00e9alis\u00e9 par impression num\u00e9rique.<\/p>","protected":false},"excerpt":{"rendered":"<div>Marque : HZCORK<\/div>\n<div>Couleur : naturel<\/div>\n<div>Mati\u00e8re : 100% Cuir de li\u00e8ge v\u00e9g\u00e9tal,<\/div>\n<div>Caract\u00e9ristiques du produit :<\/div>\n<p>Sac \u00e0 bandouli\u00e8re imprim\u00e9, \u00e9l\u00e9gant et \u00e9thique, fabriqu\u00e9 en li\u00e8ge durable de haute qualit\u00e9.<\/p>\n<p>Le sac a une tr\u00e8s grande capacit\u00e9 gr\u00e2ce au mat\u00e9riau souple qui se plie facilement.<\/p>\n<p>Fabriqu\u00e9 en tissu de li\u00e8ge de haute qualit\u00e9, avec une doublure douce, des coutures renforc\u00e9es et un interrupteur ext\u00e9rieur pratique sur le dessus.<\/p>\n<p>Le motif des feuilles de ginkgo met en valeur l'aspect du sac. Il peut \u00eatre photographi\u00e9 en diverses occasions.<\/p>","protected":false},"featured_media":10459,"template":"","meta":[],"product_brand":[],"product_cat":[162],"product_tag":[],"class_list":{"0":"post-10455","1":"product","2":"type-product","3":"status-publish","4":"has-post-thumbnail","6":"product_cat-cork-crossbody-bags","8":"first","9":"instock","10":"shipping-taxable","11":"product-type-simple"},"_links":{"self":[{"href":"https:\/\/hzcork.com\/fr\/wp-json\/wp\/v2\/product\/10455","targetHints":{"allow":["GET"]}}],"collection":[{"href":"https:\/\/hzcork.com\/fr\/wp-json\/wp\/v2\/product"}],"about":[{"href":"https:\/\/hzcork.com\/fr\/wp-json\/wp\/v2\/types\/product"}],"version-history":[{"count":0,"href":"https:\/\/hzcork.com\/fr\/wp-json\/wp\/v2\/product\/10455\/revisions"}],"wp:featuredmedia":[{"embeddable":true,"href":"https:\/\/hzcork.com\/fr\/wp-json\/wp\/v2\/media\/10459"}],"wp:attachment":[{"href":"https:\/\/hzcork.com\/fr\/wp-json\/wp\/v2\/media?parent=10455"}],"wp:term":[{"taxonomy":"product_brand","embeddable":true,"href":"https:\/\/hzcork.com\/fr\/wp-json\/wp\/v2\/product_brand?post=10455"},{"taxonomy":"product_cat","embeddable":true,"href":"https:\/\/hzcork.com\/fr\/wp-json\/wp\/v2\/product_cat?post=10455"},{"taxonomy":"product_tag","embeddable":true,"href":"https:\/\/hzcork.com\/fr\/wp-json\/wp\/v2\/product_tag?post=10455"}],"curies":[{"name":"wp","href":"https:\/\/api.w.org\/{rel}","templated":true}]}}