{"id":10446,"date":"2021-11-03T18:21:56","date_gmt":"2021-11-03T10:21:56","guid":{"rendered":"http:\/\/hzcork.com\/?post_type=product&#038;p=10446"},"modified":"2021-11-25T18:33:09","modified_gmt":"2021-11-25T10:33:09","slug":"metal-zip-closure-cork-coin-purse","status":"publish","type":"product","link":"https:\/\/hzcork.com\/fr\/metal-zip-closure-cork-coin-purse\/","title":{"rendered":"Porte-monnaie en li\u00e8ge \u00e0 fermeture \u00e9clair en m\u00e9tal"},"content":{"rendered":"<p>Fonctionnalit\u00e9 :<\/p>\n<ul>\n<li>pochette \u00e0 main porte-monnaie en li\u00e8ge.<\/li>\n<li>Fermeture \u00e0 glissi\u00e8re en m\u00e9tal, facile \u00e0 ouvrir et \u00e0 fermer, sans rouille.<\/li>\n<li>doublure en coton.<\/li>\n<li>Diff\u00e9rents motifs d'impression sont disponibles. L'impression personnalis\u00e9e est la bienvenue.<\/li>\n<\/ul>\n<p class=\"wt-text-body-01 wt-break-word\" data-product-details-description-text-content=\"\">Taille et forme<br \/>\n- Hauteur : 4 \"<br \/>\n- Longueur : 4 \"<br \/>\n- Largeur : 1 \"<\/p>","protected":false},"excerpt":{"rendered":"<div class=\"wt-m-xs-2\">\n<div id=\"machine-translation-notice\" class=\"machine-translation-notice translated\">\n<div class=\"translated-block\">\n<div class=\"translate-button\">Porte-monnaie en li\u00e8ge avec fermeture \u00e0 glissi\u00e8re en m\u00e9tal, facile \u00e0 tenir en main, pratique pour ranger vos pi\u00e8ces de monnaie.<\/div>\n<div class=\"translate-button\">Mise en valeur :<\/div>\n<ul>\n<li class=\"translate-button\">100% li\u00e8ge naturel, durable et l\u00e9ger.<\/li>\n<li>Li\u00e8ge r\u00e9sistant aux rayures, longue dur\u00e9e de vie.<\/li>\n<li>Le mod\u00e8le d'impression OEM est disponible. Fermeture \u00e0 glissi\u00e8re en m\u00e9tal robuste.<\/li>\n<li>combinant \u00e0 la fois fonction pratique et respect de l'environnement.<\/li>\n<\/ul>\n<\/div>\n<\/div>\n<\/div>\n<div data-id=\"description-text\">\n<div id=\"wt-content-toggle-product-details-read-more\" class=\"wt-content-toggle__body wt-content-toggle__body--truncated-03 wt-content-toggle__body--truncated\" aria-hidden=\"false\">\n<p class=\"wt-text-body-01 wt-break-word\" data-product-details-description-text-content=\"\">Cuir de li\u00e8ge v\u00e9g\u00e9talien, 100% sans animaux.<br \/>\nFabriqu\u00e9 \u00e0 la main en Chine avec un mat\u00e9riel robuste.<\/p>\n<p>contenu<br \/>\n- Coquille : Tissu de coton<br \/>\n- Doublure : li\u00e8ge<\/p>\n<\/div>\n<\/div>","protected":false},"featured_media":10450,"template":"","meta":[],"product_brand":[],"product_cat":[150,161],"product_tag":[266,267,185,264,265],"class_list":{"0":"post-10446","1":"product","2":"type-product","3":"status-publish","4":"has-post-thumbnail","6":"product_cat-cork-wallets","7":"product_cat-cork-purse","8":"product_tag-cork-cluth-bag","9":"product_tag-cork-cluth-purse","10":"product_tag-cork-coin-purse","11":"product_tag-cork-purse","12":"product_tag-metal-cork-purse","14":"first","15":"instock","16":"shipping-taxable","17":"product-type-simple"},"_links":{"self":[{"href":"https:\/\/hzcork.com\/fr\/wp-json\/wp\/v2\/product\/10446","targetHints":{"allow":["GET"]}}],"collection":[{"href":"https:\/\/hzcork.com\/fr\/wp-json\/wp\/v2\/product"}],"about":[{"href":"https:\/\/hzcork.com\/fr\/wp-json\/wp\/v2\/types\/product"}],"version-history":[{"count":0,"href":"https:\/\/hzcork.com\/fr\/wp-json\/wp\/v2\/product\/10446\/revisions"}],"wp:featuredmedia":[{"embeddable":true,"href":"https:\/\/hzcork.com\/fr\/wp-json\/wp\/v2\/media\/10450"}],"wp:attachment":[{"href":"https:\/\/hzcork.com\/fr\/wp-json\/wp\/v2\/media?parent=10446"}],"wp:term":[{"taxonomy":"product_brand","embeddable":true,"href":"https:\/\/hzcork.com\/fr\/wp-json\/wp\/v2\/product_brand?post=10446"},{"taxonomy":"product_cat","embeddable":true,"href":"https:\/\/hzcork.com\/fr\/wp-json\/wp\/v2\/product_cat?post=10446"},{"taxonomy":"product_tag","embeddable":true,"href":"https:\/\/hzcork.com\/fr\/wp-json\/wp\/v2\/product_tag?post=10446"}],"curies":[{"name":"wp","href":"https:\/\/api.w.org\/{rel}","templated":true}]}}