{"id":10406,"date":"2021-11-03T17:36:51","date_gmt":"2021-11-03T09:36:51","guid":{"rendered":"http:\/\/hzcork.com\/?post_type=product&#038;p=10406"},"modified":"2021-11-25T17:32:57","modified_gmt":"2021-11-25T09:32:57","slug":"cork-wallets-blue-mandala-pattern","status":"publish","type":"product","link":"https:\/\/hzcork.com\/fr\/cork-wallets-blue-mandala-pattern\/","title":{"rendered":"Portefeuilles en li\u00e8ge motif Mandala bleu"},"content":{"rendered":"<p>Fonctionnalit\u00e9 :<\/p>\n<ul>\n<li>une poche int\u00e9rieure zipp\u00e9e, huit poches pour cartes de cr\u00e9dit, deux poches int\u00e9rieures antid\u00e9rapantes et une poign\u00e9e pratique.<\/li>\n<li>une fermeture \u00e0 glissi\u00e8re ext\u00e9rieure, coulissant en douceur, sans rouille.<\/li>\n<li>Doublure en cuir PU ou en tissu composite de li\u00e8ge.<\/li>\n<li>Diff\u00e9rents motifs d'impression sont disponibles. L'impression personnalis\u00e9e est la bienvenue.<\/li>\n<\/ul>\n<p class=\"wt-text-body-01 wt-break-word\" data-product-details-description-text-content=\"\">Taille et forme<br \/>\n- Hauteur : 4 \"<br \/>\n- Longueur : 7.8 \"<br \/>\n- Largeur : 1 \"<\/p>","protected":false},"excerpt":{"rendered":"<div class=\"wt-m-xs-2\">\n<div id=\"machine-translation-notice\" class=\"machine-translation-notice translated\">\n<div class=\"translated-block\">\n<div class=\"translate-button\">Portefeuilles en li\u00e8ge naturel avec des motifs de mandalas bleus, un int\u00e9rieur spacieux pour garder vos objets essentiels organis\u00e9s.<\/div>\n<div class=\"translate-button\">Mise en valeur :<\/div>\n<ul>\n<li class=\"translate-button\">100% li\u00e8ge naturel, durable et l\u00e9ger.<\/li>\n<li>li\u00e8ge r\u00e9sistant aux rayures, longue dur\u00e9e de vie.<\/li>\n<li>ressemble \u00e0 du bois, mais il n'est pas n\u00e9cessaire d'abattre des arbres.<\/li>\n<li>combinent \u00e0 la fois la fonction pratique et le respect de l'environnement.<\/li>\n<\/ul>\n<\/div>\n<\/div>\n<\/div>\n<div data-id=\"description-text\">\n<div id=\"wt-content-toggle-product-details-read-more\" class=\"wt-content-toggle__body wt-content-toggle__body--truncated-03 wt-content-toggle__body--truncated\" aria-hidden=\"false\">\n<p class=\"wt-text-body-01 wt-break-word\" data-product-details-description-text-content=\"\">Cuir de li\u00e8ge v\u00e9g\u00e9talien, 100% sans animaux.<br \/>\nFabriqu\u00e9 \u00e0 la main en Chine avec un mat\u00e9riel robuste.<\/p>\n<p>contenu<br \/>\n- Coquille : Li\u00e8ge<br \/>\n- Doublure : li\u00e8ge<\/p>\n<\/div>\n<\/div>","protected":false},"featured_media":10412,"template":"","meta":[],"product_brand":[],"product_cat":[150,161],"product_tag":[],"class_list":{"0":"post-10406","1":"product","2":"type-product","3":"status-publish","4":"has-post-thumbnail","6":"product_cat-cork-wallets","7":"product_cat-cork-purse","9":"first","10":"instock","11":"shipping-taxable","12":"product-type-simple"},"_links":{"self":[{"href":"https:\/\/hzcork.com\/fr\/wp-json\/wp\/v2\/product\/10406","targetHints":{"allow":["GET"]}}],"collection":[{"href":"https:\/\/hzcork.com\/fr\/wp-json\/wp\/v2\/product"}],"about":[{"href":"https:\/\/hzcork.com\/fr\/wp-json\/wp\/v2\/types\/product"}],"version-history":[{"count":0,"href":"https:\/\/hzcork.com\/fr\/wp-json\/wp\/v2\/product\/10406\/revisions"}],"wp:featuredmedia":[{"embeddable":true,"href":"https:\/\/hzcork.com\/fr\/wp-json\/wp\/v2\/media\/10412"}],"wp:attachment":[{"href":"https:\/\/hzcork.com\/fr\/wp-json\/wp\/v2\/media?parent=10406"}],"wp:term":[{"taxonomy":"product_brand","embeddable":true,"href":"https:\/\/hzcork.com\/fr\/wp-json\/wp\/v2\/product_brand?post=10406"},{"taxonomy":"product_cat","embeddable":true,"href":"https:\/\/hzcork.com\/fr\/wp-json\/wp\/v2\/product_cat?post=10406"},{"taxonomy":"product_tag","embeddable":true,"href":"https:\/\/hzcork.com\/fr\/wp-json\/wp\/v2\/product_tag?post=10406"}],"curies":[{"name":"wp","href":"https:\/\/api.w.org\/{rel}","templated":true}]}}