{"id":3358,"date":"2021-08-26T02:04:01","date_gmt":"2021-08-26T02:04:01","guid":{"rendered":"http:\/\/hzcork.com\/?page_id=3358"},"modified":"2025-05-27T19:17:40","modified_gmt":"2025-05-27T11:17:40","slug":"faq","status":"publish","type":"page","link":"https:\/\/hzcork.com\/fr\/faq\/","title":{"rendered":"FAQ"},"content":{"rendered":"<div data-elementor-type=\"wp-page\" data-elementor-id=\"3358\" class=\"elementor elementor-3358\" data-elementor-settings=\"{&quot;ha_cmc_init_switcher&quot;:&quot;no&quot;}\" data-elementor-post-type=\"page\">\n\t\t\t\t<div class=\"elementor-element elementor-element-8dece54 e-flex e-con-boxed e-con e-parent\" data-id=\"8dece54\" data-element_type=\"container\" data-settings=\"{&quot;_ha_eqh_enable&quot;:false}\">\n\t\t\t\t\t<div class=\"e-con-inner\">\n\t\t<div class=\"elementor-element elementor-element-1d969f2 e-con-full e-flex e-con e-child\" data-id=\"1d969f2\" data-element_type=\"container\" data-settings=\"{&quot;background_background&quot;:&quot;classic&quot;,&quot;_ha_eqh_enable&quot;:false}\">\n\t\t\t\t<div class=\"elementor-element elementor-element-bd20325 elementor-widget__width-auto elementor-absolute elementor-view-default elementor-widget elementor-widget-icon\" data-id=\"bd20325\" data-element_type=\"widget\" data-settings=\"{&quot;_position&quot;:&quot;absolute&quot;}\" data-widget_type=\"icon.default\">\n\t\t\t\t<div class=\"elementor-widget-container\">\n\t\t\t\t\t\t\t<div class=\"elementor-icon-wrapper\">\n\t\t\t<div class=\"elementor-icon\">\n\t\t\t\t\t\t<\/div>\n\t\t<\/div>\n\t\t\t\t\t\t<\/div>\n\t\t\t\t<\/div>\n\t\t<div class=\"elementor-element elementor-element-9411fa6 e-con-full e-flex e-con e-child\" data-id=\"9411fa6\" data-element_type=\"container\" data-settings=\"{&quot;background_background&quot;:&quot;classic&quot;,&quot;_ha_eqh_enable&quot;:false}\">\n\t\t<div class=\"elementor-element elementor-element-beb9c72 e-con-full e-flex e-con e-child\" data-id=\"beb9c72\" data-element_type=\"container\" data-settings=\"{&quot;_ha_eqh_enable&quot;:false}\">\n\t\t\t\t<div class=\"elementor-element elementor-element-9c17836 elementor-widget elementor-widget-heading\" data-id=\"9c17836\" data-element_type=\"widget\" data-widget_type=\"heading.default\">\n\t\t\t\t<div class=\"elementor-widget-container\">\n\t\t\t\t\t<h1 class=\"elementor-heading-title elementor-size-default\">FAQ sur le tissu de li\u00e8ge<\/h1>\t\t\t\t<\/div>\n\t\t\t\t<\/div>\n\t\t\t\t<div class=\"elementor-element elementor-element-bd97193 elementor-widget elementor-widget-heading\" data-id=\"bd97193\" data-element_type=\"widget\" data-widget_type=\"heading.default\">\n\t\t\t\t<div class=\"elementor-widget-container\">\n\t\t\t\t\t<h2 class=\"elementor-heading-title elementor-size-default\">Nous sommes l\u00e0 pour vous aider \u00e0 r\u00e9pondre \u00e0 toutes vos questions<\/h2>\t\t\t\t<\/div>\n\t\t\t\t<\/div>\n\t\t\t\t<\/div>\n\t\t\t\t<\/div>\n\t\t<div class=\"elementor-element elementor-element-c78f21c e-con-full e-flex e-con e-child\" data-id=\"c78f21c\" data-element_type=\"container\" data-settings=\"{&quot;_ha_eqh_enable&quot;:false}\">\n\t\t<div class=\"elementor-element elementor-element-ce83f56 e-con-full e-flex e-con e-child\" data-id=\"ce83f56\" data-element_type=\"container\" data-settings=\"{&quot;_ha_eqh_enable&quot;:false}\">\n\t\t\t\t<div class=\"elementor-element elementor-element-a0a3715 ha-infobox-media-dir-top elementor-widget elementor-widget-ha-infobox happy-addon ha-infobox\" data-id=\"a0a3715\" data-element_type=\"widget\" data-widget_type=\"ha-infobox.default\">\n\t\t\t\t<div class=\"elementor-widget-container\">\n\t\t\t\t\t\n\t\t\n\t\t<div class=\"ha-infobox-body\">\n\t\t\t<h3 class=\"ha-infobox-title\">Qu'est-ce que le li\u00e8ge et pourquoi est-ce un mat\u00e9riau durable ?<\/h3>\n\t\t\t\t\t\t\t<div class=\"ha-infobox-text\">\n\t\t\t\t\t<p>Le li\u00e8ge est obtenu \u00e0 partir de l'\u00e9corce du ch\u00eane-li\u00e8ge. Les arbres vivent dans la r\u00e9gion m\u00e9diterran\u00e9enne, en particulier dans les zones rurales du sud du Portugal, o\u00f9 ils peuvent vivre jusqu'\u00e0 200 ans. Comme l'arbre ne doit pas \u00eatre coup\u00e9 pendant la saison des r\u00e9coltes, les \u00e9corces se r\u00e9g\u00e9n\u00e8rent au bout de 8 \u00e0 9 ans.\n\n<\/p>\n\t\t\t\t<\/div>\n\t\t\t\n\t\t\t\t\t<\/div>\n\t\t\t\t\t\t<\/div>\n\t\t\t\t<\/div>\n\t\t\t\t<div class=\"elementor-element elementor-element-4ba44c4 ha-infobox-media-dir-top elementor-widget elementor-widget-ha-infobox happy-addon ha-infobox\" data-id=\"4ba44c4\" data-element_type=\"widget\" data-widget_type=\"ha-infobox.default\">\n\t\t\t\t<div class=\"elementor-widget-container\">\n\t\t\t\t\t\n\t\t\n\t\t<div class=\"ha-infobox-body\">\n\t\t\t<h3 class=\"ha-infobox-title\">Comment le tissu de li\u00e8ge est-il fabriqu\u00e9 ? Quelle colle avez-vous utilis\u00e9e ?<\/h3>\n\t\t\t\t\t\t\t<div class=\"ha-infobox-text\">\n\t\t\t\t\t<p>Des feuilles de li\u00e8ge tr\u00e8s fines sont pel\u00e9es \u00e0 la machine \u00e0 partir de l'\u00e9corce du ch\u00eane-li\u00e8ge et coll\u00e9es sur un support textile. Nous utilisons une colle \u00e0 base d'eau (fabriqu\u00e9e \u00e0 partir de latex), sans odeur et respectueuse de notre sant\u00e9.\n\n<\/p>\n\t\t\t\t<\/div>\n\t\t\t\n\t\t\t\t\t<\/div>\n\t\t\t\t\t\t<\/div>\n\t\t\t\t<\/div>\n\t\t\t\t<div class=\"elementor-element elementor-element-4d10fd4 ha-infobox-media-dir-top elementor-widget elementor-widget-ha-infobox happy-addon ha-infobox\" data-id=\"4d10fd4\" data-element_type=\"widget\" data-widget_type=\"ha-infobox.default\">\n\t\t\t\t<div class=\"elementor-widget-container\">\n\t\t\t\t\t\n\t\t\n\t\t<div class=\"ha-infobox-body\">\n\t\t\t<h3 class=\"ha-infobox-title\">Quel type de support en tissu de li\u00e8ge avez-vous utilis\u00e9 ?<\/h3>\n\t\t\t\t\t\t\t<div class=\"ha-infobox-text\">\n\t\t\t\t\t<p>Notre processus de fabrication nous permet de travailler avec diff\u00e9rents supports.<br>\n- Support TC (\u00e9paisseur de 0,25 mm, 0,55 et 0,8 mm) ou tissu TC recycl\u00e9.<br>\n- Support en cuir PU (0,65 mm).<br>\n- support en microfibre (0,65 mm, 1,0 mm).<br>\n -Support en coton ou en lin (0,3 mm).<br>\n- support en toile (0,9 mm).<br>\n- fibre de soja + support en fibre de tencel ou de ma\u00efs.<br>\n- support en papier craft (0,2 mm).<br><\/p>\n\t\t\t\t<\/div>\n\t\t\t\n\t\t\t\t\t<\/div>\n\t\t\t\t\t\t<\/div>\n\t\t\t\t<\/div>\n\t\t\t\t<div class=\"elementor-element elementor-element-740874e ha-infobox-media-dir-top elementor-widget elementor-widget-ha-infobox happy-addon ha-infobox\" data-id=\"740874e\" data-element_type=\"widget\" data-widget_type=\"ha-infobox.default\">\n\t\t\t\t<div class=\"elementor-widget-container\">\n\t\t\t\t\t\n\t\t\n\t\t<div class=\"ha-infobox-body\">\n\t\t\t<h3 class=\"ha-infobox-title\">\u00c0 quoi peut servir le tissu Cork ?<\/h3>\n\t\t\t\t\t\t\t<div class=\"ha-infobox-text\">\n\t\t\t\t\t<p>Vous pouvez l'utiliser pour fabriquer des sacs, des portefeuilles et des porte-monnaie, des projets de bricolage, des semelles et des empeignes de chaussures, des tapis et des blocs de yoga ou du papier peint d'ameublement. Le tissu de li\u00e8ge est un mat\u00e9riau \u00e9cologique, qui constitue une excellente alternative au cuir ou au vinyle.\u00a0<\/p>\n\t\t\t\t<\/div>\n\t\t\t\n\t\t\t\t\t<\/div>\n\t\t\t\t\t\t<\/div>\n\t\t\t\t<\/div>\n\t\t\t\t<\/div>\n\t\t<div class=\"elementor-element elementor-element-5fb7a6c e-con-full e-flex e-con e-child\" data-id=\"5fb7a6c\" data-element_type=\"container\" data-settings=\"{&quot;_ha_eqh_enable&quot;:false}\">\n\t\t\t\t<div class=\"elementor-element elementor-element-1d41be6 ha-infobox-media-dir-top elementor-widget elementor-widget-ha-infobox happy-addon ha-infobox\" data-id=\"1d41be6\" data-element_type=\"widget\" data-widget_type=\"ha-infobox.default\">\n\t\t\t\t<div class=\"elementor-widget-container\">\n\t\t\t\t\t\n\t\t\n\t\t<div class=\"ha-infobox-body\">\n\t\t\t<h3 class=\"ha-infobox-title\">Puis-je personnaliser mon propre motif sur le tissu de li\u00e8ge ? Quel est le co\u00fbt de revient ?<\/h3>\n\t\t\t\t\t\t\t<div class=\"ha-infobox-text\">\n\t\t\t\t\t<p>Oui, nous acceptons les mod\u00e8les OEM de votre choix. S'il s'agit d'une impression en soie, le MOQ est de 300 yards ; s'il s'agit d'une impression num\u00e9rique, le MOQ est de 100 yards. S'il s'agit d'un motif mixte en couleur naturelle, nous pouvons fabriquer des tissus de petite taille (21*32CM, 150 pi\u00e8ces).\n<\/p>\n\t\t\t\t<\/div>\n\t\t\t\n\t\t\t\t\t<\/div>\n\t\t\t\t\t\t<\/div>\n\t\t\t\t<\/div>\n\t\t\t\t<div class=\"elementor-element elementor-element-ebd6f35 ha-infobox-media-dir-top elementor-widget elementor-widget-ha-infobox happy-addon ha-infobox\" data-id=\"ebd6f35\" data-element_type=\"widget\" data-widget_type=\"ha-infobox.default\">\n\t\t\t\t<div class=\"elementor-widget-container\">\n\t\t\t\t\t\n\t\t\n\t\t<div class=\"ha-infobox-body\">\n\t\t\t<h3 class=\"ha-infobox-title\">Quelle est la taille du tissu de li\u00e8ge ? Puis-je avoir ma propre taille ?<\/h3>\n\t\t\t\t\t\t\t<div class=\"ha-infobox-text\">\n\t\t\t\t\t<p>Nous avons deux tailles, la plus grande est de 1.35m de large, emball\u00e9e par rouleaux. L'autre est une feuille de 64*95CM.<br>\n\nOui, nous pouvons d\u00e9couper selon les dimensions demand\u00e9es, par exemple 8 \"X12\".\n<\/p>\n\t\t\t\t<\/div>\n\t\t\t\n\t\t\t\t\t<\/div>\n\t\t\t\t\t\t<\/div>\n\t\t\t\t<\/div>\n\t\t\t\t<div class=\"elementor-element elementor-element-bf18089 ha-infobox-media-dir-top elementor-widget elementor-widget-ha-infobox happy-addon ha-infobox\" data-id=\"bf18089\" data-element_type=\"widget\" data-widget_type=\"ha-infobox.default\">\n\t\t\t\t<div class=\"elementor-widget-container\">\n\t\t\t\t\t\n\t\t\n\t\t<div class=\"ha-infobox-body\">\n\t\t\t<h3 class=\"ha-infobox-title\">Quelle est l'\u00e9paisseur du tissu de li\u00e8ge ? Quel est votre MOQ pour la commande ?<\/h3>\n\t\t\t\t\t\t\t<div class=\"ha-infobox-text\">\n\t\t\t\t\t<p>D'une mani\u00e8re g\u00e9n\u00e9rale, le tissu de li\u00e8ge de la plus haute qualit\u00e9 se situe entre 0,15 et 0,2 mm. Plus il est fin, mieux c'est. En effet, plus il est fin, plus il est doux et bien poli. Il n'est pas facile de le fissurer ou de le casser lorsqu'il est pli\u00e9.\n\n<br>  Nous disposons g\u00e9n\u00e9ralement d'un stock pour les articles courants. Nous acceptons donc de petites quantit\u00e9s, comme un ou deux m\u00e8tres, en guise de test.<\/p>\n\t\t\t\t<\/div>\n\t\t\t\n\t\t\t\t\t<\/div>\n\t\t\t\t\t\t<\/div>\n\t\t\t\t<\/div>\n\t\t\t\t<div class=\"elementor-element elementor-element-0e9346b ha-infobox-media-dir-top elementor-widget elementor-widget-ha-infobox happy-addon ha-infobox\" data-id=\"0e9346b\" data-element_type=\"widget\" data-widget_type=\"ha-infobox.default\">\n\t\t\t\t<div class=\"elementor-widget-container\">\n\t\t\t\t\t\n\t\t\n\t\t<div class=\"ha-infobox-body\">\n\t\t\t<h3 class=\"ha-infobox-title\">Quels sont les avantages de la vente en gros de tissu de li\u00e8ge en Chine plut\u00f4t qu'au Portugal ?<\/h3>\n\t\t\t\t\t\t\t<div class=\"ha-infobox-text\">\n\t\t\t\t\t<p>En un mot, la Chine dispose d'une bien meilleure cha\u00eene industrielle. Nous pouvons produire des articles complexes avec une livraison rapide. Il peut y avoir plus de grossistes au Portugal, mais HZ cork peut garantir que nos prix sont plus comp\u00e9titifs et que notre service d\u00e9passe de loin vos attentes.<\/p>\n\t\t\t\t<\/div>\n\t\t\t\n\t\t\t\t\t<\/div>\n\t\t\t\t\t\t<\/div>\n\t\t\t\t<\/div>\n\t\t\t\t<\/div>\n\t\t<div class=\"elementor-element elementor-element-6b186fb e-con-full e-flex e-con e-child\" data-id=\"6b186fb\" data-element_type=\"container\" data-settings=\"{&quot;_ha_eqh_enable&quot;:false}\">\n\t\t\t\t<div class=\"elementor-element elementor-element-9f844ff ha-infobox-media-dir-top elementor-widget elementor-widget-ha-infobox happy-addon ha-infobox\" data-id=\"9f844ff\" data-element_type=\"widget\" data-widget_type=\"ha-infobox.default\">\n\t\t\t\t<div class=\"elementor-widget-container\">\n\t\t\t\t\t\n\t\t\n\t\t<div class=\"ha-infobox-body\">\n\t\t\t<h3 class=\"ha-infobox-title\">Vous concentrez-vous sur la fabrication de tissus en li\u00e8ge ou de sacs en li\u00e8ge ?<\/h3>\n\t\t\t\t\t\t\t<div class=\"ha-infobox-text\">\n\t\t\t\t\t<p>Oui, nous nous concentrons sur la fabrication de tissus et de sacs en li\u00e8ge. Comme nous disposons d'un stock de tissu, nous pouvons accepter de fabriquer des sacs de li\u00e8ge en petites quantit\u00e9s avec une livraison rapide.<\/p>\n\t\t\t\t<\/div>\n\t\t\t\n\t\t\t\t\t<\/div>\n\t\t\t\t\t\t<\/div>\n\t\t\t\t<\/div>\n\t\t\t\t<div class=\"elementor-element elementor-element-be1e749 ha-infobox-media-dir-top elementor-widget elementor-widget-ha-infobox happy-addon ha-infobox\" data-id=\"be1e749\" data-element_type=\"widget\" data-widget_type=\"ha-infobox.default\">\n\t\t\t\t<div class=\"elementor-widget-container\">\n\t\t\t\t\t\n\t\t\n\t\t<div class=\"ha-infobox-body\">\n\t\t\t<h3 class=\"ha-infobox-title\">Quelles sont les options de paiement ? Puis-je \u00eatre rembours\u00e9 si les ventes ne sont pas bonnes ?<\/h3>\n\t\t\t\t\t\t\t<div class=\"ha-infobox-text\">\n\t\t\t\t\t<p>Vous pouvez utiliser Western Union, dont les frais sont moins \u00e9lev\u00e9s, ou Alibaba Trade Assurance si vous pouvez accepter des frais l\u00e9g\u00e8rement plus \u00e9lev\u00e9s, mais veuillez noter que pour les nouveaux clients, nous n'acceptons que le 30% T\/T du paiement comme d\u00e9p\u00f4t, le solde \u00e9tant pay\u00e9 apr\u00e8s que les marchandises ont \u00e9t\u00e9 finies et inspect\u00e9es.<\/p>\n\t\t\t\t<\/div>\n\t\t\t\n\t\t\t\t\t<\/div>\n\t\t\t\t\t\t<\/div>\n\t\t\t\t<\/div>\n\t\t\t\t<div class=\"elementor-element elementor-element-93877f6 ha-infobox-media-dir-top elementor-widget elementor-widget-ha-infobox happy-addon ha-infobox\" data-id=\"93877f6\" data-element_type=\"widget\" data-widget_type=\"ha-infobox.default\">\n\t\t\t\t<div class=\"elementor-widget-container\">\n\t\t\t\t\t\n\t\t\n\t\t<div class=\"ha-infobox-body\">\n\t\t\t<h3 class=\"ha-infobox-title\">Combien de temps faut-il g\u00e9n\u00e9ralement pour que je re\u00e7oive les marchandises ?<\/h3>\n\t\t\t\t\t\t\t<div class=\"ha-infobox-text\">\n\t\t\t\t\t<p>Cela d\u00e9pend de la rapidit\u00e9 des formalit\u00e9s douani\u00e8res et de la logistique, mais nous pouvons garantir l'exp\u00e9dition des articles en stock en moins de 2 jours ouvrables, et nous avons des clients aux \u00c9tats-Unis et en Europe qui ont re\u00e7u les marchandises en moins de 2 semaines.<\/p>\n\t\t\t\t<\/div>\n\t\t\t\n\t\t\t\t\t<\/div>\n\t\t\t\t\t\t<\/div>\n\t\t\t\t<\/div>\n\t\t\t\t<div class=\"elementor-element elementor-element-50678ef ha-infobox-media-dir-top elementor-widget elementor-widget-ha-infobox happy-addon ha-infobox\" data-id=\"50678ef\" data-element_type=\"widget\" data-widget_type=\"ha-infobox.default\">\n\t\t\t\t<div class=\"elementor-widget-container\">\n\t\t\t\t\t\n\t\t\n\t\t<div class=\"ha-infobox-body\">\n\t\t\t<h3 class=\"ha-infobox-title\">Comment emballez-vous et exp\u00e9diez-vous les marchandises ?<\/h3>\n\t\t\t\t\t\t\t<div class=\"ha-infobox-text\">\n\t\t\t\t\t<p>Nous emballons le tissu de li\u00e8ge par rouleaux, 50 yards par rouleau, poids brut 25-35kgs, 150*25*25cm. Exp\u00e9dition possible par avion ou par bateau.<\/p>\n\t\t\t\t<\/div>\n\t\t\t\n\t\t\t\t\t<\/div>\n\t\t\t\t\t\t<\/div>\n\t\t\t\t<\/div>\n\t\t\t\t<\/div>\n\t\t\t\t<\/div>\n\t\t\t\t<\/div>\n\t\t\t\t\t<\/div>\n\t\t\t\t<\/div>\n\t\t\t\t<\/div>","protected":false},"excerpt":{"rendered":"<p>FAQ sur le tissu en li\u00e8ge Nous sommes l\u00e0 pour r\u00e9pondre \u00e0 toutes vos questions Qu'est-ce que le li\u00e8ge et pourquoi est-ce un mat\u00e9riau durable ? Le li\u00e8ge est obtenu \u00e0 partir de l'\u00e9corce du ch\u00eane-li\u00e8ge. Les arbres vivent dans la r\u00e9gion m\u00e9diterran\u00e9enne, en particulier dans les zones rurales du sud du Portugal - o\u00f9 les arbres peuvent [...]<\/p>","protected":false},"author":1,"featured_media":0,"parent":0,"menu_order":5,"comment_status":"closed","ping_status":"closed","template":"elementor_header_footer","meta":{"footnotes":""},"class_list":["post-3358","page","type-page","status-publish","hentry"],"_links":{"self":[{"href":"https:\/\/hzcork.com\/fr\/wp-json\/wp\/v2\/pages\/3358","targetHints":{"allow":["GET"]}}],"collection":[{"href":"https:\/\/hzcork.com\/fr\/wp-json\/wp\/v2\/pages"}],"about":[{"href":"https:\/\/hzcork.com\/fr\/wp-json\/wp\/v2\/types\/page"}],"author":[{"embeddable":true,"href":"https:\/\/hzcork.com\/fr\/wp-json\/wp\/v2\/users\/1"}],"replies":[{"embeddable":true,"href":"https:\/\/hzcork.com\/fr\/wp-json\/wp\/v2\/comments?post=3358"}],"version-history":[{"count":0,"href":"https:\/\/hzcork.com\/fr\/wp-json\/wp\/v2\/pages\/3358\/revisions"}],"wp:attachment":[{"href":"https:\/\/hzcork.com\/fr\/wp-json\/wp\/v2\/media?parent=3358"}],"curies":[{"name":"wp","href":"https:\/\/api.w.org\/{rel}","templated":true}]}}