{"id":3,"date":"2021-05-07T09:38:43","date_gmt":"2021-05-07T09:38:43","guid":{"rendered":"https:\/\/demo.creativethemes.com\/blocksy\/yogi\/?page_id=3"},"modified":"2025-05-27T14:36:15","modified_gmt":"2025-05-27T06:36:15","slug":"privacy-notice","status":"publish","type":"page","link":"https:\/\/hzcork.com\/fr\/privacy-notice\/","title":{"rendered":"Avis de confidentialit\u00e9"},"content":{"rendered":"<div data-elementor-type=\"wp-page\" data-elementor-id=\"3\" class=\"elementor elementor-3\" data-elementor-settings=\"{&quot;ha_cmc_init_switcher&quot;:&quot;no&quot;}\" data-elementor-post-type=\"page\">\n\t\t\t\t\t\t<section class=\"elementor-section elementor-top-section elementor-element elementor-element-400fdfb5 elementor-section-boxed elementor-section-height-default elementor-section-height-default\" data-id=\"400fdfb5\" data-element_type=\"section\" data-e-type=\"section\" data-settings=\"{&quot;_ha_eqh_enable&quot;:false}\">\n\t\t\t\t\t\t<div class=\"elementor-container elementor-column-gap-default\">\n\t\t\t\t\t<div class=\"elementor-column elementor-col-100 elementor-top-column elementor-element elementor-element-5add7e5c\" data-id=\"5add7e5c\" data-element_type=\"column\" data-e-type=\"column\">\n\t\t\t<div class=\"elementor-widget-wrap elementor-element-populated\">\n\t\t\t\t\t\t<div class=\"elementor-element elementor-element-dea1970 elementor-widget elementor-widget-heading\" data-id=\"dea1970\" data-element_type=\"widget\" data-e-type=\"widget\" data-widget_type=\"heading.default\">\n\t\t\t\t<div class=\"elementor-widget-container\">\n\t\t\t\t\t<h1 class=\"elementor-heading-title elementor-size-default\">HZ CORK Avis de confidentialit\u00e9<\/h1>\t\t\t\t<\/div>\n\t\t\t\t<\/div>\n\t\t\t\t<div class=\"elementor-element elementor-element-5a92ceb elementor-widget elementor-widget-text-editor\" data-id=\"5a92ceb\" data-element_type=\"widget\" data-e-type=\"widget\" data-widget_type=\"text-editor.default\">\n\t\t\t\t<div class=\"elementor-widget-container\">\n\t\t\t\t\t\t\t\t\t<p>Votre vie priv\u00e9e est importante pour nous. HZCORK a pour politique de respecter votre vie priv\u00e9e en ce qui concerne toutes les informations que nous pouvons recueillir aupr\u00e8s de vous sur notre site web,\u00a0<a href=\"https:\/\/hzcork.com\/fr\/\">https:\/\/hzcork.com<\/a>et d'autres sites que nous poss\u00e9dons et exploitons.<\/p><p>Nous ne demandons des informations personnelles que lorsque nous en avons r\u00e9ellement besoin pour vous fournir un service. Nous les recueillons par des moyens justes et l\u00e9gaux, en toute connaissance de cause et avec votre consentement. Nous vous informons \u00e9galement des raisons pour lesquelles nous les recueillons et de l'usage qui en sera fait.<\/p><p>Nous ne conservons les informations collect\u00e9es que le temps n\u00e9cessaire pour vous fournir le service demand\u00e9. Les donn\u00e9es que nous stockons sont prot\u00e9g\u00e9es par des moyens commercialement acceptables pour \u00e9viter la perte et le vol, ainsi que l'acc\u00e8s, la divulgation, la copie, l'utilisation ou la modification non autoris\u00e9s.<\/p><p>Nous ne partageons aucune information d'identification personnelle avec le public ou des tiers, sauf si la loi l'exige.<\/p><p>Notre site web peut renvoyer \u00e0 des sites externes qui ne sont pas g\u00e9r\u00e9s par nous. Veuillez noter que nous n'avons aucun contr\u00f4le sur le contenu et les pratiques de ces sites et que nous ne pouvons \u00eatre tenus responsables de leurs politiques respectives en mati\u00e8re de protection de la vie priv\u00e9e.<\/p><p>Vous \u00eates libre de refuser que nous vous demandions vos informations personnelles, \u00e9tant entendu que nous pourrions ne pas \u00eatre en mesure de vous fournir certains des services que vous souhaitez.<\/p><p>En continuant \u00e0 utiliser notre site web, vous acceptez nos pratiques en mati\u00e8re de protection de la vie priv\u00e9e et des informations personnelles. Si vous avez des questions sur la mani\u00e8re dont nous traitons les donn\u00e9es des utilisateurs et les informations personnelles, n'h\u00e9sitez pas \u00e0 nous contacter.<\/p><p>Cette politique entre en vigueur le 4 septembre 2021.<\/p>\t\t\t\t\t\t\t\t<\/div>\n\t\t\t\t<\/div>\n\t\t\t\t\t<\/div>\n\t\t<\/div>\n\t\t\t\t\t<\/div>\n\t\t<\/section>\n\t\t\t\t<\/div>","protected":false},"excerpt":{"rendered":"<p>Avis de confidentialit\u00e9 HZ CORK Votre vie priv\u00e9e est importante pour nous. La politique de HZCORK est de respecter votre vie priv\u00e9e en ce qui concerne les informations que nous pouvons recueillir sur notre site web, https:\/\/hzcork.com, et sur d'autres sites que nous poss\u00e9dons et exploitons. Nous ne demandons des informations personnelles que lorsque nous en avons r\u00e9ellement besoin pour vous fournir un service. Nous recueillons [...]<\/p>","protected":false},"author":1,"featured_media":0,"parent":0,"menu_order":7,"comment_status":"closed","ping_status":"closed","template":"","meta":{"footnotes":""},"class_list":["post-3","page","type-page","status-publish","hentry"],"_links":{"self":[{"href":"https:\/\/hzcork.com\/fr\/wp-json\/wp\/v2\/pages\/3","targetHints":{"allow":["GET"]}}],"collection":[{"href":"https:\/\/hzcork.com\/fr\/wp-json\/wp\/v2\/pages"}],"about":[{"href":"https:\/\/hzcork.com\/fr\/wp-json\/wp\/v2\/types\/page"}],"author":[{"embeddable":true,"href":"https:\/\/hzcork.com\/fr\/wp-json\/wp\/v2\/users\/1"}],"replies":[{"embeddable":true,"href":"https:\/\/hzcork.com\/fr\/wp-json\/wp\/v2\/comments?post=3"}],"version-history":[{"count":0,"href":"https:\/\/hzcork.com\/fr\/wp-json\/wp\/v2\/pages\/3\/revisions"}],"wp:attachment":[{"href":"https:\/\/hzcork.com\/fr\/wp-json\/wp\/v2\/media?parent=3"}],"curies":[{"name":"wp","href":"https:\/\/api.w.org\/{rel}","templated":true}]}}