{"id":7448,"date":"2021-09-16T04:58:12","date_gmt":"2021-09-16T04:58:12","guid":{"rendered":"http:\/\/hzcork.com\/?post_type=product&#038;p=7448"},"modified":"2021-09-28T09:06:41","modified_gmt":"2021-09-28T09:06:41","slug":"green-cork-credit-card-case","status":"publish","type":"product","link":"https:\/\/hzcork.com\/es\/green-cork-credit-card-case\/","title":{"rendered":"Funda de corcho verde para tarjetas de cr\u00e9dito"},"content":{"rendered":"<p>P1, \u00bfSon duraderos los corchos?<\/p>\n<p>La estructura alveolar del corcho lo convierte en un excelente aislante t\u00e9rmico y ac\u00fastico. No se agrieta ni se desmorona; de hecho, la calidad y flexibilidad de los productos de tejido de corcho puede compararse a la de los art\u00edculos de cuero.<\/p>\n<p>P2: \u00bfCu\u00e1nto duran los bolsos de corcho?<\/p>\n<p>Como sabe, la parte m\u00e1s importante de las bolsas de corcho es el tejido de corcho, el forro y los herrajes. La tela de corcho es duradera, los herrajes que utilizamos son muy resistentes, por lo que te durar\u00e1n <b>toda una vida<\/b>incluso si las lleva a diario. Tambi\u00e9n utilizamos acolchado suave en el interior para mantener la forma perfecta.<\/p>\n<p>P3: \u00bfC\u00f3mo se conservan las bolsas de corcho?<\/p>\n<p>Mantener limpias las bolsas de corcho puede ser f\u00e1cil, simplemente <b>sumerja una toalla de mano peque\u00f1a en agua caliente<\/b> (mezclado con un poco de jab\u00f3n suave) y frote las manchas o marcas negras de la superficie del corcho.<\/p>\n<p>P4, \u00bfpuedo lavar los bolsos de corcho, son impermeables?<\/p>\n<p>S\u00ed, el corcho es impermeable, puedes mojarlo sin miedo. Piensa en el tap\u00f3n de vino. Pero no aconsejamos sumergir las bolsas de corcho en el agua durante mucho tiempo, ni en la lavadora.<\/p>\n<p>Como el tejido de corcho se adher\u00eda a un soporte textil, la cola era de base acuosa.<\/p>","protected":false},"excerpt":{"rendered":"<p>El tarjetero de corcho es de tacto suave, hecho a mano con cuero vegano, un tejido de corcho libre de crueldad. El tarjetero de corcho es un ingenioso recept\u00e1culo para tus tarjetas de cr\u00e9dito, tarjetas de visita y dinero en efectivo. Es f\u00e1cil de llevar. Tenemos una gran variedad de colores para que elijas, este tarjetero vegano es imprescindible cuando salgas a la calle.<\/p>\n<p><strong>Caracter\u00edsticas: <\/strong><\/p>\n<ul>\n<li>5 ranuras para tarjetas de cr\u00e9dito (2 delante + 3 detr\u00e1s)<\/li>\n<li>Bolsillo central para dinero y billetes doblados<\/li>\n<li>RFID seguro<\/li>\n<li>Correa de nylon plegable dentro del bolsillo central, f\u00e1cil de sacar dinero<\/li>\n<li>Dimensiones: 100 x 80 x 5 (mm)<\/li>\n<\/ul>\n<p>&nbsp;<\/p>","protected":false},"featured_media":8095,"template":"","meta":[],"product_brand":[],"product_cat":[148,161,150],"product_tag":[196,190,189,186,184,195,183,185,191,192,193,197,187,194,188],"class_list":{"0":"post-7448","1":"product","2":"type-product","3":"status-publish","4":"has-post-thumbnail","6":"product_cat-cork-bags","7":"product_cat-cork-purse","8":"product_cat-cork-wallets","9":"product_tag-buiness-card-holder","10":"product_tag-business-card-case","11":"product_tag-cork-business-card-case","12":"product_tag-cork-card-case","13":"product_tag-cork-card-holder","14":"product_tag-cork-card-wallet","15":"product_tag-cork-cardholder","16":"product_tag-cork-coin-purse","17":"product_tag-cork-name-card-case","18":"product_tag-cork-name-card-holder","19":"product_tag-cork-pocket","20":"product_tag-credit-card-holder","21":"product_tag-credit-card-wallet","22":"product_tag-vegan-card-case","23":"product_tag-vegan-leather-wallet","25":"first","26":"instock","27":"shipping-taxable","28":"product-type-simple"},"_links":{"self":[{"href":"https:\/\/hzcork.com\/es\/wp-json\/wp\/v2\/product\/7448","targetHints":{"allow":["GET"]}}],"collection":[{"href":"https:\/\/hzcork.com\/es\/wp-json\/wp\/v2\/product"}],"about":[{"href":"https:\/\/hzcork.com\/es\/wp-json\/wp\/v2\/types\/product"}],"version-history":[{"count":0,"href":"https:\/\/hzcork.com\/es\/wp-json\/wp\/v2\/product\/7448\/revisions"}],"wp:featuredmedia":[{"embeddable":true,"href":"https:\/\/hzcork.com\/es\/wp-json\/wp\/v2\/media\/8095"}],"wp:attachment":[{"href":"https:\/\/hzcork.com\/es\/wp-json\/wp\/v2\/media?parent=7448"}],"wp:term":[{"taxonomy":"product_brand","embeddable":true,"href":"https:\/\/hzcork.com\/es\/wp-json\/wp\/v2\/product_brand?post=7448"},{"taxonomy":"product_cat","embeddable":true,"href":"https:\/\/hzcork.com\/es\/wp-json\/wp\/v2\/product_cat?post=7448"},{"taxonomy":"product_tag","embeddable":true,"href":"https:\/\/hzcork.com\/es\/wp-json\/wp\/v2\/product_tag?post=7448"}],"curies":[{"name":"wp","href":"https:\/\/api.w.org\/{rel}","templated":true}]}}