{"id":6276,"date":"2021-09-09T07:58:40","date_gmt":"2021-09-09T07:58:40","guid":{"rendered":"http:\/\/hzcork.com\/?post_type=product&#038;p=6276"},"modified":"2021-10-19T09:15:53","modified_gmt":"2021-10-19T09:15:53","slug":"natural-sustainable-cork-tote-bag-with-silver-dots","status":"publish","type":"product","link":"https:\/\/hzcork.com\/es\/natural-sustainable-cork-tote-bag-with-silver-dots\/","title":{"rendered":"Bolsa de corcho natural sostenible con lunares plateados"},"content":{"rendered":"<p>P1: \u00bfSon duraderos los bolsos de corcho?<\/p>\n<p>La estructura alveolar del corcho lo convierte en un excelente aislante t\u00e9rmico y ac\u00fastico. El alto coeficiente de fricci\u00f3n del corcho significa tambi\u00e9n que <b>es duradero en situaciones de roce y abrasi\u00f3n regulares<\/b>. Por eso el corcho es un material de referencia incluso para la NASA.<\/p>\n<p>P2: \u00bfCu\u00e1nto duran los bolsos de corcho?<\/p>\n<p>Como sabe, la parte m\u00e1s importante de las bolsas de corcho es el tejido de corcho, el forro y los herrajes. La tela de corcho es duradera, los herrajes que utilizamos son muy resistentes, por lo que te durar\u00e1n <b>toda una vida<\/b>incluso si las lleva a diario. Tambi\u00e9n utilizamos acolchado suave en el interior para mantener la forma perfecta.<\/p>\n<p>P3: \u00bfC\u00f3mo se conservan los bolsos de corcho?<\/p>\n<p>Mantener limpias las bolsas de corcho puede ser f\u00e1cil, simplemente <b>sumerja una toalla de mano peque\u00f1a en agua caliente<\/b> (mezclado con un poco de jab\u00f3n suave) y frote las manchas o marcas negras de la superficie del corcho.<\/p>\n<p>P4, \u00bfpuedo lavar los bolsos de corcho, son impermeables?<\/p>\n<p>S\u00ed, el corcho es impermeable, puedes mojarlo sin miedo. Piensa en el tap\u00f3n de vino. Pero no aconsejamos sumergir las bolsas de corcho en el agua durante mucho tiempo, ni en la lavadora.<\/p>\n<p>Como el tejido de corcho se adher\u00eda a un soporte textil, la cola era de base acuosa.<\/p>","protected":false},"excerpt":{"rendered":"<p>El bolso tote de corcho est\u00e1 hecho a mano con cuero vegano, sin crueldad, resistente y ligero tejido de corcho con estampado l\u00e1ser y lunares de moda.<\/p>\n<p>combinan moda de dise\u00f1o \u00fanico y conciencia ecol\u00f3gica.<\/p>\n<p>- 100% vegano sin animales, aprobado por PETA<\/p>\n<p>- Corcho natural certificado FSC<\/p>\n<p>- Producto fabricado en China con corcho portugu\u00e9s<\/p>\n<p>- Ecol\u00f3gico, duradero, reciclable y suave al tacto<\/p>\n<p><strong>Diferentes patrones y colores para la opci\u00f3n enorme. OEM con dise\u00f1o personalizado es bienvenida.<\/strong><\/p>\n<p><strong>MOQ peque\u00f1o, entrega r\u00e1pida, construcci\u00f3n complicada es Nuestra ventaja.\u00a0<\/strong><\/p>\n<p><strong>Caracter\u00edsticas:<\/strong><\/p>\n<ul>\n<li>dos tirantes s\u00f3lidos (ajustables en longitud)<\/li>\n<li>dos correas de mano circulares<\/li>\n<li>Cierre superior de cremallera met\u00e1lica<\/li>\n<li>interior: 2 bolsillos con cremallera, 2 bolsillos portaobjetos<\/li>\n<li>se adapta a A4 y 15\u2033 macbook<\/li>\n<li>exterior: tejido de corcho sostenible, 1 bolsillo con cremallera.<\/li>\n<li>forro: tejido de algod\u00f3n 100%<\/li>\n<li>hardware: de alta calidad y hardware robusto incluyendo cremallera, anillo en D, hebilla.<\/li>\n<li>corte l\u00e1ser puntos elementos de moda.<\/li>\n<\/ul>\n<p>Tama\u00f1o:32X30X10CM.<\/p>","protected":false},"featured_media":7916,"template":"","meta":[],"product_brand":[],"product_cat":[149,148,162],"product_tag":[171,169,172,170,246,247],"class_list":{"0":"post-6276","1":"product","2":"type-product","3":"status-publish","4":"has-post-thumbnail","6":"product_cat-cork-handbags","7":"product_cat-cork-bags","8":"product_cat-cork-crossbody-bags","9":"product_tag-cork-bags","10":"product_tag-cork-handbag","11":"product_tag-cork-shoulder-bag","12":"product_tag-cork-tote-bag","13":"product_tag-cork-tote-bags","14":"product_tag-cork-vegan-bags","16":"first","17":"instock","18":"shipping-taxable","19":"product-type-simple"},"_links":{"self":[{"href":"https:\/\/hzcork.com\/es\/wp-json\/wp\/v2\/product\/6276","targetHints":{"allow":["GET"]}}],"collection":[{"href":"https:\/\/hzcork.com\/es\/wp-json\/wp\/v2\/product"}],"about":[{"href":"https:\/\/hzcork.com\/es\/wp-json\/wp\/v2\/types\/product"}],"version-history":[{"count":0,"href":"https:\/\/hzcork.com\/es\/wp-json\/wp\/v2\/product\/6276\/revisions"}],"wp:featuredmedia":[{"embeddable":true,"href":"https:\/\/hzcork.com\/es\/wp-json\/wp\/v2\/media\/7916"}],"wp:attachment":[{"href":"https:\/\/hzcork.com\/es\/wp-json\/wp\/v2\/media?parent=6276"}],"wp:term":[{"taxonomy":"product_brand","embeddable":true,"href":"https:\/\/hzcork.com\/es\/wp-json\/wp\/v2\/product_brand?post=6276"},{"taxonomy":"product_cat","embeddable":true,"href":"https:\/\/hzcork.com\/es\/wp-json\/wp\/v2\/product_cat?post=6276"},{"taxonomy":"product_tag","embeddable":true,"href":"https:\/\/hzcork.com\/es\/wp-json\/wp\/v2\/product_tag?post=6276"}],"curies":[{"name":"wp","href":"https:\/\/api.w.org\/{rel}","templated":true}]}}