{"id":14082,"date":"2022-04-08T14:13:11","date_gmt":"2022-04-08T06:13:11","guid":{"rendered":"http:\/\/hzcork.com\/?post_type=product&#038;p=14082"},"modified":"2022-04-08T14:47:07","modified_gmt":"2022-04-08T06:47:07","slug":"blue-trifold-cork-wallet","status":"publish","type":"product","link":"https:\/\/hzcork.com\/es\/blue-trifold-cork-wallet\/","title":{"rendered":"Cartera tr\u00edptico de corcho azul"},"content":{"rendered":"<p>P1: \u00bfSon duraderos los bolsos de corcho?<\/p>\n<p>La estructura alveolar del corcho lo convierte en un excelente aislante t\u00e9rmico y ac\u00fastico. El alto coeficiente de fricci\u00f3n del corcho significa tambi\u00e9n que <b>es duradero en situaciones de roce y abrasi\u00f3n regulares<\/b>. Por eso el corcho es un material de referencia incluso para la NASA.<\/p>\n<p>P2: \u00bfCu\u00e1nto duran los bolsos de corcho?<\/p>\n<p>Como ya sabe, la parte m\u00e1s importante de las bolsas de corcho es el tejido de corcho, el forro y los herrajes. El tejido de corcho es duradero y los herrajes que utilizamos son muy resistentes, por lo que te durar\u00e1n mucho tiempo. <b>toda una vida<\/b>incluso si las lleva a diario. Tambi\u00e9n utilizamos acolchado suave en el interior para mantener la forma perfecta.<\/p>\n<p>P3: \u00bfC\u00f3mo se conservan los bolsos de corcho?<\/p>\n<p>Mantener limpias las bolsas de corcho puede ser f\u00e1cil, simplemente <b>sumerja una toalla de mano peque\u00f1a en agua caliente<\/b> (mezclado con un poco de jab\u00f3n suave) y frote las manchas o marcas negras de la superficie del corcho.<\/p>\n<p>P4, \u00bfpuedo lavar los bolsos de corcho, son impermeables?<\/p>\n<p>S\u00ed, el corcho es impermeable, puedes mojarlo sin miedo. Piensa en el tap\u00f3n de vino. Pero no aconsejamos sumergir las bolsas de corcho en el agua durante mucho tiempo, ni en la lavadora.<\/p>\n<p>Como el tejido de corcho se adher\u00eda a un soporte textil, la cola era de base acuosa.<\/p>","protected":false},"excerpt":{"rendered":"<p>Fabricado con corcho de alta calidad que es bonito y tan resistente como el cuero de alta calidad. El corcho es flexible pero fuerte y duradero. Debido al material natural, no hay dos cortezas de corcho iguales, lo que significa que cada cartera es \u00fanica.<\/p>\n<p>- 100% Material sostenible, sin animales<\/p>\n<p>- Corcho natural certificado FSC<\/p>\n<p>- Producto fabricado en China con corcho portugu\u00e9s<\/p>\n<p>- Ecol\u00f3gico, duradero, reciclable y suave al tacto<\/p>\n<p><strong>Diferentes patrones y colores para la opci\u00f3n enorme. OEM con dise\u00f1o personalizado es bienvenida.<\/strong><\/p>\n<p><strong>MOQ peque\u00f1o, entrega r\u00e1pida y construcci\u00f3n complicada est\u00e1n disponibles. Sin problema de desvanecimiento del color.<\/strong><\/p>\n<p>Caracter\u00edsticas:<\/p>\n<p>Cartera tr\u00edptico con 3 ranuras para tarjetas, 1 bolsillo para billetes, 1 bolsillo para monedas y una correa para el DNI<br \/>\nBolsillo central con cremallera para objetos personales<br \/>\nEl llamativo material es suave, flexible, duradero y fino y ligero, lo que significa que esta genial cartera no a\u00f1adir\u00e1 peso a tus bolsillos.<br \/>\nEl delgado perfil de esta cartera es perfecto para el bolsillo delantero o trasero, reduciendo la tensi\u00f3n en la espalda<\/p>","protected":false},"featured_media":14087,"template":"","meta":[],"product_brand":[],"product_cat":[150],"product_tag":[258],"class_list":{"0":"post-14082","1":"product","2":"type-product","3":"status-publish","4":"has-post-thumbnail","6":"product_cat-cork-wallets","7":"product_tag-cork-wallet","9":"first","10":"instock","11":"shipping-taxable","12":"product-type-simple"},"_links":{"self":[{"href":"https:\/\/hzcork.com\/es\/wp-json\/wp\/v2\/product\/14082","targetHints":{"allow":["GET"]}}],"collection":[{"href":"https:\/\/hzcork.com\/es\/wp-json\/wp\/v2\/product"}],"about":[{"href":"https:\/\/hzcork.com\/es\/wp-json\/wp\/v2\/types\/product"}],"version-history":[{"count":0,"href":"https:\/\/hzcork.com\/es\/wp-json\/wp\/v2\/product\/14082\/revisions"}],"wp:featuredmedia":[{"embeddable":true,"href":"https:\/\/hzcork.com\/es\/wp-json\/wp\/v2\/media\/14087"}],"wp:attachment":[{"href":"https:\/\/hzcork.com\/es\/wp-json\/wp\/v2\/media?parent=14082"}],"wp:term":[{"taxonomy":"product_brand","embeddable":true,"href":"https:\/\/hzcork.com\/es\/wp-json\/wp\/v2\/product_brand?post=14082"},{"taxonomy":"product_cat","embeddable":true,"href":"https:\/\/hzcork.com\/es\/wp-json\/wp\/v2\/product_cat?post=14082"},{"taxonomy":"product_tag","embeddable":true,"href":"https:\/\/hzcork.com\/es\/wp-json\/wp\/v2\/product_tag?post=14082"}],"curies":[{"name":"wp","href":"https:\/\/api.w.org\/{rel}","templated":true}]}}