{"id":12002,"date":"2022-01-14T14:10:42","date_gmt":"2022-01-14T06:10:42","guid":{"rendered":"http:\/\/hzcork.com\/?post_type=product&#038;p=12002"},"modified":"2022-01-14T14:56:22","modified_gmt":"2022-01-14T06:56:22","slug":"bohemian-cork-drawstring-backpack","status":"publish","type":"product","link":"https:\/\/hzcork.com\/es\/bohemian-cork-drawstring-backpack\/","title":{"rendered":"Mochila bohemia de corcho con cord\u00f3n"},"content":{"rendered":"<p>La tela de corcho es un material duradero y atractivo fabricado con aut\u00e9ntica corteza de corcho. La tela de corcho aguanta muy bien el paso del tiempo<br \/>\nMochilas ligeras para todas las edades<br \/>\nImpermeable: Las propiedades naturales del corcho repelen la humedad<br \/>\nEl corcho no se enmohece en climas h\u00famedos<br \/>\nAdem\u00e1s, puedes aplicar aceite para la piel sobre la superficie de corcho para mantenerla suave y flexible con el paso del tiempo.<\/p>","protected":false},"excerpt":{"rendered":"<div>Marca: HZCORK<\/div>\n<div>Color: Natural<\/div>\n<div>Material: 100% Cuero de corcho vegano<\/div>\n<div>Caracter\u00edsticas del producto:<\/div>\n<div>La mochila con cord\u00f3n de corcho es una excelente bolsa ecol\u00f3gica, ligera, elegante y pr\u00e1ctica. Tiene un cierre de cord\u00f3n en la parte superior de la bolsa.<br \/>\nEstas bolsas pueden utilizarse para envases, como bolsas de regalo, y son reutilizables.<br \/>\nEstas bolsas tienen un precio competitivo y son de gran calidad.<br \/>\nEstas mochilas con cord\u00f3n son muy \u00fatiles para quienes buscan espacio de almacenamiento adicional.<br \/>\nRecomendamos lavar las bolsas s\u00f3lo a mano y no plancharlas.<\/div>\n<p>Tama\u00f1o (aproximado): L = 40 cm, H = 44 cm<\/p>\n<p>Adicionales: Tirantes ajustables<\/p>","protected":false},"featured_media":12003,"template":"","meta":[],"product_brand":[],"product_cat":[163],"product_tag":[],"class_list":{"0":"post-12002","1":"product","2":"type-product","3":"status-publish","4":"has-post-thumbnail","6":"product_cat-cork-backpack","8":"first","9":"instock","10":"shipping-taxable","11":"product-type-simple"},"_links":{"self":[{"href":"https:\/\/hzcork.com\/es\/wp-json\/wp\/v2\/product\/12002","targetHints":{"allow":["GET"]}}],"collection":[{"href":"https:\/\/hzcork.com\/es\/wp-json\/wp\/v2\/product"}],"about":[{"href":"https:\/\/hzcork.com\/es\/wp-json\/wp\/v2\/types\/product"}],"version-history":[{"count":0,"href":"https:\/\/hzcork.com\/es\/wp-json\/wp\/v2\/product\/12002\/revisions"}],"wp:featuredmedia":[{"embeddable":true,"href":"https:\/\/hzcork.com\/es\/wp-json\/wp\/v2\/media\/12003"}],"wp:attachment":[{"href":"https:\/\/hzcork.com\/es\/wp-json\/wp\/v2\/media?parent=12002"}],"wp:term":[{"taxonomy":"product_brand","embeddable":true,"href":"https:\/\/hzcork.com\/es\/wp-json\/wp\/v2\/product_brand?post=12002"},{"taxonomy":"product_cat","embeddable":true,"href":"https:\/\/hzcork.com\/es\/wp-json\/wp\/v2\/product_cat?post=12002"},{"taxonomy":"product_tag","embeddable":true,"href":"https:\/\/hzcork.com\/es\/wp-json\/wp\/v2\/product_tag?post=12002"}],"curies":[{"name":"wp","href":"https:\/\/api.w.org\/{rel}","templated":true}]}}